{"id":66,"date":"2017-11-16T18:33:46","date_gmt":"2017-11-16T17:33:46","guid":{"rendered":"http:\/\/localhost\/swv\/?page_id=66"},"modified":"2026-02-06T14:32:17","modified_gmt":"2026-02-06T13:32:17","slug":"wanderfuehrer","status":"publish","type":"page","link":"https:\/\/www.schwarzwaldverein-st-georgen.de\/index.php\/ueber-mich\/wanderfuehrer\/","title":{"rendered":"Wanderf\u00fchrer"},"content":{"rendered":"<h4>Unsere Wanderf\u00fchrer<\/h4>\n<p>erteilen Ihnen gerne Auskunft \u00fcber die von ihnen angebotenen Wanderungen. Sie haben diese Wanderungen ausgearbeitet, erkundet und in der Regel vorgewandert. Fragen zu den Wegeverh\u00e4ltnissen, zu Schwierigkeitsgraden und zum Tagesablauf werden gerne beantwortet. Informationen sind auch jederzeit beim Wanderwart erh\u00e4ltlich.<\/p>\n<dl>\n<dt>Neue Wanderf\u00fchrer sind herzlich willkommen. Melden Sie sich bitte beim Wanderwart.<\/dt>\n<\/dl>\n<p>&nbsp;<\/p>\n<p>&nbsp;<\/p>\n<table border=\"0\" width=\"799\" cellspacing=\"1\" cellpadding=\"0\">\n<tbody>\n<tr valign=\"TOP\">\n<td width=\"300\">Siegfried K\u00f6nig<sup>1<\/sup><\/td>\n<td align=\"left\" width=\"150\">\n<p align=\"left\">07724\/2802<\/p>\n<\/td>\n<td width=\"410\"><a href=\"mailto:wandern@schwarzwaldverein-st-georgen.de?Subject=Wanderf\u00fchrerin Astrid und Thomas Scholz: \">wandern@schwarzwaldverein-st-georgen.de<\/a><\/td>\n<\/tr>\n<tr valign=\"TOP\">\n<td width=\"300\">Doris Krause<sup>2<\/sup><\/td>\n<td align=\"left\" width=\"150\">\n<p align=\"left\">07724\/4798<\/p>\n<\/td>\n<td width=\"410\"><a href=\"mailto:wandern@schwarzwaldverein-st-georgen.de?Subject=Wanderf\u00fchrerin Gabriele Erchinger: \">wandern@schwarzwaldverein-st-georgen.de<\/a><\/td>\n<\/tr>\n<tr valign=\"TOP\">\n<td width=\"300\">Peter Meixner<\/td>\n<td align=\"left\" width=\"150\">\n<p align=\"left\">07724\/916635<\/p>\n<\/td>\n<td width=\"410\"><a href=\"mailto:wandern@schwarzwaldverein-st-georgen.de?Subject=Wanderf\u00fchrer Peter Meixner: \">wandern@schwarzwaldverein-st-georgen.de<\/a><\/td>\n<\/tr>\n<tr valign=\"TOP\">\n<td width=\"300\">Astrid und Thomas Scholz<sup>3<\/sup><\/td>\n<td align=\"left\" width=\"150\">07724\/918838<\/td>\n<td width=\"410\"><a href=\"mailto:wandern@schwarzwaldverein-st-georgen.de?Subject=Wanderf\u00fchrerin Astrid und Thomas Scholz: \">wandern@schwarzwaldverein-st-georgen.de<\/a><\/td>\n<\/tr>\n<tr valign=\"TOP\">\n<td width=\"300\">Kirsten Heinzmann<\/td>\n<td align=\"left\" width=\"150\">07724 \/ 3561<\/td>\n<td width=\"410\"><a href=\"mailto:wandern@schwarzwaldverein-st-georgen.de?Subject=Wanderf\u00fchrerin Astrid und Thomas Scholz: \">wandern@schwarzwaldverein-st-georgen.de<\/a><\/td>\n<\/tr>\n<tr valign=\"TOP\">\n<td width=\"300\">Beate Linhard<\/td>\n<td align=\"left\" width=\"150\">\u00a007724 \/ 4348<\/td>\n<td width=\"410\"><a href=\"mailto:wandern@schwarzwaldverein-st-georgen.de?Subject=Wanderf\u00fchrerin Astrid und Thomas Scholz: \">wandern@schwarzwaldverein-st-georgen.de<\/a><\/td>\n<\/tr>\n<tr valign=\"TOP\">\n<td width=\"300\">Katja Seemann und Martin Begemann<\/td>\n<td align=\"left\" width=\"150\">katja.geht.wandern@hotmail.com 0151\/41820939 (ab18 Uhr)<\/td>\n<td width=\"410\"><a href=\"mailto:wandern@schwarzwaldverein-st-georgen.de?Subject=Wanderf\u00fchrerin Astrid und Thomas Scholz: \">wandern@schwarzwaldverein-st-georgen.de<\/a><\/td>\n<\/tr>\n<\/tbody>\n<\/table>\n<ul style=\"list-style-type: none;\">\n<li><small><small><sup>1<\/sup>Zertifizierter DWV-Wanderf\u00fchrer und zertifizierter Schwarzwald-Guide (Naturpark Schwarzwald Mitte\/Nord)<\/small><\/small><\/li>\n<li><small><small><sup>2<\/sup>Zertifizierter DWV-Wanderf\u00fchrerin ERA-EWV-FERP-Walk Leader, zertifizierte Natur- und Landschaftsf\u00fchrerin Schwarzwald<\/small><\/small><\/li>\n<li><small><small><sup>3<\/sup>Zertifizierter DWV-Wanderf\u00fchrer*in ERA-EWV-FERP-Walk Leader, zertifizierte Natur- und Landschaftsf\u00fchrer*in Schw\u00e4bische Alb und Naturparkf\u00fchrer Obere Donau<\/small><\/small><\/li>\n<\/ul>\n","protected":false},"excerpt":{"rendered":"<p>Unsere Wanderf\u00fchrer erteilen Ihnen gerne Auskunft \u00fcber die von ihnen angebotenen Wanderungen. Sie haben diese Wanderungen ausgearbeitet, erkundet und in der Regel vorgewandert. Fragen zu den Wegeverh\u00e4ltnissen, zu Schwierigkeitsgraden und zum Tagesablauf werden gerne beantwortet. Informationen sind auch jederzeit beim Wanderwart erh\u00e4ltlich. Neue Wanderf\u00fchrer sind herzlich willkommen. Melden Sie sich bitte beim Wanderwart. &nbsp; &nbsp; &hellip; <\/p>\n<p><a class=\"more-link btn\" href=\"https:\/\/www.schwarzwaldverein-st-georgen.de\/index.php\/ueber-mich\/wanderfuehrer\/\">Weiterlesen<\/a><\/p>\n","protected":false},"author":1,"featured_media":0,"parent":19,"menu_order":0,"comment_status":"closed","ping_status":"closed","template":"template-twocolumnsleft.php","meta":{"_price":"","_stock":"","_tribe_ticket_header":"","_tribe_default_ticket_provider":"","_ticket_start_date":"","_ticket_end_date":"","_tribe_ticket_show_description":"","_tribe_ticket_show_not_going":false,"_tribe_ticket_use_global_stock":"","_tribe_ticket_global_stock_level":"","_global_stock_mode":"","_global_stock_cap":"","_tribe_rsvp_for_event":"","_tribe_ticket_going_count":"","_tribe_ticket_not_going_count":"","_tribe_tickets_list":"[]","_tribe_ticket_has_attendee_info_fields":false,"footnotes":"","_tec_slr_enabled":"","_tec_slr_layout":""},"class_list":["post-66","page","type-page","status-publish","hentry","nodate","item-wrap"],"yoast_head":"<!-- This site is optimized with the Yoast SEO plugin v26.8 - https:\/\/yoast.com\/product\/yoast-seo-wordpress\/ -->\n<title>Wanderf\u00fchrer - Schwarzwaldverein St. Georgen e.V.<\/title>\n<meta name=\"robots\" content=\"index, follow, max-snippet:-1, max-image-preview:large, max-video-preview:-1\" \/>\n<link rel=\"canonical\" href=\"https:\/\/www.schwarzwaldverein-st-georgen.de\/index.php\/ueber-mich\/wanderfuehrer\/\" \/>\n<meta property=\"og:locale\" content=\"de_DE\" \/>\n<meta property=\"og:type\" content=\"article\" \/>\n<meta property=\"og:title\" content=\"Wanderf\u00fchrer - Schwarzwaldverein St. Georgen e.V.\" \/>\n<meta property=\"og:description\" content=\"Unsere Wanderf\u00fchrer erteilen Ihnen gerne Auskunft \u00fcber die von ihnen angebotenen Wanderungen. Sie haben diese Wanderungen ausgearbeitet, erkundet und in der Regel vorgewandert. Fragen zu den Wegeverh\u00e4ltnissen, zu Schwierigkeitsgraden und zum Tagesablauf werden gerne beantwortet. Informationen sind auch jederzeit beim Wanderwart erh\u00e4ltlich. Neue Wanderf\u00fchrer sind herzlich willkommen. Melden Sie sich bitte beim Wanderwart. &nbsp; &nbsp; &hellip; Weiterlesen\" \/>\n<meta property=\"og:url\" content=\"https:\/\/www.schwarzwaldverein-st-georgen.de\/index.php\/ueber-mich\/wanderfuehrer\/\" \/>\n<meta property=\"og:site_name\" content=\"Schwarzwaldverein St. Georgen e.V.\" \/>\n<meta property=\"article:modified_time\" content=\"2026-02-06T13:32:17+00:00\" \/>\n<meta name=\"twitter:card\" content=\"summary_large_image\" \/>\n<meta name=\"twitter:label1\" content=\"Gesch\u00e4tzte Lesezeit\" \/>\n\t<meta name=\"twitter:data1\" content=\"1\u00a0Minute\" \/>\n<script type=\"application\/ld+json\" class=\"yoast-schema-graph\">{\"@context\":\"https:\/\/schema.org\",\"@graph\":[{\"@type\":\"WebPage\",\"@id\":\"https:\/\/www.schwarzwaldverein-st-georgen.de\/index.php\/ueber-mich\/wanderfuehrer\/\",\"url\":\"https:\/\/www.schwarzwaldverein-st-georgen.de\/index.php\/ueber-mich\/wanderfuehrer\/\",\"name\":\"Wanderf\u00fchrer - Schwarzwaldverein St. Georgen e.V.\",\"isPartOf\":{\"@id\":\"https:\/\/www.schwarzwaldverein-st-georgen.de\/#website\"},\"datePublished\":\"2017-11-16T17:33:46+00:00\",\"dateModified\":\"2026-02-06T13:32:17+00:00\",\"breadcrumb\":{\"@id\":\"https:\/\/www.schwarzwaldverein-st-georgen.de\/index.php\/ueber-mich\/wanderfuehrer\/#breadcrumb\"},\"inLanguage\":\"de\",\"potentialAction\":[{\"@type\":\"ReadAction\",\"target\":[\"https:\/\/www.schwarzwaldverein-st-georgen.de\/index.php\/ueber-mich\/wanderfuehrer\/\"]}]},{\"@type\":\"BreadcrumbList\",\"@id\":\"https:\/\/www.schwarzwaldverein-st-georgen.de\/index.php\/ueber-mich\/wanderfuehrer\/#breadcrumb\",\"itemListElement\":[{\"@type\":\"ListItem\",\"position\":1,\"name\":\"Start\",\"item\":\"https:\/\/www.schwarzwaldverein-st-georgen.de\/\"},{\"@type\":\"ListItem\",\"position\":2,\"name\":\"\u00dcber uns\",\"item\":\"https:\/\/www.schwarzwaldverein-st-georgen.de\/index.php\/ueber-mich\/\"},{\"@type\":\"ListItem\",\"position\":3,\"name\":\"Wanderf\u00fchrer\"}]},{\"@type\":\"WebSite\",\"@id\":\"https:\/\/www.schwarzwaldverein-st-georgen.de\/#website\",\"url\":\"https:\/\/www.schwarzwaldverein-st-georgen.de\/\",\"name\":\"Schwarzwaldverein St. Georgen e.V.\",\"description\":\"Wandern, Wege, Naturschutz, Familien, Wanderheim Lindenb\u00fcble\",\"potentialAction\":[{\"@type\":\"SearchAction\",\"target\":{\"@type\":\"EntryPoint\",\"urlTemplate\":\"https:\/\/www.schwarzwaldverein-st-georgen.de\/?s={search_term_string}\"},\"query-input\":{\"@type\":\"PropertyValueSpecification\",\"valueRequired\":true,\"valueName\":\"search_term_string\"}}],\"inLanguage\":\"de\"}]}<\/script>\n<!-- \/ Yoast SEO plugin. -->","yoast_head_json":{"title":"Wanderf\u00fchrer - Schwarzwaldverein St. Georgen e.V.","robots":{"index":"index","follow":"follow","max-snippet":"max-snippet:-1","max-image-preview":"max-image-preview:large","max-video-preview":"max-video-preview:-1"},"canonical":"https:\/\/www.schwarzwaldverein-st-georgen.de\/index.php\/ueber-mich\/wanderfuehrer\/","og_locale":"de_DE","og_type":"article","og_title":"Wanderf\u00fchrer - Schwarzwaldverein St. Georgen e.V.","og_description":"Unsere Wanderf\u00fchrer erteilen Ihnen gerne Auskunft \u00fcber die von ihnen angebotenen Wanderungen. Sie haben diese Wanderungen ausgearbeitet, erkundet und in der Regel vorgewandert. Fragen zu den Wegeverh\u00e4ltnissen, zu Schwierigkeitsgraden und zum Tagesablauf werden gerne beantwortet. Informationen sind auch jederzeit beim Wanderwart erh\u00e4ltlich. Neue Wanderf\u00fchrer sind herzlich willkommen. Melden Sie sich bitte beim Wanderwart. &nbsp; &nbsp; &hellip; Weiterlesen","og_url":"https:\/\/www.schwarzwaldverein-st-georgen.de\/index.php\/ueber-mich\/wanderfuehrer\/","og_site_name":"Schwarzwaldverein St. Georgen e.V.","article_modified_time":"2026-02-06T13:32:17+00:00","twitter_card":"summary_large_image","twitter_misc":{"Gesch\u00e4tzte Lesezeit":"1\u00a0Minute"},"schema":{"@context":"https:\/\/schema.org","@graph":[{"@type":"WebPage","@id":"https:\/\/www.schwarzwaldverein-st-georgen.de\/index.php\/ueber-mich\/wanderfuehrer\/","url":"https:\/\/www.schwarzwaldverein-st-georgen.de\/index.php\/ueber-mich\/wanderfuehrer\/","name":"Wanderf\u00fchrer - Schwarzwaldverein St. Georgen e.V.","isPartOf":{"@id":"https:\/\/www.schwarzwaldverein-st-georgen.de\/#website"},"datePublished":"2017-11-16T17:33:46+00:00","dateModified":"2026-02-06T13:32:17+00:00","breadcrumb":{"@id":"https:\/\/www.schwarzwaldverein-st-georgen.de\/index.php\/ueber-mich\/wanderfuehrer\/#breadcrumb"},"inLanguage":"de","potentialAction":[{"@type":"ReadAction","target":["https:\/\/www.schwarzwaldverein-st-georgen.de\/index.php\/ueber-mich\/wanderfuehrer\/"]}]},{"@type":"BreadcrumbList","@id":"https:\/\/www.schwarzwaldverein-st-georgen.de\/index.php\/ueber-mich\/wanderfuehrer\/#breadcrumb","itemListElement":[{"@type":"ListItem","position":1,"name":"Start","item":"https:\/\/www.schwarzwaldverein-st-georgen.de\/"},{"@type":"ListItem","position":2,"name":"\u00dcber uns","item":"https:\/\/www.schwarzwaldverein-st-georgen.de\/index.php\/ueber-mich\/"},{"@type":"ListItem","position":3,"name":"Wanderf\u00fchrer"}]},{"@type":"WebSite","@id":"https:\/\/www.schwarzwaldverein-st-georgen.de\/#website","url":"https:\/\/www.schwarzwaldverein-st-georgen.de\/","name":"Schwarzwaldverein St. Georgen e.V.","description":"Wandern, Wege, Naturschutz, Familien, Wanderheim Lindenb\u00fcble","potentialAction":[{"@type":"SearchAction","target":{"@type":"EntryPoint","urlTemplate":"https:\/\/www.schwarzwaldverein-st-georgen.de\/?s={search_term_string}"},"query-input":{"@type":"PropertyValueSpecification","valueRequired":true,"valueName":"search_term_string"}}],"inLanguage":"de"}]}},"ticketed":false,"_links":{"self":[{"href":"https:\/\/www.schwarzwaldverein-st-georgen.de\/index.php\/wp-json\/wp\/v2\/pages\/66","targetHints":{"allow":["GET"]}}],"collection":[{"href":"https:\/\/www.schwarzwaldverein-st-georgen.de\/index.php\/wp-json\/wp\/v2\/pages"}],"about":[{"href":"https:\/\/www.schwarzwaldverein-st-georgen.de\/index.php\/wp-json\/wp\/v2\/types\/page"}],"author":[{"embeddable":true,"href":"https:\/\/www.schwarzwaldverein-st-georgen.de\/index.php\/wp-json\/wp\/v2\/users\/1"}],"replies":[{"embeddable":true,"href":"https:\/\/www.schwarzwaldverein-st-georgen.de\/index.php\/wp-json\/wp\/v2\/comments?post=66"}],"version-history":[{"count":12,"href":"https:\/\/www.schwarzwaldverein-st-georgen.de\/index.php\/wp-json\/wp\/v2\/pages\/66\/revisions"}],"predecessor-version":[{"id":3013,"href":"https:\/\/www.schwarzwaldverein-st-georgen.de\/index.php\/wp-json\/wp\/v2\/pages\/66\/revisions\/3013"}],"up":[{"embeddable":true,"href":"https:\/\/www.schwarzwaldverein-st-georgen.de\/index.php\/wp-json\/wp\/v2\/pages\/19"}],"wp:attachment":[{"href":"https:\/\/www.schwarzwaldverein-st-georgen.de\/index.php\/wp-json\/wp\/v2\/media?parent=66"}],"curies":[{"name":"wp","href":"https:\/\/api.w.org\/{rel}","templated":true}]}}