{"id":64,"date":"2017-11-16T18:32:16","date_gmt":"2017-11-16T17:32:16","guid":{"rendered":"http:\/\/localhost\/swv\/?page_id=64"},"modified":"2021-12-21T12:32:41","modified_gmt":"2021-12-21T11:32:41","slug":"haftung","status":"publish","type":"page","link":"https:\/\/www.schwarzwaldverein-st-georgen.de\/index.php\/haftung\/","title":{"rendered":"Anmeldung, Teilnahme und Haftung"},"content":{"rendered":"<h2>Wichtige Hinweise<\/h2>\n<ul>\n<li><b>Veranstalter der Wanderungen ist die Ortsgruppe St. Georgen des Schwarzwaldvereins.<\/b><\/li>\n<li><b>Die Teilnahme an den Wanderungen erfolgt f\u00fcr Mitglieder und G\u00e4ste auf eigene Gefahr und eigenes Risiko.<\/b>\n<ul>\n<li><b>Passen Sie bitte ihre Ausr\u00fcstung den entsprechenden Wanderungen a<\/b>n<\/li>\n<\/ul>\n<\/li>\n<li><b>Der\u00a0<\/b><a href=\"http:\/\/www.schwarzwaldverein-st-georgen.de\/index.php\/ueber-mich\/wanderfuehrer\/\"><b>Wanderf\u00fchrer\/innen<\/b><\/a><b>\u00a0ist mit der praktischen Durchf\u00fchrung der Wanderung (Wegweisung und Information) beauftragt.<\/b><\/li>\n<li><b>\u00c4nderungen bei der Durchf\u00fchrung der Wanderung und beim Verlauf bleiben vorbehalten.<\/b><\/li>\n<\/ul>\n<h2>An- und Abmeldung:<\/h2>\n<ul>\n<li><b>Anmeldungen zu Wanderungen sind, sofern nichts anderes vermerkt, bis\u00a0<i>sp\u00e4testens drei Tage<\/i>\u00a0<i>vor<\/i>\u00a0einer Wanderung bei den\u00a0<\/b><a href=\"http:\/\/www.schwarzwaldverein-st-georgen.de\/index.php\/ueber-mich\/wanderfuehrer\/\"><b>Wanderf\u00fchrer\/innen<\/b><\/a><b>\u00a0erforderlich.<\/b><\/li>\n<li><span style=\"font-family: Times New Roman; font-size: medium;\"><b>Diese Anmeldung ist verbindlich und mit ihr wird der Fahrpreis f\u00e4llig, der bei eint\u00e4gigen Veranstaltungen in der Regel erst bei der Fahrt erhoben wird.<\/b><\/span><\/li>\n<li><span style=\"font-family: Times New Roman; font-size: medium;\"><b>Der R\u00fccktritt ohne Ersatzbenennung oder das Zusp\u00e4tkommen zur vereinbarten Abfahrtszeit verpflichten zur Zahlung des Fahrpreises.<\/b><\/span><\/li>\n<\/ul>\n<h2>Haftungsausschlu\u00df:<\/h2>\n<p><b>Die Ortsgruppe St. Georgen des Schwarzwaldvereins tritt bei allen Wanderungen und Veranstaltungen nur als Vermittler der bei der Durchf\u00fchrung von Wanderungen in Anspruch genommenen Verkehrsunternehmer, Gastst\u00e4tten und Beherbergungsbetriebe auf. Der Schwarzwaldverein \u00fcbernimmt daher keine Haftung bei Verlusten oder sonstigen, nicht auf sein Verschulden zur\u00fcckzuf\u00fchrende Ereignisse. Wanderteilnehmer sprechen sich mit dem Wanderf\u00fchrer\/innen ab, wenn sie sich aus der Wandergruppe entfernen, die Wanderung abk\u00fcrzen oder abbrechen wollen. Die Teilnahme an den Wanderungen erfolgt f\u00fcr Mitglieder und G\u00e4ste auf eigene Gefahr und eigenes Risiko<\/b><\/p>\n","protected":false},"excerpt":{"rendered":"<p>Wichtige Hinweise Veranstalter der Wanderungen ist die Ortsgruppe St. Georgen des Schwarzwaldvereins. Die Teilnahme an den Wanderungen erfolgt f\u00fcr Mitglieder und G\u00e4ste auf eigene Gefahr und eigenes Risiko. Passen Sie bitte ihre Ausr\u00fcstung den entsprechenden Wanderungen an Der\u00a0Wanderf\u00fchrer\/innen\u00a0ist mit der praktischen Durchf\u00fchrung der Wanderung (Wegweisung und Information) beauftragt. \u00c4nderungen bei der Durchf\u00fchrung der Wanderung und &hellip; <\/p>\n<p><a class=\"more-link btn\" href=\"https:\/\/www.schwarzwaldverein-st-georgen.de\/index.php\/haftung\/\">Weiterlesen<\/a><\/p>\n","protected":false},"author":1,"featured_media":0,"parent":0,"menu_order":0,"comment_status":"closed","ping_status":"closed","template":"","meta":{"_price":"","_stock":"","_tribe_ticket_header":"","_tribe_default_ticket_provider":"","_ticket_start_date":"","_ticket_end_date":"","_tribe_ticket_show_description":"","_tribe_ticket_show_not_going":false,"_tribe_ticket_use_global_stock":"","_tribe_ticket_global_stock_level":"","_global_stock_mode":"","_global_stock_cap":"","_tribe_rsvp_for_event":"","_tribe_ticket_going_count":"","_tribe_ticket_not_going_count":"","_tribe_tickets_list":"[]","_tribe_ticket_has_attendee_info_fields":false,"footnotes":"","_tec_slr_enabled":"","_tec_slr_layout":""},"class_list":["post-64","page","type-page","status-publish","hentry","nodate","item-wrap"],"yoast_head":"<!-- This site is optimized with the Yoast SEO plugin v26.8 - https:\/\/yoast.com\/product\/yoast-seo-wordpress\/ -->\n<title>Anmeldung, Teilnahme und Haftung - Schwarzwaldverein St. Georgen e.V.<\/title>\n<meta name=\"robots\" content=\"index, follow, max-snippet:-1, max-image-preview:large, max-video-preview:-1\" \/>\n<link rel=\"canonical\" href=\"https:\/\/www.schwarzwaldverein-st-georgen.de\/index.php\/haftung\/\" \/>\n<meta property=\"og:locale\" content=\"de_DE\" \/>\n<meta property=\"og:type\" content=\"article\" \/>\n<meta property=\"og:title\" content=\"Anmeldung, Teilnahme und Haftung - Schwarzwaldverein St. Georgen e.V.\" \/>\n<meta property=\"og:description\" content=\"Wichtige Hinweise Veranstalter der Wanderungen ist die Ortsgruppe St. Georgen des Schwarzwaldvereins. Die Teilnahme an den Wanderungen erfolgt f\u00fcr Mitglieder und G\u00e4ste auf eigene Gefahr und eigenes Risiko. Passen Sie bitte ihre Ausr\u00fcstung den entsprechenden Wanderungen an Der\u00a0Wanderf\u00fchrer\/innen\u00a0ist mit der praktischen Durchf\u00fchrung der Wanderung (Wegweisung und Information) beauftragt. \u00c4nderungen bei der Durchf\u00fchrung der Wanderung und &hellip; Weiterlesen\" \/>\n<meta property=\"og:url\" content=\"https:\/\/www.schwarzwaldverein-st-georgen.de\/index.php\/haftung\/\" \/>\n<meta property=\"og:site_name\" content=\"Schwarzwaldverein St. Georgen e.V.\" \/>\n<meta property=\"article:modified_time\" content=\"2021-12-21T11:32:41+00:00\" \/>\n<meta name=\"twitter:card\" content=\"summary_large_image\" \/>\n<meta name=\"twitter:label1\" content=\"Gesch\u00e4tzte Lesezeit\" \/>\n\t<meta name=\"twitter:data1\" content=\"1\u00a0Minute\" \/>\n<script type=\"application\/ld+json\" class=\"yoast-schema-graph\">{\"@context\":\"https:\/\/schema.org\",\"@graph\":[{\"@type\":\"WebPage\",\"@id\":\"https:\/\/www.schwarzwaldverein-st-georgen.de\/index.php\/haftung\/\",\"url\":\"https:\/\/www.schwarzwaldverein-st-georgen.de\/index.php\/haftung\/\",\"name\":\"Anmeldung, Teilnahme und Haftung - Schwarzwaldverein St. Georgen e.V.\",\"isPartOf\":{\"@id\":\"https:\/\/www.schwarzwaldverein-st-georgen.de\/#website\"},\"datePublished\":\"2017-11-16T17:32:16+00:00\",\"dateModified\":\"2021-12-21T11:32:41+00:00\",\"breadcrumb\":{\"@id\":\"https:\/\/www.schwarzwaldverein-st-georgen.de\/index.php\/haftung\/#breadcrumb\"},\"inLanguage\":\"de\",\"potentialAction\":[{\"@type\":\"ReadAction\",\"target\":[\"https:\/\/www.schwarzwaldverein-st-georgen.de\/index.php\/haftung\/\"]}]},{\"@type\":\"BreadcrumbList\",\"@id\":\"https:\/\/www.schwarzwaldverein-st-georgen.de\/index.php\/haftung\/#breadcrumb\",\"itemListElement\":[{\"@type\":\"ListItem\",\"position\":1,\"name\":\"Start\",\"item\":\"https:\/\/www.schwarzwaldverein-st-georgen.de\/\"},{\"@type\":\"ListItem\",\"position\":2,\"name\":\"Anmeldung, Teilnahme und Haftung\"}]},{\"@type\":\"WebSite\",\"@id\":\"https:\/\/www.schwarzwaldverein-st-georgen.de\/#website\",\"url\":\"https:\/\/www.schwarzwaldverein-st-georgen.de\/\",\"name\":\"Schwarzwaldverein St. Georgen e.V.\",\"description\":\"Wandern, Wege, Naturschutz, Familien, Wanderheim Lindenb\u00fcble\",\"potentialAction\":[{\"@type\":\"SearchAction\",\"target\":{\"@type\":\"EntryPoint\",\"urlTemplate\":\"https:\/\/www.schwarzwaldverein-st-georgen.de\/?s={search_term_string}\"},\"query-input\":{\"@type\":\"PropertyValueSpecification\",\"valueRequired\":true,\"valueName\":\"search_term_string\"}}],\"inLanguage\":\"de\"}]}<\/script>\n<!-- \/ Yoast SEO plugin. -->","yoast_head_json":{"title":"Anmeldung, Teilnahme und Haftung - Schwarzwaldverein St. Georgen e.V.","robots":{"index":"index","follow":"follow","max-snippet":"max-snippet:-1","max-image-preview":"max-image-preview:large","max-video-preview":"max-video-preview:-1"},"canonical":"https:\/\/www.schwarzwaldverein-st-georgen.de\/index.php\/haftung\/","og_locale":"de_DE","og_type":"article","og_title":"Anmeldung, Teilnahme und Haftung - Schwarzwaldverein St. Georgen e.V.","og_description":"Wichtige Hinweise Veranstalter der Wanderungen ist die Ortsgruppe St. Georgen des Schwarzwaldvereins. Die Teilnahme an den Wanderungen erfolgt f\u00fcr Mitglieder und G\u00e4ste auf eigene Gefahr und eigenes Risiko. Passen Sie bitte ihre Ausr\u00fcstung den entsprechenden Wanderungen an Der\u00a0Wanderf\u00fchrer\/innen\u00a0ist mit der praktischen Durchf\u00fchrung der Wanderung (Wegweisung und Information) beauftragt. \u00c4nderungen bei der Durchf\u00fchrung der Wanderung und &hellip; Weiterlesen","og_url":"https:\/\/www.schwarzwaldverein-st-georgen.de\/index.php\/haftung\/","og_site_name":"Schwarzwaldverein St. Georgen e.V.","article_modified_time":"2021-12-21T11:32:41+00:00","twitter_card":"summary_large_image","twitter_misc":{"Gesch\u00e4tzte Lesezeit":"1\u00a0Minute"},"schema":{"@context":"https:\/\/schema.org","@graph":[{"@type":"WebPage","@id":"https:\/\/www.schwarzwaldverein-st-georgen.de\/index.php\/haftung\/","url":"https:\/\/www.schwarzwaldverein-st-georgen.de\/index.php\/haftung\/","name":"Anmeldung, Teilnahme und Haftung - Schwarzwaldverein St. Georgen e.V.","isPartOf":{"@id":"https:\/\/www.schwarzwaldverein-st-georgen.de\/#website"},"datePublished":"2017-11-16T17:32:16+00:00","dateModified":"2021-12-21T11:32:41+00:00","breadcrumb":{"@id":"https:\/\/www.schwarzwaldverein-st-georgen.de\/index.php\/haftung\/#breadcrumb"},"inLanguage":"de","potentialAction":[{"@type":"ReadAction","target":["https:\/\/www.schwarzwaldverein-st-georgen.de\/index.php\/haftung\/"]}]},{"@type":"BreadcrumbList","@id":"https:\/\/www.schwarzwaldverein-st-georgen.de\/index.php\/haftung\/#breadcrumb","itemListElement":[{"@type":"ListItem","position":1,"name":"Start","item":"https:\/\/www.schwarzwaldverein-st-georgen.de\/"},{"@type":"ListItem","position":2,"name":"Anmeldung, Teilnahme und Haftung"}]},{"@type":"WebSite","@id":"https:\/\/www.schwarzwaldverein-st-georgen.de\/#website","url":"https:\/\/www.schwarzwaldverein-st-georgen.de\/","name":"Schwarzwaldverein St. Georgen e.V.","description":"Wandern, Wege, Naturschutz, Familien, Wanderheim Lindenb\u00fcble","potentialAction":[{"@type":"SearchAction","target":{"@type":"EntryPoint","urlTemplate":"https:\/\/www.schwarzwaldverein-st-georgen.de\/?s={search_term_string}"},"query-input":{"@type":"PropertyValueSpecification","valueRequired":true,"valueName":"search_term_string"}}],"inLanguage":"de"}]}},"ticketed":false,"_links":{"self":[{"href":"https:\/\/www.schwarzwaldverein-st-georgen.de\/index.php\/wp-json\/wp\/v2\/pages\/64","targetHints":{"allow":["GET"]}}],"collection":[{"href":"https:\/\/www.schwarzwaldverein-st-georgen.de\/index.php\/wp-json\/wp\/v2\/pages"}],"about":[{"href":"https:\/\/www.schwarzwaldverein-st-georgen.de\/index.php\/wp-json\/wp\/v2\/types\/page"}],"author":[{"embeddable":true,"href":"https:\/\/www.schwarzwaldverein-st-georgen.de\/index.php\/wp-json\/wp\/v2\/users\/1"}],"replies":[{"embeddable":true,"href":"https:\/\/www.schwarzwaldverein-st-georgen.de\/index.php\/wp-json\/wp\/v2\/comments?post=64"}],"version-history":[{"count":5,"href":"https:\/\/www.schwarzwaldverein-st-georgen.de\/index.php\/wp-json\/wp\/v2\/pages\/64\/revisions"}],"predecessor-version":[{"id":1906,"href":"https:\/\/www.schwarzwaldverein-st-georgen.de\/index.php\/wp-json\/wp\/v2\/pages\/64\/revisions\/1906"}],"wp:attachment":[{"href":"https:\/\/www.schwarzwaldverein-st-georgen.de\/index.php\/wp-json\/wp\/v2\/media?parent=64"}],"curies":[{"name":"wp","href":"https:\/\/api.w.org\/{rel}","templated":true}]}}