{"id":588,"date":"2018-02-15T15:37:26","date_gmt":"2018-02-15T14:37:26","guid":{"rendered":"http:\/\/www.schwarzwaldverein-st-georgen.de\/?page_id=588"},"modified":"2021-04-13T08:15:17","modified_gmt":"2021-04-13T06:15:17","slug":"festschrift-zum-jubilaeum-125-jahre-schwarzwaldverein-st-georgen","status":"publish","type":"page","link":"https:\/\/www.schwarzwaldverein-st-georgen.de\/index.php\/ueber-mich\/festschrift-zum-jubilaeum-125-jahre-schwarzwaldverein-st-georgen\/","title":{"rendered":"Festschrift zum Jubil\u00e4um &#8222;125 Jahre Schwarzwaldverein St. Georgen&#8220;"},"content":{"rendered":"<p>Im Jahre <strong>2013<\/strong> feierten wir unser 125-j\u00e4hriges Vereinsjubil\u00e4um der Ortsgruppe St. Georgen.<\/p>\n<p>Unsere <a href=\"http:\/\/www.schwarzwaldverein-st-georgen.de\/wp-content\/uploads\/Festschrift-2013-Web.pdf\" target=\"_blank\" rel=\"noopener\">Festschrift<\/a> anl\u00e4sslich unseres Jubil\u00e4ums \u201e125 Jahre Schwarzwaldverein St. Georgen\u201c soll einen kurzen \u00dcberblick \u00fcber die Aktivit\u00e4ten unserer Ortsgruppe geben. Neben dem einen oder anderen R\u00fcckblick auf die Geschichte unseres Vereins haben wir versucht das Hauptaugenmerk auf die letzten 25 Jahre zu legen &#8211; sozusagen die \u201eNeuzeit\u201c nach dem 100-j\u00e4hrigen.<br \/>\nEin herzliches Dankesch\u00f6n gilt an dieser Stelle allen Autoren und Fotografen, die durch Ihre Mitarbeit und<br \/>\nIhr Engagement diese Festschrift m\u00f6glich gemacht haben.<\/p>\n<p>\u00a9 2013 Schwarzwaldverein St. Georgen<\/p>\n<table>\n<tbody>\n<tr>\n<td><a href=\"http:\/\/www.schwarzwaldverein-st-georgen.de\/wp-content\/uploads\/Festschrift-2013-Web.pdf\" target=\"_blank\" rel=\"noopener\"><img loading=\"lazy\" decoding=\"async\" class=\"alignnone size-full wp-image-1555\" src=\"https:\/\/www.schwarzwaldverein-st-georgen.de\/wp-content\/uploads\/pdf.png\" alt=\"\" width=\"51\" height=\"51\" \/><\/a><\/td>\n<td>Festschrift \u201e125 Jahre Schwarzwaldverein St. Georgen\u201c<br \/>\nAdobe Acrobat Dokument [9,4 MB]<br \/>\n<a href=\"http:\/\/www.schwarzwaldverein-st-georgen.de\/wp-content\/uploads\/Festschrift-2013-Web.pdf\" target=\"_blank\" rel=\"noopener\"><img loading=\"lazy\" decoding=\"async\" class=\"alignnone wp-image-1553\" src=\"https:\/\/www.schwarzwaldverein-st-georgen.de\/wp-content\/uploads\/Download.png\" alt=\"\" width=\"150\" height=\"78\" \/><\/a><\/td>\n<td><a href=\"http:\/\/www.schwarzwaldverein-st-georgen.de\/wp-content\/uploads\/Festschrift-2013-Web.pdf\" target=\"_blank\" rel=\"noopener\"><img loading=\"lazy\" decoding=\"async\" class=\"alignnone size-full wp-image-1575\" src=\"https:\/\/www.schwarzwaldverein-st-georgen.de\/wp-content\/uploads\/TitelFestschrift2013.png\" alt=\"\" width=\"1031\" height=\"1030\" srcset=\"https:\/\/www.schwarzwaldverein-st-georgen.de\/wp-content\/uploads\/TitelFestschrift2013.png 1031w, https:\/\/www.schwarzwaldverein-st-georgen.de\/wp-content\/uploads\/TitelFestschrift2013-300x300.png 300w, https:\/\/www.schwarzwaldverein-st-georgen.de\/wp-content\/uploads\/TitelFestschrift2013-1024x1024.png 1024w, https:\/\/www.schwarzwaldverein-st-georgen.de\/wp-content\/uploads\/TitelFestschrift2013-150x150.png 150w, https:\/\/www.schwarzwaldverein-st-georgen.de\/wp-content\/uploads\/TitelFestschrift2013-768x767.png 768w, https:\/\/www.schwarzwaldverein-st-georgen.de\/wp-content\/uploads\/TitelFestschrift2013-750x749.png 750w\" sizes=\"auto, (max-width: 1031px) 100vw, 1031px\" \/><\/a><\/td>\n<\/tr>\n<\/tbody>\n<\/table>\n","protected":false},"excerpt":{"rendered":"<p>Im Jahre 2013 feierten wir unser 125-j\u00e4hriges Vereinsjubil\u00e4um der Ortsgruppe St. Georgen. Unsere Festschrift anl\u00e4sslich unseres Jubil\u00e4ums \u201e125 Jahre Schwarzwaldverein St. Georgen\u201c soll einen kurzen \u00dcberblick \u00fcber die Aktivit\u00e4ten unserer Ortsgruppe geben. Neben dem einen oder anderen R\u00fcckblick auf die Geschichte unseres Vereins haben wir versucht das Hauptaugenmerk auf die letzten 25 Jahre zu legen &hellip; <\/p>\n<p><a class=\"more-link btn\" href=\"https:\/\/www.schwarzwaldverein-st-georgen.de\/index.php\/ueber-mich\/festschrift-zum-jubilaeum-125-jahre-schwarzwaldverein-st-georgen\/\">Weiterlesen<\/a><\/p>\n","protected":false},"author":1,"featured_media":0,"parent":19,"menu_order":10,"comment_status":"closed","ping_status":"closed","template":"template-twocolumnsleft.php","meta":{"_price":"","_stock":"","_tribe_ticket_header":"","_tribe_default_ticket_provider":"","_ticket_start_date":"","_ticket_end_date":"","_tribe_ticket_show_description":"","_tribe_ticket_show_not_going":false,"_tribe_ticket_use_global_stock":"","_tribe_ticket_global_stock_level":"","_global_stock_mode":"","_global_stock_cap":"","_tribe_rsvp_for_event":"","_tribe_ticket_going_count":"","_tribe_ticket_not_going_count":"","_tribe_tickets_list":"[]","_tribe_ticket_has_attendee_info_fields":false,"footnotes":"","_tec_slr_enabled":"","_tec_slr_layout":""},"class_list":["post-588","page","type-page","status-publish","hentry","nodate","item-wrap"],"yoast_head":"<!-- This site is optimized with the Yoast SEO plugin v26.8 - https:\/\/yoast.com\/product\/yoast-seo-wordpress\/ -->\n<title>Festschrift zum Jubil\u00e4um &quot;125 Jahre Schwarzwaldverein St. Georgen&quot; - Schwarzwaldverein St. Georgen e.V.<\/title>\n<meta name=\"robots\" content=\"index, follow, max-snippet:-1, max-image-preview:large, max-video-preview:-1\" \/>\n<link rel=\"canonical\" href=\"https:\/\/www.schwarzwaldverein-st-georgen.de\/index.php\/ueber-mich\/festschrift-zum-jubilaeum-125-jahre-schwarzwaldverein-st-georgen\/\" \/>\n<meta property=\"og:locale\" content=\"de_DE\" \/>\n<meta property=\"og:type\" content=\"article\" \/>\n<meta property=\"og:title\" content=\"Festschrift zum Jubil\u00e4um &quot;125 Jahre Schwarzwaldverein St. Georgen&quot; - Schwarzwaldverein St. Georgen e.V.\" \/>\n<meta property=\"og:description\" content=\"Im Jahre 2013 feierten wir unser 125-j\u00e4hriges Vereinsjubil\u00e4um der Ortsgruppe St. Georgen. Unsere Festschrift anl\u00e4sslich unseres Jubil\u00e4ums \u201e125 Jahre Schwarzwaldverein St. Georgen\u201c soll einen kurzen \u00dcberblick \u00fcber die Aktivit\u00e4ten unserer Ortsgruppe geben. Neben dem einen oder anderen R\u00fcckblick auf die Geschichte unseres Vereins haben wir versucht das Hauptaugenmerk auf die letzten 25 Jahre zu legen &hellip; Weiterlesen\" \/>\n<meta property=\"og:url\" content=\"https:\/\/www.schwarzwaldverein-st-georgen.de\/index.php\/ueber-mich\/festschrift-zum-jubilaeum-125-jahre-schwarzwaldverein-st-georgen\/\" \/>\n<meta property=\"og:site_name\" content=\"Schwarzwaldverein St. Georgen e.V.\" \/>\n<meta property=\"article:modified_time\" content=\"2021-04-13T06:15:17+00:00\" \/>\n<meta property=\"og:image\" content=\"https:\/\/www.schwarzwaldverein-st-georgen.de\/wp-content\/uploads\/pdf.png\" \/>\n<meta name=\"twitter:card\" content=\"summary_large_image\" \/>\n<meta name=\"twitter:label1\" content=\"Gesch\u00e4tzte Lesezeit\" \/>\n\t<meta name=\"twitter:data1\" content=\"2\u00a0Minuten\" \/>\n<script type=\"application\/ld+json\" class=\"yoast-schema-graph\">{\"@context\":\"https:\/\/schema.org\",\"@graph\":[{\"@type\":\"WebPage\",\"@id\":\"https:\/\/www.schwarzwaldverein-st-georgen.de\/index.php\/ueber-mich\/festschrift-zum-jubilaeum-125-jahre-schwarzwaldverein-st-georgen\/\",\"url\":\"https:\/\/www.schwarzwaldverein-st-georgen.de\/index.php\/ueber-mich\/festschrift-zum-jubilaeum-125-jahre-schwarzwaldverein-st-georgen\/\",\"name\":\"Festschrift zum Jubil\u00e4um \\\"125 Jahre Schwarzwaldverein St. Georgen\\\" - Schwarzwaldverein St. Georgen e.V.\",\"isPartOf\":{\"@id\":\"https:\/\/www.schwarzwaldverein-st-georgen.de\/#website\"},\"primaryImageOfPage\":{\"@id\":\"https:\/\/www.schwarzwaldverein-st-georgen.de\/index.php\/ueber-mich\/festschrift-zum-jubilaeum-125-jahre-schwarzwaldverein-st-georgen\/#primaryimage\"},\"image\":{\"@id\":\"https:\/\/www.schwarzwaldverein-st-georgen.de\/index.php\/ueber-mich\/festschrift-zum-jubilaeum-125-jahre-schwarzwaldverein-st-georgen\/#primaryimage\"},\"thumbnailUrl\":\"https:\/\/www.schwarzwaldverein-st-georgen.de\/wp-content\/uploads\/pdf.png\",\"datePublished\":\"2018-02-15T14:37:26+00:00\",\"dateModified\":\"2021-04-13T06:15:17+00:00\",\"breadcrumb\":{\"@id\":\"https:\/\/www.schwarzwaldverein-st-georgen.de\/index.php\/ueber-mich\/festschrift-zum-jubilaeum-125-jahre-schwarzwaldverein-st-georgen\/#breadcrumb\"},\"inLanguage\":\"de\",\"potentialAction\":[{\"@type\":\"ReadAction\",\"target\":[\"https:\/\/www.schwarzwaldverein-st-georgen.de\/index.php\/ueber-mich\/festschrift-zum-jubilaeum-125-jahre-schwarzwaldverein-st-georgen\/\"]}]},{\"@type\":\"ImageObject\",\"inLanguage\":\"de\",\"@id\":\"https:\/\/www.schwarzwaldverein-st-georgen.de\/index.php\/ueber-mich\/festschrift-zum-jubilaeum-125-jahre-schwarzwaldverein-st-georgen\/#primaryimage\",\"url\":\"https:\/\/www.schwarzwaldverein-st-georgen.de\/wp-content\/uploads\/pdf.png\",\"contentUrl\":\"https:\/\/www.schwarzwaldverein-st-georgen.de\/wp-content\/uploads\/pdf.png\",\"width\":51,\"height\":51},{\"@type\":\"BreadcrumbList\",\"@id\":\"https:\/\/www.schwarzwaldverein-st-georgen.de\/index.php\/ueber-mich\/festschrift-zum-jubilaeum-125-jahre-schwarzwaldverein-st-georgen\/#breadcrumb\",\"itemListElement\":[{\"@type\":\"ListItem\",\"position\":1,\"name\":\"Start\",\"item\":\"https:\/\/www.schwarzwaldverein-st-georgen.de\/\"},{\"@type\":\"ListItem\",\"position\":2,\"name\":\"\u00dcber uns\",\"item\":\"https:\/\/www.schwarzwaldverein-st-georgen.de\/index.php\/ueber-mich\/\"},{\"@type\":\"ListItem\",\"position\":3,\"name\":\"Festschrift zum Jubil\u00e4um &#8222;125 Jahre Schwarzwaldverein St. Georgen&#8220;\"}]},{\"@type\":\"WebSite\",\"@id\":\"https:\/\/www.schwarzwaldverein-st-georgen.de\/#website\",\"url\":\"https:\/\/www.schwarzwaldverein-st-georgen.de\/\",\"name\":\"Schwarzwaldverein St. Georgen e.V.\",\"description\":\"Wandern, Wege, Naturschutz, Familien, Wanderheim Lindenb\u00fcble\",\"potentialAction\":[{\"@type\":\"SearchAction\",\"target\":{\"@type\":\"EntryPoint\",\"urlTemplate\":\"https:\/\/www.schwarzwaldverein-st-georgen.de\/?s={search_term_string}\"},\"query-input\":{\"@type\":\"PropertyValueSpecification\",\"valueRequired\":true,\"valueName\":\"search_term_string\"}}],\"inLanguage\":\"de\"}]}<\/script>\n<!-- \/ Yoast SEO plugin. -->","yoast_head_json":{"title":"Festschrift zum Jubil\u00e4um \"125 Jahre Schwarzwaldverein St. Georgen\" - Schwarzwaldverein St. Georgen e.V.","robots":{"index":"index","follow":"follow","max-snippet":"max-snippet:-1","max-image-preview":"max-image-preview:large","max-video-preview":"max-video-preview:-1"},"canonical":"https:\/\/www.schwarzwaldverein-st-georgen.de\/index.php\/ueber-mich\/festschrift-zum-jubilaeum-125-jahre-schwarzwaldverein-st-georgen\/","og_locale":"de_DE","og_type":"article","og_title":"Festschrift zum Jubil\u00e4um \"125 Jahre Schwarzwaldverein St. Georgen\" - Schwarzwaldverein St. Georgen e.V.","og_description":"Im Jahre 2013 feierten wir unser 125-j\u00e4hriges Vereinsjubil\u00e4um der Ortsgruppe St. Georgen. Unsere Festschrift anl\u00e4sslich unseres Jubil\u00e4ums \u201e125 Jahre Schwarzwaldverein St. Georgen\u201c soll einen kurzen \u00dcberblick \u00fcber die Aktivit\u00e4ten unserer Ortsgruppe geben. Neben dem einen oder anderen R\u00fcckblick auf die Geschichte unseres Vereins haben wir versucht das Hauptaugenmerk auf die letzten 25 Jahre zu legen &hellip; Weiterlesen","og_url":"https:\/\/www.schwarzwaldverein-st-georgen.de\/index.php\/ueber-mich\/festschrift-zum-jubilaeum-125-jahre-schwarzwaldverein-st-georgen\/","og_site_name":"Schwarzwaldverein St. Georgen e.V.","article_modified_time":"2021-04-13T06:15:17+00:00","og_image":[{"url":"https:\/\/www.schwarzwaldverein-st-georgen.de\/wp-content\/uploads\/pdf.png","type":"","width":"","height":""}],"twitter_card":"summary_large_image","twitter_misc":{"Gesch\u00e4tzte Lesezeit":"2\u00a0Minuten"},"schema":{"@context":"https:\/\/schema.org","@graph":[{"@type":"WebPage","@id":"https:\/\/www.schwarzwaldverein-st-georgen.de\/index.php\/ueber-mich\/festschrift-zum-jubilaeum-125-jahre-schwarzwaldverein-st-georgen\/","url":"https:\/\/www.schwarzwaldverein-st-georgen.de\/index.php\/ueber-mich\/festschrift-zum-jubilaeum-125-jahre-schwarzwaldverein-st-georgen\/","name":"Festschrift zum Jubil\u00e4um \"125 Jahre Schwarzwaldverein St. Georgen\" - Schwarzwaldverein St. Georgen e.V.","isPartOf":{"@id":"https:\/\/www.schwarzwaldverein-st-georgen.de\/#website"},"primaryImageOfPage":{"@id":"https:\/\/www.schwarzwaldverein-st-georgen.de\/index.php\/ueber-mich\/festschrift-zum-jubilaeum-125-jahre-schwarzwaldverein-st-georgen\/#primaryimage"},"image":{"@id":"https:\/\/www.schwarzwaldverein-st-georgen.de\/index.php\/ueber-mich\/festschrift-zum-jubilaeum-125-jahre-schwarzwaldverein-st-georgen\/#primaryimage"},"thumbnailUrl":"https:\/\/www.schwarzwaldverein-st-georgen.de\/wp-content\/uploads\/pdf.png","datePublished":"2018-02-15T14:37:26+00:00","dateModified":"2021-04-13T06:15:17+00:00","breadcrumb":{"@id":"https:\/\/www.schwarzwaldverein-st-georgen.de\/index.php\/ueber-mich\/festschrift-zum-jubilaeum-125-jahre-schwarzwaldverein-st-georgen\/#breadcrumb"},"inLanguage":"de","potentialAction":[{"@type":"ReadAction","target":["https:\/\/www.schwarzwaldverein-st-georgen.de\/index.php\/ueber-mich\/festschrift-zum-jubilaeum-125-jahre-schwarzwaldverein-st-georgen\/"]}]},{"@type":"ImageObject","inLanguage":"de","@id":"https:\/\/www.schwarzwaldverein-st-georgen.de\/index.php\/ueber-mich\/festschrift-zum-jubilaeum-125-jahre-schwarzwaldverein-st-georgen\/#primaryimage","url":"https:\/\/www.schwarzwaldverein-st-georgen.de\/wp-content\/uploads\/pdf.png","contentUrl":"https:\/\/www.schwarzwaldverein-st-georgen.de\/wp-content\/uploads\/pdf.png","width":51,"height":51},{"@type":"BreadcrumbList","@id":"https:\/\/www.schwarzwaldverein-st-georgen.de\/index.php\/ueber-mich\/festschrift-zum-jubilaeum-125-jahre-schwarzwaldverein-st-georgen\/#breadcrumb","itemListElement":[{"@type":"ListItem","position":1,"name":"Start","item":"https:\/\/www.schwarzwaldverein-st-georgen.de\/"},{"@type":"ListItem","position":2,"name":"\u00dcber uns","item":"https:\/\/www.schwarzwaldverein-st-georgen.de\/index.php\/ueber-mich\/"},{"@type":"ListItem","position":3,"name":"Festschrift zum Jubil\u00e4um &#8222;125 Jahre Schwarzwaldverein St. Georgen&#8220;"}]},{"@type":"WebSite","@id":"https:\/\/www.schwarzwaldverein-st-georgen.de\/#website","url":"https:\/\/www.schwarzwaldverein-st-georgen.de\/","name":"Schwarzwaldverein St. Georgen e.V.","description":"Wandern, Wege, Naturschutz, Familien, Wanderheim Lindenb\u00fcble","potentialAction":[{"@type":"SearchAction","target":{"@type":"EntryPoint","urlTemplate":"https:\/\/www.schwarzwaldverein-st-georgen.de\/?s={search_term_string}"},"query-input":{"@type":"PropertyValueSpecification","valueRequired":true,"valueName":"search_term_string"}}],"inLanguage":"de"}]}},"ticketed":false,"_links":{"self":[{"href":"https:\/\/www.schwarzwaldverein-st-georgen.de\/index.php\/wp-json\/wp\/v2\/pages\/588","targetHints":{"allow":["GET"]}}],"collection":[{"href":"https:\/\/www.schwarzwaldverein-st-georgen.de\/index.php\/wp-json\/wp\/v2\/pages"}],"about":[{"href":"https:\/\/www.schwarzwaldverein-st-georgen.de\/index.php\/wp-json\/wp\/v2\/types\/page"}],"author":[{"embeddable":true,"href":"https:\/\/www.schwarzwaldverein-st-georgen.de\/index.php\/wp-json\/wp\/v2\/users\/1"}],"replies":[{"embeddable":true,"href":"https:\/\/www.schwarzwaldverein-st-georgen.de\/index.php\/wp-json\/wp\/v2\/comments?post=588"}],"version-history":[{"count":5,"href":"https:\/\/www.schwarzwaldverein-st-georgen.de\/index.php\/wp-json\/wp\/v2\/pages\/588\/revisions"}],"predecessor-version":[{"id":1576,"href":"https:\/\/www.schwarzwaldverein-st-georgen.de\/index.php\/wp-json\/wp\/v2\/pages\/588\/revisions\/1576"}],"up":[{"embeddable":true,"href":"https:\/\/www.schwarzwaldverein-st-georgen.de\/index.php\/wp-json\/wp\/v2\/pages\/19"}],"wp:attachment":[{"href":"https:\/\/www.schwarzwaldverein-st-georgen.de\/index.php\/wp-json\/wp\/v2\/media?parent=588"}],"curies":[{"name":"wp","href":"https:\/\/api.w.org\/{rel}","templated":true}]}}