{"id":53,"date":"2017-11-16T18:24:20","date_gmt":"2017-11-16T17:24:20","guid":{"rendered":"http:\/\/localhost\/swv\/?page_id=53"},"modified":"2021-12-17T10:38:45","modified_gmt":"2021-12-17T09:38:45","slug":"wandern","status":"publish","type":"page","link":"https:\/\/www.schwarzwaldverein-st-georgen.de\/index.php\/wandern\/","title":{"rendered":"Wandern"},"content":{"rendered":"<p>Der Schwarzwaldverein ist der \u00e4lteste deutsche Wanderverein. Das organisierte und umweltschonenende Wandern in gef\u00fchrten Wandergruppen ist Aufgabe des Vereins. Gef\u00f6rdert werden soll das Verst\u00e4ndnis f\u00fcr Natur und Landschaft, f\u00fcr das heimatliche Kulturgut und den Natur- und Umweltschutz.<\/p>\n<h3>Wandern mit dem Schwarzwaldverein<\/h3>\n<p>Der Schwarzwald ist eine der vielseitigsten Wanderregionen Deutschlands. Und die Schwarzwaldvereine vor Ort haben das passende Programm dazu! \u00dcber 10.000 Wanderangebote j\u00e4hrlich bieten die Ortsgruppen des Schwarzwaldvereins ihren Mitgliedern und G\u00e4sten. Ob beschaulich oder sportlich, mit kulturellem Schwerpunkt oder um die herrliche Landschaft zu erleben &#8211; Wandern im Schwarzwald macht mehr Freude mit dem Schwarzwaldverein. Probieren Sie es aus!<\/p>\n<h3>Wandern f\u00fcr alle<\/h3>\n<p>Wandern liegt im Trend. Wenige Sportarten sind so gesund, gesellig und naturverbunden. Kinder wandern mit ihren Eltern in den Familiengruppen des Schwarzwaldvereins, Teens und Twens finden Outdoorabenteuer im Jugendprogramm der Jugend im Schwarzwald. Sportliche Wanderer finden in vielen Ortsgruppen herausfordende Veranstaltungen und sind auch per Kanu oder Mountainbike im Schwarzwald unterwegs. Eigene Angebote f\u00fcr Senioren geh\u00f6ren zum Standardangebot der Schwarzwaldvereine in Ihrer N\u00e4he.<\/p>\n<table style=\"text-align: left;\" border=\"0\" cellspacing=\"2\" cellpadding=\"2\">\n<tbody>\n<tr>\n<td style=\"vertical-align: top; width: 540;\">\n<h4>Wanderkarten des Schwarzwaldvereins<\/h4>\n<p>Wanderkarten geh\u00f6ren auch in Zeiten digitaler Kartenapps und Routing f\u00fcr versierte Wanderer noch immer dazu. Sie sind leicht, ausfallsicher, brauchen keinen Strom und geben sowohl bei Planung als auch unterwegs einen gro\u00dfformatigen \u00dcberblick.<\/p>\n<p>Das Landesamt f\u00fcr Geoinformation und Landentwicklung (LGL) gibt seit vielen Jahren auch die Wanderkarten des Schwarzwaldvereins heraus. Der Schwarzwaldverein tr\u00e4gt die Daten seines Wegenetzes, die Wegweiserstandorte und die Informationen zu den touristischen Wegen zu diesem Kartenwerk bei.<\/p>\n<p><a href=\"https:\/\/www.schwarzwaldverein.de\/schwarzwald\/wandern-outdoor\/wanderkarten\/\" target=\"_blank\" rel=\"noopener\"><img loading=\"lazy\" decoding=\"async\" class=\"alignnone size-full wp-image-1755\" src=\"https:\/\/www.schwarzwaldverein-st-georgen.de\/wp-content\/uploads\/Neue-Wanderkarten-im-Herbst.png\" alt=\"\" width=\"1024\" height=\"683\" srcset=\"https:\/\/www.schwarzwaldverein-st-georgen.de\/wp-content\/uploads\/Neue-Wanderkarten-im-Herbst.png 1024w, https:\/\/www.schwarzwaldverein-st-georgen.de\/wp-content\/uploads\/Neue-Wanderkarten-im-Herbst-300x200.png 300w, https:\/\/www.schwarzwaldverein-st-georgen.de\/wp-content\/uploads\/Neue-Wanderkarten-im-Herbst-768x512.png 768w\" sizes=\"auto, (max-width: 1024px) 100vw, 1024px\" \/><\/a><\/p>\n<p>Die Wanderkarten k\u00f6nnen bei der <a href=\"https:\/\/www.schwarzwaldverein.de\/schwarzwaldverein\/geschaftsstelle\/\" target=\"_blank\" rel=\"noopener\">Hauptgesch\u00e4ftsstelle in Freiburg<\/a> gekauft werden. Bitte beachten Sie dazu die <a href=\"https:\/\/www.schwarzwaldverein.de\/schwarzwaldverein\/geschaftsstelle\/\" target=\"_blank\" rel=\"noopener\">\u00d6ffnungszeiten<\/a> oder bestellen Sie per <a href=\"verkauf@schwarzwaldverein.de\">E-Mail<\/a>.<\/p>\n<p>Die Preise f\u00fcr die Wanderkarten der Serie 1:25.000 betragen 8,50 \u20ac (Mitglieder erfragen bitte den g\u00fcnstigeren Mitgliederpreis).<\/p>\n<p><a href=\"https:\/\/www.schwarzwaldverein.de\/schwarzwald\/wandern-outdoor\/wanderkarten\/\" target=\"_blank\" rel=\"noopener\">Info Wanderkarten<\/a><\/td>\n<td style=\"vertical-align: top; width: 50%;\">\n<h4>Warum noch Wanderkarten&#8230;.<\/h4>\n<p><small>(Aus: Der Schwarzwald 2\/2021, S. 7)<\/small><\/p>\n<p><strong>WANDERKARTEN GEBEN \u00dcBERBLICK<\/strong><br \/>\nMit den Wanderkarten des Schwarz\u00adwaldvereins verschaffe ich mir den \u00dcberblick \u2013 und gehe ins Detail. Brun\u00adnen, H\u00fctten, Felsenpassagen, einzelne gewaltige B\u00e4ume, nicht zu vergessen: auch Wirtsh\u00e4user. Das alles verzeichnet auf Karten mit dem Ma\u00dfstab 1:25.000. Der ist mittlerweile angesagt.<br \/>\nEin Zentimeter auf der Karte ent\u00adspricht demzufolge 250 Metern in der Natur. Die sehen nat\u00fcrlich nicht im\u00admer gleich aus. Wenn das abgedruckte 1 cm lange St\u00fcck Wanderweg gleich mehrere der braunen H\u00f6henlinien schneidet, wird es dort steil. Aber geht es bergauf oder bergab? Die Meterzahl an den H\u00f6henlinien gibt den Hinweis: Steht sie in meiner Richtung auf dem Kopf, wandere ich talw\u00e4rts. Andershe\u00adrum entsprechend nach oben.<br \/>\nKompliziert? Keineswegs. Wichtig zu wissen w\u00e4re allerdings, in welcher Richtung der Norden zu suchen ist. Dann die Karte entsprechend ausrich\u00adten, der Fachbegriff ist \u201eeinnorden\u201c. Und schon ist klar: Da dr\u00fcben \u201elinks\u201c (also im Westen), das ist Kirchzarten, wenn ich auf dem Frauensteigfelsen stehe.<\/p>\n<p><strong>KARTE ZEIGT MEHR ALS DIE ROUTE<\/strong><br \/>\nMeine Karte zeigt mir eben mehr als nur die direkte Nachbarschaft der Rou\u00adte, f\u00fcr die ich mich vorab entschieden habe. Eventuell bringt mich mein pa\u00adpierener Begleiter sogar auf die Idee, vom geplanten Weg abzuweichen. Viel\u00adleicht, um die Kapelle anzuschauen, die da per Symbol nahebei verhei\u00dfen wird. Zur\u00fcckfinden? Kein Problem. Ich habe ja meine Karte! Zudem helfen nat\u00fcrlich die vielen Wegweiser, die entlang des Wegenetzes vom Schwarzwaldverein aufgestellt wurden. Dieses, also das komplette Wegesystem des Schwarz\u00adwalds, findet sich auf den aktuellen Vereins-Karten wieder. Daf\u00fcr sorgen Schwarzwaldverein und das Landesamt f\u00fcr Geoinformation und Landentwick\u00adlung. Von letzterem stammt die Karten\u00adgrundlage. Dass die Wege auf die Karte kommen, darum k\u00fcmmert sich als Ko\u00adordinator Patrick Schenk vom Referat Wege beim Hauptverein. Die ersten Ausgaben im neuen Design, Jahrgang 2018, Sch\u00f6nau und Titisee-Neustadt, steuern bereits auf eine Neuauflage zu, so gut gehen sie. \u201eWir wollen immer aktuell sein\u201c, sagt Schenk, der sich seit fast 20 Jahren im Hauptverein mit dem Thema befasst. Und wie ich ein Freund gedruckter Karten ist. Klar!<\/p>\n<p>Schon richtig: Auch online gibt es gute Hilfsmittel, um Touren zu fin\u00adden und sich unterwegs zu orientie\u00adren. Die benutze ich auch, speziell www.wanderservice-schwarzwald.de. Nur: Man schaut dann eben meist doch nur auf den kleinen Ausschnitt entlang der Route. Und \u00fcberhaupt, was ist, wenn der Akku in die Knie geht? Das kann folgenreicher sein, als wenn mei\u00adne Wanderkarte mit ihrem dicken Papier mal in den Regen kommt. Die trocknet wieder.<br \/>\nUnd dann ist sie bereit f\u00fcr die Pla\u00adnung der n\u00e4chsten Tour: Rascheln, Knicken, Knistern!<\/p>\n<p>&nbsp;<\/p>\n<p>&nbsp;<\/td>\n<\/tr>\n<\/tbody>\n<\/table>\n","protected":false},"excerpt":{"rendered":"<p>Der Schwarzwaldverein ist der \u00e4lteste deutsche Wanderverein. Das organisierte und umweltschonenende Wandern in gef\u00fchrten Wandergruppen ist Aufgabe des Vereins. Gef\u00f6rdert werden soll das Verst\u00e4ndnis f\u00fcr Natur und Landschaft, f\u00fcr das heimatliche Kulturgut und den Natur- und Umweltschutz. Wandern mit dem Schwarzwaldverein Der Schwarzwald ist eine der vielseitigsten Wanderregionen Deutschlands. Und die Schwarzwaldvereine vor Ort haben &hellip; <\/p>\n<p><a class=\"more-link btn\" href=\"https:\/\/www.schwarzwaldverein-st-georgen.de\/index.php\/wandern\/\">Weiterlesen<\/a><\/p>\n","protected":false},"author":1,"featured_media":0,"parent":0,"menu_order":0,"comment_status":"closed","ping_status":"closed","template":"template-twocolumnsleft.php","meta":{"_price":"","_stock":"","_tribe_ticket_header":"","_tribe_default_ticket_provider":"","_ticket_start_date":"","_ticket_end_date":"","_tribe_ticket_show_description":"","_tribe_ticket_show_not_going":false,"_tribe_ticket_use_global_stock":"","_tribe_ticket_global_stock_level":"","_global_stock_mode":"","_global_stock_cap":"","_tribe_rsvp_for_event":"","_tribe_ticket_going_count":"","_tribe_ticket_not_going_count":"","_tribe_tickets_list":"[]","_tribe_ticket_has_attendee_info_fields":false,"footnotes":"","_tec_slr_enabled":"","_tec_slr_layout":""},"class_list":["post-53","page","type-page","status-publish","hentry","nodate","item-wrap"],"yoast_head":"<!-- This site is optimized with the Yoast SEO plugin v26.8 - https:\/\/yoast.com\/product\/yoast-seo-wordpress\/ -->\n<title>Wandern - Schwarzwaldverein St. Georgen e.V.<\/title>\n<meta name=\"robots\" content=\"index, follow, max-snippet:-1, max-image-preview:large, max-video-preview:-1\" \/>\n<link rel=\"canonical\" href=\"https:\/\/www.schwarzwaldverein-st-georgen.de\/index.php\/wandern\/\" \/>\n<meta property=\"og:locale\" content=\"de_DE\" \/>\n<meta property=\"og:type\" content=\"article\" \/>\n<meta property=\"og:title\" content=\"Wandern - Schwarzwaldverein St. Georgen e.V.\" \/>\n<meta property=\"og:description\" content=\"Der Schwarzwaldverein ist der \u00e4lteste deutsche Wanderverein. Das organisierte und umweltschonenende Wandern in gef\u00fchrten Wandergruppen ist Aufgabe des Vereins. Gef\u00f6rdert werden soll das Verst\u00e4ndnis f\u00fcr Natur und Landschaft, f\u00fcr das heimatliche Kulturgut und den Natur- und Umweltschutz. Wandern mit dem Schwarzwaldverein Der Schwarzwald ist eine der vielseitigsten Wanderregionen Deutschlands. Und die Schwarzwaldvereine vor Ort haben &hellip; Weiterlesen\" \/>\n<meta property=\"og:url\" content=\"https:\/\/www.schwarzwaldverein-st-georgen.de\/index.php\/wandern\/\" \/>\n<meta property=\"og:site_name\" content=\"Schwarzwaldverein St. Georgen e.V.\" \/>\n<meta property=\"article:modified_time\" content=\"2021-12-17T09:38:45+00:00\" \/>\n<meta property=\"og:image\" content=\"https:\/\/www.schwarzwaldverein-st-georgen.de\/wp-content\/uploads\/Neue-Wanderkarten-im-Herbst.png\" \/>\n<meta name=\"twitter:card\" content=\"summary_large_image\" \/>\n<meta name=\"twitter:label1\" content=\"Gesch\u00e4tzte Lesezeit\" \/>\n\t<meta name=\"twitter:data1\" content=\"4\u00a0Minuten\" \/>\n<script type=\"application\/ld+json\" class=\"yoast-schema-graph\">{\"@context\":\"https:\/\/schema.org\",\"@graph\":[{\"@type\":\"WebPage\",\"@id\":\"https:\/\/www.schwarzwaldverein-st-georgen.de\/index.php\/wandern\/\",\"url\":\"https:\/\/www.schwarzwaldverein-st-georgen.de\/index.php\/wandern\/\",\"name\":\"Wandern - Schwarzwaldverein St. Georgen e.V.\",\"isPartOf\":{\"@id\":\"https:\/\/www.schwarzwaldverein-st-georgen.de\/#website\"},\"primaryImageOfPage\":{\"@id\":\"https:\/\/www.schwarzwaldverein-st-georgen.de\/index.php\/wandern\/#primaryimage\"},\"image\":{\"@id\":\"https:\/\/www.schwarzwaldverein-st-georgen.de\/index.php\/wandern\/#primaryimage\"},\"thumbnailUrl\":\"https:\/\/www.schwarzwaldverein-st-georgen.de\/wp-content\/uploads\/Neue-Wanderkarten-im-Herbst.png\",\"datePublished\":\"2017-11-16T17:24:20+00:00\",\"dateModified\":\"2021-12-17T09:38:45+00:00\",\"breadcrumb\":{\"@id\":\"https:\/\/www.schwarzwaldverein-st-georgen.de\/index.php\/wandern\/#breadcrumb\"},\"inLanguage\":\"de\",\"potentialAction\":[{\"@type\":\"ReadAction\",\"target\":[\"https:\/\/www.schwarzwaldverein-st-georgen.de\/index.php\/wandern\/\"]}]},{\"@type\":\"ImageObject\",\"inLanguage\":\"de\",\"@id\":\"https:\/\/www.schwarzwaldverein-st-georgen.de\/index.php\/wandern\/#primaryimage\",\"url\":\"https:\/\/www.schwarzwaldverein-st-georgen.de\/wp-content\/uploads\/Neue-Wanderkarten-im-Herbst.png\",\"contentUrl\":\"https:\/\/www.schwarzwaldverein-st-georgen.de\/wp-content\/uploads\/Neue-Wanderkarten-im-Herbst.png\",\"width\":1024,\"height\":683},{\"@type\":\"BreadcrumbList\",\"@id\":\"https:\/\/www.schwarzwaldverein-st-georgen.de\/index.php\/wandern\/#breadcrumb\",\"itemListElement\":[{\"@type\":\"ListItem\",\"position\":1,\"name\":\"Start\",\"item\":\"https:\/\/www.schwarzwaldverein-st-georgen.de\/\"},{\"@type\":\"ListItem\",\"position\":2,\"name\":\"Wandern\"}]},{\"@type\":\"WebSite\",\"@id\":\"https:\/\/www.schwarzwaldverein-st-georgen.de\/#website\",\"url\":\"https:\/\/www.schwarzwaldverein-st-georgen.de\/\",\"name\":\"Schwarzwaldverein St. Georgen e.V.\",\"description\":\"Wandern, Wege, Naturschutz, Familien, Wanderheim Lindenb\u00fcble\",\"potentialAction\":[{\"@type\":\"SearchAction\",\"target\":{\"@type\":\"EntryPoint\",\"urlTemplate\":\"https:\/\/www.schwarzwaldverein-st-georgen.de\/?s={search_term_string}\"},\"query-input\":{\"@type\":\"PropertyValueSpecification\",\"valueRequired\":true,\"valueName\":\"search_term_string\"}}],\"inLanguage\":\"de\"}]}<\/script>\n<!-- \/ Yoast SEO plugin. -->","yoast_head_json":{"title":"Wandern - Schwarzwaldverein St. Georgen e.V.","robots":{"index":"index","follow":"follow","max-snippet":"max-snippet:-1","max-image-preview":"max-image-preview:large","max-video-preview":"max-video-preview:-1"},"canonical":"https:\/\/www.schwarzwaldverein-st-georgen.de\/index.php\/wandern\/","og_locale":"de_DE","og_type":"article","og_title":"Wandern - Schwarzwaldverein St. Georgen e.V.","og_description":"Der Schwarzwaldverein ist der \u00e4lteste deutsche Wanderverein. Das organisierte und umweltschonenende Wandern in gef\u00fchrten Wandergruppen ist Aufgabe des Vereins. Gef\u00f6rdert werden soll das Verst\u00e4ndnis f\u00fcr Natur und Landschaft, f\u00fcr das heimatliche Kulturgut und den Natur- und Umweltschutz. Wandern mit dem Schwarzwaldverein Der Schwarzwald ist eine der vielseitigsten Wanderregionen Deutschlands. Und die Schwarzwaldvereine vor Ort haben &hellip; Weiterlesen","og_url":"https:\/\/www.schwarzwaldverein-st-georgen.de\/index.php\/wandern\/","og_site_name":"Schwarzwaldverein St. Georgen e.V.","article_modified_time":"2021-12-17T09:38:45+00:00","og_image":[{"url":"https:\/\/www.schwarzwaldverein-st-georgen.de\/wp-content\/uploads\/Neue-Wanderkarten-im-Herbst.png","type":"","width":"","height":""}],"twitter_card":"summary_large_image","twitter_misc":{"Gesch\u00e4tzte Lesezeit":"4\u00a0Minuten"},"schema":{"@context":"https:\/\/schema.org","@graph":[{"@type":"WebPage","@id":"https:\/\/www.schwarzwaldverein-st-georgen.de\/index.php\/wandern\/","url":"https:\/\/www.schwarzwaldverein-st-georgen.de\/index.php\/wandern\/","name":"Wandern - Schwarzwaldverein St. Georgen e.V.","isPartOf":{"@id":"https:\/\/www.schwarzwaldverein-st-georgen.de\/#website"},"primaryImageOfPage":{"@id":"https:\/\/www.schwarzwaldverein-st-georgen.de\/index.php\/wandern\/#primaryimage"},"image":{"@id":"https:\/\/www.schwarzwaldverein-st-georgen.de\/index.php\/wandern\/#primaryimage"},"thumbnailUrl":"https:\/\/www.schwarzwaldverein-st-georgen.de\/wp-content\/uploads\/Neue-Wanderkarten-im-Herbst.png","datePublished":"2017-11-16T17:24:20+00:00","dateModified":"2021-12-17T09:38:45+00:00","breadcrumb":{"@id":"https:\/\/www.schwarzwaldverein-st-georgen.de\/index.php\/wandern\/#breadcrumb"},"inLanguage":"de","potentialAction":[{"@type":"ReadAction","target":["https:\/\/www.schwarzwaldverein-st-georgen.de\/index.php\/wandern\/"]}]},{"@type":"ImageObject","inLanguage":"de","@id":"https:\/\/www.schwarzwaldverein-st-georgen.de\/index.php\/wandern\/#primaryimage","url":"https:\/\/www.schwarzwaldverein-st-georgen.de\/wp-content\/uploads\/Neue-Wanderkarten-im-Herbst.png","contentUrl":"https:\/\/www.schwarzwaldverein-st-georgen.de\/wp-content\/uploads\/Neue-Wanderkarten-im-Herbst.png","width":1024,"height":683},{"@type":"BreadcrumbList","@id":"https:\/\/www.schwarzwaldverein-st-georgen.de\/index.php\/wandern\/#breadcrumb","itemListElement":[{"@type":"ListItem","position":1,"name":"Start","item":"https:\/\/www.schwarzwaldverein-st-georgen.de\/"},{"@type":"ListItem","position":2,"name":"Wandern"}]},{"@type":"WebSite","@id":"https:\/\/www.schwarzwaldverein-st-georgen.de\/#website","url":"https:\/\/www.schwarzwaldverein-st-georgen.de\/","name":"Schwarzwaldverein St. Georgen e.V.","description":"Wandern, Wege, Naturschutz, Familien, Wanderheim Lindenb\u00fcble","potentialAction":[{"@type":"SearchAction","target":{"@type":"EntryPoint","urlTemplate":"https:\/\/www.schwarzwaldverein-st-georgen.de\/?s={search_term_string}"},"query-input":{"@type":"PropertyValueSpecification","valueRequired":true,"valueName":"search_term_string"}}],"inLanguage":"de"}]}},"ticketed":false,"_links":{"self":[{"href":"https:\/\/www.schwarzwaldverein-st-georgen.de\/index.php\/wp-json\/wp\/v2\/pages\/53","targetHints":{"allow":["GET"]}}],"collection":[{"href":"https:\/\/www.schwarzwaldverein-st-georgen.de\/index.php\/wp-json\/wp\/v2\/pages"}],"about":[{"href":"https:\/\/www.schwarzwaldverein-st-georgen.de\/index.php\/wp-json\/wp\/v2\/types\/page"}],"author":[{"embeddable":true,"href":"https:\/\/www.schwarzwaldverein-st-georgen.de\/index.php\/wp-json\/wp\/v2\/users\/1"}],"replies":[{"embeddable":true,"href":"https:\/\/www.schwarzwaldverein-st-georgen.de\/index.php\/wp-json\/wp\/v2\/comments?post=53"}],"version-history":[{"count":3,"href":"https:\/\/www.schwarzwaldverein-st-georgen.de\/index.php\/wp-json\/wp\/v2\/pages\/53\/revisions"}],"predecessor-version":[{"id":1769,"href":"https:\/\/www.schwarzwaldverein-st-georgen.de\/index.php\/wp-json\/wp\/v2\/pages\/53\/revisions\/1769"}],"wp:attachment":[{"href":"https:\/\/www.schwarzwaldverein-st-georgen.de\/index.php\/wp-json\/wp\/v2\/media?parent=53"}],"curies":[{"name":"wp","href":"https:\/\/api.w.org\/{rel}","templated":true}]}}