{"id":454,"date":"2017-12-27T18:52:14","date_gmt":"2017-12-27T17:52:14","guid":{"rendered":"http:\/\/www.schwarzwaldverein-st-georgen.de\/?page_id=454"},"modified":"2026-02-06T14:40:35","modified_gmt":"2026-02-06T13:40:35","slug":"vorstand","status":"publish","type":"page","link":"https:\/\/www.schwarzwaldverein-st-georgen.de\/index.php\/ueber-mich\/vorstand\/","title":{"rendered":"Vereinsleitung"},"content":{"rendered":"<p>&nbsp;<\/p>\n<table style=\"width: 640px;\">\n<thead>\n<tr>\n<td style=\"vertical-align: top; width: 163px;\" colspan=\"2\" rowspan=\"1\">Vorstandschaft:<\/td>\n<td><\/td>\n<td><\/td>\n<\/tr>\n<\/thead>\n<tbody>\n<tr>\n<td style=\"vertical-align: top; width: 163px;\" colspan=\"2\" rowspan=\"1\"><\/td>\n<td><\/td>\n<td><\/td>\n<\/tr>\n<tr>\n<td style=\"vertical-align: top;\"><\/td>\n<td style=\"width: 163px;\"><\/td>\n<td><\/td>\n<td><\/td>\n<\/tr>\n<tr>\n<td style=\"vertical-align: top; width: 163px;\" colspan=\"2\" rowspan=\"1\">Vorsitzende:<\/td>\n<td><\/td>\n<td><\/td>\n<\/tr>\n<tr>\n<td style=\"vertical-align: top;\"><\/td>\n<td style=\"width: 163px;\">Uta Loreit<br \/>\nKirsten Heinzmann<\/td>\n<td>07724\/82738<br \/>\n07724\/3561<\/td>\n<td><a href=\"mailto:vorstand@schwarzwaldverein-st-georgen.de?Subject=1.Vorstand:%20\"><span style=\"color: #4a474b;\">vorstand@schwarzwaldverein-st-georgen.de<br \/>\n<\/span><\/a><\/td>\n<\/tr>\n<tr>\n<td style=\"vertical-align: top; width: 163px;\" colspan=\"2\" rowspan=\"1\">Rechner:<\/td>\n<td><\/td>\n<td><\/td>\n<\/tr>\n<tr>\n<td style=\"vertical-align: top;\"><\/td>\n<td style=\"width: 163px;\">Hanspeter Erchinger<\/td>\n<td>07724\/82198<\/td>\n<td><a href=\"mailto:vereinsrechner@schwarzwaldverein-st-georgen.de?Subject=Vereinsrechner:%20\"><span style=\"color: #4a474b;\">vereinsrechner@schwarzwaldverein-st-georgen.de<br \/>\n<\/span><\/a><\/td>\n<\/tr>\n<tr>\n<td style=\"vertical-align: top; width: 163px;\" colspan=\"2\" rowspan=\"1\">Schriftf\u00fchrerin:<\/td>\n<td><\/td>\n<td><\/td>\n<\/tr>\n<tr>\n<td style=\"vertical-align: top;\"><\/td>\n<td style=\"width: 163px;\">Nadine Lieber<\/td>\n<td>015785953887<\/td>\n<td><a href=\"mailto:schriftfuehrerin@schwarzwaldverein-st-georgen.de?Subject=Schriftfuehrerin:%20\"><span style=\"color: #4a474b;\">schriftfuehrerin@schwarzwaldverein-st-georgen.de<br \/>\n<\/span><\/a><\/td>\n<\/tr>\n<tr>\n<td style=\"vertical-align: top;\"><\/td>\n<td style=\"width: 163px;\">Wanderheimwart:<\/td>\n<td><\/td>\n<td><\/td>\n<\/tr>\n<tr>\n<td style=\"vertical-align: top;\"><\/td>\n<td style=\"width: 163px;\">Marc Lieber<\/td>\n<td>07724\/918474<\/td>\n<td><a href=\"mailto:wanderheimwart@schwarzwaldverein-st-georgen.de?Subject=Wanderheimwart:%20\"><span style=\"color: #4a474b;\">wanderheimwart@schwarzwaldverein-st-georgen.de<\/span><\/a><\/td>\n<\/tr>\n<tr>\n<td style=\"vertical-align: top; width: 163px;\" colspan=\"2\" rowspan=\"1\">Wanderwart:<\/td>\n<td><\/td>\n<td><\/td>\n<\/tr>\n<tr>\n<td style=\"vertical-align: top;\"><\/td>\n<td style=\"width: 163px;\">nicht besetzt<\/td>\n<td><\/td>\n<td><a href=\"mailto:wanderwart@schwarzwaldverein-st-georgen.de?Subject=Wanderwart:%20\"><span style=\"color: #4a474b;\">vorstand@schwarzwaldverein-st-georgen.de<br \/>\n<\/span><\/a><\/td>\n<\/tr>\n<tr>\n<td style=\"vertical-align: top; width: 163px;\" colspan=\"2\" rowspan=\"1\">Wegewart:<\/td>\n<td><\/td>\n<td><\/td>\n<\/tr>\n<tr>\n<td style=\"vertical-align: top;\"><\/td>\n<td style=\"width: 163px;\">Siegfried K\u00f6nig<\/td>\n<td>07724 \/ 2802<\/td>\n<td><a href=\"mailto:wegewart@schwarzwaldverein-st-georgen.de?Subject=Wegewart:%20\"><span style=\"color: #4a474b;\">wegewart@schwarzwaldverein-st-georgen.de<br \/>\n<\/span><\/a><\/td>\n<\/tr>\n<tr>\n<td style=\"vertical-align: top; width: 163px;\" colspan=\"2\" rowspan=\"1\">Naturschutzwart:<\/td>\n<td><\/td>\n<td><\/td>\n<\/tr>\n<tr>\n<td style=\"vertical-align: top;\"><\/td>\n<td style=\"width: 163px;\">Kirsten u. Axel Heinzmann<\/td>\n<td>07724 \/ 3561<\/td>\n<td><a href=\"mailto:natur-schutz@schwarzwaldverein-st-georgen.de?Subject=Naturschutzwart:%20\"><span style=\"color: #4a474b;\">natur-schutz@schwarzwaldverein-st-georgen.de<br \/>\n<\/span><\/a><\/td>\n<\/tr>\n<tr>\n<td style=\"vertical-align: top; width: 163px;\" colspan=\"2\" rowspan=\"1\">Beir\u00e4te:<\/td>\n<td><\/td>\n<td><\/td>\n<\/tr>\n<tr>\n<td style=\"vertical-align: top;\"><\/td>\n<td style=\"width: 289px;\" colspan=\"3\" rowspan=\"1\">Doris Krause,<br \/>\nCharlotte K\u00f6nig, Thomas Vogel<\/td>\n<\/tr>\n<tr>\n<td style=\"vertical-align: top; width: 163px;\" colspan=\"2\" rowspan=\"1\">Rechnungspr\u00fcfer:<\/td>\n<td><\/td>\n<td><\/td>\n<\/tr>\n<tr>\n<td style=\"vertical-align: top;\"><\/td>\n<td style=\"width: 289px;\" colspan=\"2\">Roswitha Dietz und Sabine<br \/>\nHaller<\/td>\n<td><\/td>\n<\/tr>\n<\/tbody>\n<\/table>\n","protected":false},"excerpt":{"rendered":"<p>&nbsp; Vorstandschaft: Vorsitzende: Uta Loreit Kirsten Heinzmann 07724\/82738 07724\/3561 vorstand@schwarzwaldverein-st-georgen.de Rechner: Hanspeter Erchinger 07724\/82198 vereinsrechner@schwarzwaldverein-st-georgen.de Schriftf\u00fchrerin: Nadine Lieber 015785953887 schriftfuehrerin@schwarzwaldverein-st-georgen.de Wanderheimwart: Marc Lieber 07724\/918474 wanderheimwart@schwarzwaldverein-st-georgen.de Wanderwart: nicht besetzt vorstand@schwarzwaldverein-st-georgen.de Wegewart: Siegfried K\u00f6nig 07724 \/ 2802 wegewart@schwarzwaldverein-st-georgen.de Naturschutzwart: Kirsten u. Axel Heinzmann 07724 \/ 3561 natur-schutz@schwarzwaldverein-st-georgen.de Beir\u00e4te: Doris Krause, Charlotte K\u00f6nig, Thomas Vogel Rechnungspr\u00fcfer: Roswitha Dietz &hellip; <\/p>\n<p><a class=\"more-link btn\" href=\"https:\/\/www.schwarzwaldverein-st-georgen.de\/index.php\/ueber-mich\/vorstand\/\">Weiterlesen<\/a><\/p>\n","protected":false},"author":1,"featured_media":0,"parent":19,"menu_order":0,"comment_status":"closed","ping_status":"closed","template":"template-twocolumnsleft.php","meta":{"_price":"","_stock":"","_tribe_ticket_header":"","_tribe_default_ticket_provider":"","_ticket_start_date":"","_ticket_end_date":"","_tribe_ticket_show_description":"","_tribe_ticket_show_not_going":false,"_tribe_ticket_use_global_stock":"","_tribe_ticket_global_stock_level":"","_global_stock_mode":"","_global_stock_cap":"","_tribe_rsvp_for_event":"","_tribe_ticket_going_count":"","_tribe_ticket_not_going_count":"","_tribe_tickets_list":"[]","_tribe_ticket_has_attendee_info_fields":false,"footnotes":"","_tec_slr_enabled":"","_tec_slr_layout":""},"class_list":["post-454","page","type-page","status-publish","hentry","nodate","item-wrap"],"yoast_head":"<!-- This site is optimized with the Yoast SEO plugin v26.8 - https:\/\/yoast.com\/product\/yoast-seo-wordpress\/ -->\n<title>Vereinsleitung - Schwarzwaldverein St. Georgen e.V.<\/title>\n<meta name=\"robots\" content=\"index, follow, max-snippet:-1, max-image-preview:large, max-video-preview:-1\" \/>\n<link rel=\"canonical\" href=\"https:\/\/www.schwarzwaldverein-st-georgen.de\/index.php\/ueber-mich\/vorstand\/\" \/>\n<meta property=\"og:locale\" content=\"de_DE\" \/>\n<meta property=\"og:type\" content=\"article\" \/>\n<meta property=\"og:title\" content=\"Vereinsleitung - Schwarzwaldverein St. Georgen e.V.\" \/>\n<meta property=\"og:description\" content=\"&nbsp; Vorstandschaft: Vorsitzende: Uta Loreit Kirsten Heinzmann 07724\/82738 07724\/3561 vorstand@schwarzwaldverein-st-georgen.de Rechner: Hanspeter Erchinger 07724\/82198 vereinsrechner@schwarzwaldverein-st-georgen.de Schriftf\u00fchrerin: Nadine Lieber 015785953887 schriftfuehrerin@schwarzwaldverein-st-georgen.de Wanderheimwart: Marc Lieber 07724\/918474 wanderheimwart@schwarzwaldverein-st-georgen.de Wanderwart: nicht besetzt vorstand@schwarzwaldverein-st-georgen.de Wegewart: Siegfried K\u00f6nig 07724 \/ 2802 wegewart@schwarzwaldverein-st-georgen.de Naturschutzwart: Kirsten u. Axel Heinzmann 07724 \/ 3561 natur-schutz@schwarzwaldverein-st-georgen.de Beir\u00e4te: Doris Krause, Charlotte K\u00f6nig, Thomas Vogel Rechnungspr\u00fcfer: Roswitha Dietz &hellip; Weiterlesen\" \/>\n<meta property=\"og:url\" content=\"https:\/\/www.schwarzwaldverein-st-georgen.de\/index.php\/ueber-mich\/vorstand\/\" \/>\n<meta property=\"og:site_name\" content=\"Schwarzwaldverein St. Georgen e.V.\" \/>\n<meta property=\"article:modified_time\" content=\"2026-02-06T13:40:35+00:00\" \/>\n<meta name=\"twitter:card\" content=\"summary_large_image\" \/>\n<meta name=\"twitter:label1\" content=\"Gesch\u00e4tzte Lesezeit\" \/>\n\t<meta name=\"twitter:data1\" content=\"1\u00a0Minute\" \/>\n<script type=\"application\/ld+json\" class=\"yoast-schema-graph\">{\"@context\":\"https:\/\/schema.org\",\"@graph\":[{\"@type\":\"WebPage\",\"@id\":\"https:\/\/www.schwarzwaldverein-st-georgen.de\/index.php\/ueber-mich\/vorstand\/\",\"url\":\"https:\/\/www.schwarzwaldverein-st-georgen.de\/index.php\/ueber-mich\/vorstand\/\",\"name\":\"Vereinsleitung - Schwarzwaldverein St. Georgen e.V.\",\"isPartOf\":{\"@id\":\"https:\/\/www.schwarzwaldverein-st-georgen.de\/#website\"},\"datePublished\":\"2017-12-27T17:52:14+00:00\",\"dateModified\":\"2026-02-06T13:40:35+00:00\",\"breadcrumb\":{\"@id\":\"https:\/\/www.schwarzwaldverein-st-georgen.de\/index.php\/ueber-mich\/vorstand\/#breadcrumb\"},\"inLanguage\":\"de\",\"potentialAction\":[{\"@type\":\"ReadAction\",\"target\":[\"https:\/\/www.schwarzwaldverein-st-georgen.de\/index.php\/ueber-mich\/vorstand\/\"]}]},{\"@type\":\"BreadcrumbList\",\"@id\":\"https:\/\/www.schwarzwaldverein-st-georgen.de\/index.php\/ueber-mich\/vorstand\/#breadcrumb\",\"itemListElement\":[{\"@type\":\"ListItem\",\"position\":1,\"name\":\"Start\",\"item\":\"https:\/\/www.schwarzwaldverein-st-georgen.de\/\"},{\"@type\":\"ListItem\",\"position\":2,\"name\":\"\u00dcber uns\",\"item\":\"https:\/\/www.schwarzwaldverein-st-georgen.de\/index.php\/ueber-mich\/\"},{\"@type\":\"ListItem\",\"position\":3,\"name\":\"Vereinsleitung\"}]},{\"@type\":\"WebSite\",\"@id\":\"https:\/\/www.schwarzwaldverein-st-georgen.de\/#website\",\"url\":\"https:\/\/www.schwarzwaldverein-st-georgen.de\/\",\"name\":\"Schwarzwaldverein St. Georgen e.V.\",\"description\":\"Wandern, Wege, Naturschutz, Familien, Wanderheim Lindenb\u00fcble\",\"potentialAction\":[{\"@type\":\"SearchAction\",\"target\":{\"@type\":\"EntryPoint\",\"urlTemplate\":\"https:\/\/www.schwarzwaldverein-st-georgen.de\/?s={search_term_string}\"},\"query-input\":{\"@type\":\"PropertyValueSpecification\",\"valueRequired\":true,\"valueName\":\"search_term_string\"}}],\"inLanguage\":\"de\"}]}<\/script>\n<!-- \/ Yoast SEO plugin. -->","yoast_head_json":{"title":"Vereinsleitung - Schwarzwaldverein St. Georgen e.V.","robots":{"index":"index","follow":"follow","max-snippet":"max-snippet:-1","max-image-preview":"max-image-preview:large","max-video-preview":"max-video-preview:-1"},"canonical":"https:\/\/www.schwarzwaldverein-st-georgen.de\/index.php\/ueber-mich\/vorstand\/","og_locale":"de_DE","og_type":"article","og_title":"Vereinsleitung - Schwarzwaldverein St. Georgen e.V.","og_description":"&nbsp; Vorstandschaft: Vorsitzende: Uta Loreit Kirsten Heinzmann 07724\/82738 07724\/3561 vorstand@schwarzwaldverein-st-georgen.de Rechner: Hanspeter Erchinger 07724\/82198 vereinsrechner@schwarzwaldverein-st-georgen.de Schriftf\u00fchrerin: Nadine Lieber 015785953887 schriftfuehrerin@schwarzwaldverein-st-georgen.de Wanderheimwart: Marc Lieber 07724\/918474 wanderheimwart@schwarzwaldverein-st-georgen.de Wanderwart: nicht besetzt vorstand@schwarzwaldverein-st-georgen.de Wegewart: Siegfried K\u00f6nig 07724 \/ 2802 wegewart@schwarzwaldverein-st-georgen.de Naturschutzwart: Kirsten u. Axel Heinzmann 07724 \/ 3561 natur-schutz@schwarzwaldverein-st-georgen.de Beir\u00e4te: Doris Krause, Charlotte K\u00f6nig, Thomas Vogel Rechnungspr\u00fcfer: Roswitha Dietz &hellip; Weiterlesen","og_url":"https:\/\/www.schwarzwaldverein-st-georgen.de\/index.php\/ueber-mich\/vorstand\/","og_site_name":"Schwarzwaldverein St. Georgen e.V.","article_modified_time":"2026-02-06T13:40:35+00:00","twitter_card":"summary_large_image","twitter_misc":{"Gesch\u00e4tzte Lesezeit":"1\u00a0Minute"},"schema":{"@context":"https:\/\/schema.org","@graph":[{"@type":"WebPage","@id":"https:\/\/www.schwarzwaldverein-st-georgen.de\/index.php\/ueber-mich\/vorstand\/","url":"https:\/\/www.schwarzwaldverein-st-georgen.de\/index.php\/ueber-mich\/vorstand\/","name":"Vereinsleitung - Schwarzwaldverein St. Georgen e.V.","isPartOf":{"@id":"https:\/\/www.schwarzwaldverein-st-georgen.de\/#website"},"datePublished":"2017-12-27T17:52:14+00:00","dateModified":"2026-02-06T13:40:35+00:00","breadcrumb":{"@id":"https:\/\/www.schwarzwaldverein-st-georgen.de\/index.php\/ueber-mich\/vorstand\/#breadcrumb"},"inLanguage":"de","potentialAction":[{"@type":"ReadAction","target":["https:\/\/www.schwarzwaldverein-st-georgen.de\/index.php\/ueber-mich\/vorstand\/"]}]},{"@type":"BreadcrumbList","@id":"https:\/\/www.schwarzwaldverein-st-georgen.de\/index.php\/ueber-mich\/vorstand\/#breadcrumb","itemListElement":[{"@type":"ListItem","position":1,"name":"Start","item":"https:\/\/www.schwarzwaldverein-st-georgen.de\/"},{"@type":"ListItem","position":2,"name":"\u00dcber uns","item":"https:\/\/www.schwarzwaldverein-st-georgen.de\/index.php\/ueber-mich\/"},{"@type":"ListItem","position":3,"name":"Vereinsleitung"}]},{"@type":"WebSite","@id":"https:\/\/www.schwarzwaldverein-st-georgen.de\/#website","url":"https:\/\/www.schwarzwaldverein-st-georgen.de\/","name":"Schwarzwaldverein St. Georgen e.V.","description":"Wandern, Wege, Naturschutz, Familien, Wanderheim Lindenb\u00fcble","potentialAction":[{"@type":"SearchAction","target":{"@type":"EntryPoint","urlTemplate":"https:\/\/www.schwarzwaldverein-st-georgen.de\/?s={search_term_string}"},"query-input":{"@type":"PropertyValueSpecification","valueRequired":true,"valueName":"search_term_string"}}],"inLanguage":"de"}]}},"ticketed":false,"_links":{"self":[{"href":"https:\/\/www.schwarzwaldverein-st-georgen.de\/index.php\/wp-json\/wp\/v2\/pages\/454","targetHints":{"allow":["GET"]}}],"collection":[{"href":"https:\/\/www.schwarzwaldverein-st-georgen.de\/index.php\/wp-json\/wp\/v2\/pages"}],"about":[{"href":"https:\/\/www.schwarzwaldverein-st-georgen.de\/index.php\/wp-json\/wp\/v2\/types\/page"}],"author":[{"embeddable":true,"href":"https:\/\/www.schwarzwaldverein-st-georgen.de\/index.php\/wp-json\/wp\/v2\/users\/1"}],"replies":[{"embeddable":true,"href":"https:\/\/www.schwarzwaldverein-st-georgen.de\/index.php\/wp-json\/wp\/v2\/comments?post=454"}],"version-history":[{"count":18,"href":"https:\/\/www.schwarzwaldverein-st-georgen.de\/index.php\/wp-json\/wp\/v2\/pages\/454\/revisions"}],"predecessor-version":[{"id":3016,"href":"https:\/\/www.schwarzwaldverein-st-georgen.de\/index.php\/wp-json\/wp\/v2\/pages\/454\/revisions\/3016"}],"up":[{"embeddable":true,"href":"https:\/\/www.schwarzwaldverein-st-georgen.de\/index.php\/wp-json\/wp\/v2\/pages\/19"}],"wp:attachment":[{"href":"https:\/\/www.schwarzwaldverein-st-georgen.de\/index.php\/wp-json\/wp\/v2\/media?parent=454"}],"curies":[{"name":"wp","href":"https:\/\/api.w.org\/{rel}","templated":true}]}}