{"id":238,"date":"2017-11-24T08:16:58","date_gmt":"2017-11-24T07:16:58","guid":{"rendered":"http:\/\/wp1032237.server-he.de\/?page_id=238"},"modified":"2021-04-13T08:15:54","modified_gmt":"2021-04-13T06:15:54","slug":"wanderhmwg","status":"publish","type":"page","link":"https:\/\/www.schwarzwaldverein-st-georgen.de\/index.php\/wanderheim\/wanderhmwg\/","title":{"rendered":"zu Fu\u00df zum Wanderheim"},"content":{"rendered":"<p><img loading=\"lazy\" decoding=\"async\" class=\"size-full wp-image-315 aligncenter\" src=\"http:\/\/www.schwarzwaldverein-st-georgen.de\/wp-content\/uploads\/ausschnittwanderheim.png\" alt=\"\" width=\"700\" height=\"120\" srcset=\"https:\/\/www.schwarzwaldverein-st-georgen.de\/wp-content\/uploads\/ausschnittwanderheim.png 700w, https:\/\/www.schwarzwaldverein-st-georgen.de\/wp-content\/uploads\/ausschnittwanderheim-300x51.png 300w\" sizes=\"auto, (max-width: 700px) 100vw, 700px\" \/><\/p>\n<p>&nbsp;<\/p>\n<table style=\"page-break-before: always;\" border=\"0\" width=\"684\" cellspacing=\"0\" cellpadding=\"4\">\n<tbody>\n<tr valign=\"top\">\n<th width=\"526\"><span style=\"font-size: large;\">So finden Sie unser Wanderheim &#8222;Lindenb\u00fcble&#8220;<\/span><\/th>\n<th width=\"142\"><\/th>\n<\/tr>\n<tr>\n<th align=\"left\">per Auto oder Bike&#8230; <iframe loading=\"lazy\" style=\"border: 0;\" src=\"https:\/\/www.google.com\/maps\/embed?pb=!1m18!1m12!1m3!1d2661.4405468851623!2d8.282441316014955!3d48.15958997922522!2m3!1f0!2f0!3f0!3m2!1i1024!2i768!4f13.1!3m3!1m2!1s0x4790c3dff7601ceb%3A0xe9c991c55548231a!2sWanderheim+Lindenb%C3%BCble+Schwarzwaldverein+St.Georgen+e.V.!5e0!3m2!1sde!2sde!4v1521716559454\" width=\"600\" height=\"450\" frameborder=\"0\" allowfullscreen=\"allowfullscreen\"><\/iframe><\/th>\n<th><\/th>\n<\/tr>\n<tr>\n<th align=\"left\">oder zu Fu\u00df<\/p>\n<p>Wanderung entlang der Wegweiserstandorte<\/p>\n<ol>\n<li>Stadtmitte auf roter Raute -&gt; Wagschachen -&gt; Hochw\u00e4lder H\u00f6he -&gt;<br \/>\nGasthaus Staude -&gt; Staude Parkplatz -&gt; Am Lindenb\u00fcble -&gt; ab hier<br \/>\nauf blauer Raute Richting Kieningers Hof. Nach ca. 200 m rechts zum Wanderheim<br \/>\nLindenb\u00fcble abbiegen.<br \/>\nStrecke ca. 7 Km<\/li>\n<li>Stadtmitte auf roter Raute -&gt; Wagschachen S\u00fcd -&gt; (gelbe Raute) Wagschachen<br \/>\nParkplatz -&gt; Hasenspielplatz -&gt; Rentnerh\u00fctte -&gt; Auf der Eck\/West<br \/>\n-&gt; (blaue Raute) Kieningershof -&gt; Am Lindenb\u00fcble. Ca. 200 m vorher<br \/>\nlinks zum Wanderheim Lindenb\u00fcble abbiegen.<br \/>\nStrecke ca. 7 Km<\/li>\n<\/ol>\n<\/th>\n<th><\/th>\n<\/tr>\n<tr valign=\"top\">\n<td width=\"526\"><strong>Skizze:<\/strong><br \/>\n<img loading=\"lazy\" decoding=\"async\" class=\"alignnone size-full wp-image-262\" src=\"http:\/\/www.schwarzwaldverein-st-georgen.de\/wp-content\/uploads\/Wanderheimplan_neu.jpg\" alt=\"\" width=\"785\" height=\"800\" srcset=\"https:\/\/www.schwarzwaldverein-st-georgen.de\/wp-content\/uploads\/Wanderheimplan_neu.jpg 785w, https:\/\/www.schwarzwaldverein-st-georgen.de\/wp-content\/uploads\/Wanderheimplan_neu-294x300.jpg 294w, https:\/\/www.schwarzwaldverein-st-georgen.de\/wp-content\/uploads\/Wanderheimplan_neu-768x783.jpg 768w\" sizes=\"auto, (max-width: 785px) 100vw, 785px\" \/> <\/p>\n<map name=\"wanderheimplana8dead\">\n<area title=\"Wanderheim &quot;Lindenb\u00fcble&quot;\" alt=\"Wanderheim &quot;Lindenb\u00fcble&quot;\" coords=\"322,153,369,193\" shape=\"rect\" href=\"wanderhm.htm\" target=\"hauptseite\" \/>\n<area title=\"Wanderheim &quot;Schopf&quot;\" alt=\"Wanderheim &quot;Schopf&quot;\" coords=\"387,214,470,248\" shape=\"rect\" href=\"..\/ferienhaus\/fewohn.htm\" target=\"hauptseite\" \/>\n<area title=\"Wanderheim &quot;Lindenb\u00fcble&quot;\" alt=\"Wanderheim &quot;Lindenb\u00fcble&quot;\" coords=\"379,161,483,195\" shape=\"rect\" href=\"wanderhm.htm\" target=\"hauptseite\" \/>\n<area title=\"Lageplan aller Wanderheime im Schwarzwald\" alt=\"Lageplan aller Wanderheime im Schwarzwald\" coords=\"381,1,508,48\" shape=\"rect\" href=\"whplan.html\" target=\"hauptseite\" \/><\/map>\n<p><i><b>Geschlossene Linie = <\/b><\/i><b>Stra\u00dfe<i>, gestrichelte Linie = <\/i>Wanderweg<\/b><\/td>\n<td width=\"142\"><\/td>\n<\/tr>\n<\/tbody>\n<\/table>\n<p><b>Wanderkarten<\/b><\/p>\n<ul>\n<li><b>Wanderkarte Schonach, Sch\u00f6nwald, Furtwangen, St. Georgen, Naturpark S\u00fcdschwarzwald, 1:30 000<\/b><\/li>\n<li><b>ADAC Blatt Nr. 11 &#8211; Ferienland im Schwarzwald Furtwangen &#8211; St.Georgen ,<br \/>\n1:30 000<\/b><\/li>\n<li><b>KOMPASS Blatt 885 &#8211; St. Georgen &#8211; Triberg,, 1:25 000<\/b><\/li>\n<li><b>Freizeitkarte F506 &#8211; Titisee-Neustadt, Naturpark S\u00fcdschwarzwald, 1. 50<br \/>\n000<\/b><\/li>\n<\/ul>\n<p>&nbsp;<\/p>\n<p>&nbsp;<\/p>\n","protected":false},"excerpt":{"rendered":"<p>&nbsp; So finden Sie unser Wanderheim &#8222;Lindenb\u00fcble&#8220; per Auto oder Bike&#8230; oder zu Fu\u00df Wanderung entlang der Wegweiserstandorte Stadtmitte auf roter Raute -&gt; Wagschachen -&gt; Hochw\u00e4lder H\u00f6he -&gt; Gasthaus Staude -&gt; Staude Parkplatz -&gt; Am Lindenb\u00fcble -&gt; ab hier auf blauer Raute Richting Kieningers Hof. Nach ca. 200 m rechts zum Wanderheim Lindenb\u00fcble abbiegen. Strecke &hellip; <\/p>\n<p><a class=\"more-link btn\" href=\"https:\/\/www.schwarzwaldverein-st-georgen.de\/index.php\/wanderheim\/wanderhmwg\/\">Weiterlesen<\/a><\/p>\n","protected":false},"author":2,"featured_media":0,"parent":127,"menu_order":4,"comment_status":"closed","ping_status":"closed","template":"template-twocolumnsleft.php","meta":{"_price":"","_stock":"","_tribe_ticket_header":"","_tribe_default_ticket_provider":"","_ticket_start_date":"","_ticket_end_date":"","_tribe_ticket_show_description":"","_tribe_ticket_show_not_going":false,"_tribe_ticket_use_global_stock":"","_tribe_ticket_global_stock_level":"","_global_stock_mode":"","_global_stock_cap":"","_tribe_rsvp_for_event":"","_tribe_ticket_going_count":"","_tribe_ticket_not_going_count":"","_tribe_tickets_list":"[]","_tribe_ticket_has_attendee_info_fields":false,"footnotes":"","_tec_slr_enabled":"","_tec_slr_layout":""},"class_list":["post-238","page","type-page","status-publish","hentry","nodate","item-wrap"],"yoast_head":"<!-- This site is optimized with the Yoast SEO plugin v26.8 - https:\/\/yoast.com\/product\/yoast-seo-wordpress\/ -->\n<title>zu Fu\u00df zum Wanderheim - Schwarzwaldverein St. Georgen e.V.<\/title>\n<meta name=\"robots\" content=\"index, follow, max-snippet:-1, max-image-preview:large, max-video-preview:-1\" \/>\n<link rel=\"canonical\" href=\"https:\/\/www.schwarzwaldverein-st-georgen.de\/index.php\/wanderheim\/wanderhmwg\/\" \/>\n<meta property=\"og:locale\" content=\"de_DE\" \/>\n<meta property=\"og:type\" content=\"article\" \/>\n<meta property=\"og:title\" content=\"zu Fu\u00df zum Wanderheim - Schwarzwaldverein St. Georgen e.V.\" \/>\n<meta property=\"og:description\" content=\"&nbsp; So finden Sie unser Wanderheim &#8222;Lindenb\u00fcble&#8220; per Auto oder Bike&#8230; oder zu Fu\u00df Wanderung entlang der Wegweiserstandorte Stadtmitte auf roter Raute -&gt; Wagschachen -&gt; Hochw\u00e4lder H\u00f6he -&gt; Gasthaus Staude -&gt; Staude Parkplatz -&gt; Am Lindenb\u00fcble -&gt; ab hier auf blauer Raute Richting Kieningers Hof. Nach ca. 200 m rechts zum Wanderheim Lindenb\u00fcble abbiegen. Strecke &hellip; Weiterlesen\" \/>\n<meta property=\"og:url\" content=\"https:\/\/www.schwarzwaldverein-st-georgen.de\/index.php\/wanderheim\/wanderhmwg\/\" \/>\n<meta property=\"og:site_name\" content=\"Schwarzwaldverein St. Georgen e.V.\" \/>\n<meta property=\"article:modified_time\" content=\"2021-04-13T06:15:54+00:00\" \/>\n<meta property=\"og:image\" content=\"http:\/\/www.schwarzwaldverein-st-georgen.de\/wp-content\/uploads\/ausschnittwanderheim.png\" \/>\n<meta name=\"twitter:card\" content=\"summary_large_image\" \/>\n<meta name=\"twitter:label1\" content=\"Gesch\u00e4tzte Lesezeit\" \/>\n\t<meta name=\"twitter:data1\" content=\"1\u00a0Minute\" \/>\n<script type=\"application\/ld+json\" class=\"yoast-schema-graph\">{\"@context\":\"https:\/\/schema.org\",\"@graph\":[{\"@type\":\"WebPage\",\"@id\":\"https:\/\/www.schwarzwaldverein-st-georgen.de\/index.php\/wanderheim\/wanderhmwg\/\",\"url\":\"https:\/\/www.schwarzwaldverein-st-georgen.de\/index.php\/wanderheim\/wanderhmwg\/\",\"name\":\"zu Fu\u00df zum Wanderheim - Schwarzwaldverein St. Georgen e.V.\",\"isPartOf\":{\"@id\":\"https:\/\/www.schwarzwaldverein-st-georgen.de\/#website\"},\"primaryImageOfPage\":{\"@id\":\"https:\/\/www.schwarzwaldverein-st-georgen.de\/index.php\/wanderheim\/wanderhmwg\/#primaryimage\"},\"image\":{\"@id\":\"https:\/\/www.schwarzwaldverein-st-georgen.de\/index.php\/wanderheim\/wanderhmwg\/#primaryimage\"},\"thumbnailUrl\":\"http:\/\/www.schwarzwaldverein-st-georgen.de\/wp-content\/uploads\/ausschnittwanderheim.png\",\"datePublished\":\"2017-11-24T07:16:58+00:00\",\"dateModified\":\"2021-04-13T06:15:54+00:00\",\"breadcrumb\":{\"@id\":\"https:\/\/www.schwarzwaldverein-st-georgen.de\/index.php\/wanderheim\/wanderhmwg\/#breadcrumb\"},\"inLanguage\":\"de\",\"potentialAction\":[{\"@type\":\"ReadAction\",\"target\":[\"https:\/\/www.schwarzwaldverein-st-georgen.de\/index.php\/wanderheim\/wanderhmwg\/\"]}]},{\"@type\":\"ImageObject\",\"inLanguage\":\"de\",\"@id\":\"https:\/\/www.schwarzwaldverein-st-georgen.de\/index.php\/wanderheim\/wanderhmwg\/#primaryimage\",\"url\":\"http:\/\/www.schwarzwaldverein-st-georgen.de\/wp-content\/uploads\/ausschnittwanderheim.png\",\"contentUrl\":\"http:\/\/www.schwarzwaldverein-st-georgen.de\/wp-content\/uploads\/ausschnittwanderheim.png\"},{\"@type\":\"BreadcrumbList\",\"@id\":\"https:\/\/www.schwarzwaldverein-st-georgen.de\/index.php\/wanderheim\/wanderhmwg\/#breadcrumb\",\"itemListElement\":[{\"@type\":\"ListItem\",\"position\":1,\"name\":\"Start\",\"item\":\"https:\/\/www.schwarzwaldverein-st-georgen.de\/\"},{\"@type\":\"ListItem\",\"position\":2,\"name\":\"Wanderheim &#8222;Lindenb\u00fcble&#8220;\",\"item\":\"https:\/\/www.schwarzwaldverein-st-georgen.de\/index.php\/wanderheim\/\"},{\"@type\":\"ListItem\",\"position\":3,\"name\":\"zu Fu\u00df zum Wanderheim\"}]},{\"@type\":\"WebSite\",\"@id\":\"https:\/\/www.schwarzwaldverein-st-georgen.de\/#website\",\"url\":\"https:\/\/www.schwarzwaldverein-st-georgen.de\/\",\"name\":\"Schwarzwaldverein St. Georgen e.V.\",\"description\":\"Wandern, Wege, Naturschutz, Familien, Wanderheim Lindenb\u00fcble\",\"potentialAction\":[{\"@type\":\"SearchAction\",\"target\":{\"@type\":\"EntryPoint\",\"urlTemplate\":\"https:\/\/www.schwarzwaldverein-st-georgen.de\/?s={search_term_string}\"},\"query-input\":{\"@type\":\"PropertyValueSpecification\",\"valueRequired\":true,\"valueName\":\"search_term_string\"}}],\"inLanguage\":\"de\"}]}<\/script>\n<!-- \/ Yoast SEO plugin. -->","yoast_head_json":{"title":"zu Fu\u00df zum Wanderheim - Schwarzwaldverein St. Georgen e.V.","robots":{"index":"index","follow":"follow","max-snippet":"max-snippet:-1","max-image-preview":"max-image-preview:large","max-video-preview":"max-video-preview:-1"},"canonical":"https:\/\/www.schwarzwaldverein-st-georgen.de\/index.php\/wanderheim\/wanderhmwg\/","og_locale":"de_DE","og_type":"article","og_title":"zu Fu\u00df zum Wanderheim - Schwarzwaldverein St. Georgen e.V.","og_description":"&nbsp; So finden Sie unser Wanderheim &#8222;Lindenb\u00fcble&#8220; per Auto oder Bike&#8230; oder zu Fu\u00df Wanderung entlang der Wegweiserstandorte Stadtmitte auf roter Raute -&gt; Wagschachen -&gt; Hochw\u00e4lder H\u00f6he -&gt; Gasthaus Staude -&gt; Staude Parkplatz -&gt; Am Lindenb\u00fcble -&gt; ab hier auf blauer Raute Richting Kieningers Hof. Nach ca. 200 m rechts zum Wanderheim Lindenb\u00fcble abbiegen. Strecke &hellip; Weiterlesen","og_url":"https:\/\/www.schwarzwaldverein-st-georgen.de\/index.php\/wanderheim\/wanderhmwg\/","og_site_name":"Schwarzwaldverein St. Georgen e.V.","article_modified_time":"2021-04-13T06:15:54+00:00","og_image":[{"url":"http:\/\/www.schwarzwaldverein-st-georgen.de\/wp-content\/uploads\/ausschnittwanderheim.png","type":"","width":"","height":""}],"twitter_card":"summary_large_image","twitter_misc":{"Gesch\u00e4tzte Lesezeit":"1\u00a0Minute"},"schema":{"@context":"https:\/\/schema.org","@graph":[{"@type":"WebPage","@id":"https:\/\/www.schwarzwaldverein-st-georgen.de\/index.php\/wanderheim\/wanderhmwg\/","url":"https:\/\/www.schwarzwaldverein-st-georgen.de\/index.php\/wanderheim\/wanderhmwg\/","name":"zu Fu\u00df zum Wanderheim - Schwarzwaldverein St. Georgen e.V.","isPartOf":{"@id":"https:\/\/www.schwarzwaldverein-st-georgen.de\/#website"},"primaryImageOfPage":{"@id":"https:\/\/www.schwarzwaldverein-st-georgen.de\/index.php\/wanderheim\/wanderhmwg\/#primaryimage"},"image":{"@id":"https:\/\/www.schwarzwaldverein-st-georgen.de\/index.php\/wanderheim\/wanderhmwg\/#primaryimage"},"thumbnailUrl":"http:\/\/www.schwarzwaldverein-st-georgen.de\/wp-content\/uploads\/ausschnittwanderheim.png","datePublished":"2017-11-24T07:16:58+00:00","dateModified":"2021-04-13T06:15:54+00:00","breadcrumb":{"@id":"https:\/\/www.schwarzwaldverein-st-georgen.de\/index.php\/wanderheim\/wanderhmwg\/#breadcrumb"},"inLanguage":"de","potentialAction":[{"@type":"ReadAction","target":["https:\/\/www.schwarzwaldverein-st-georgen.de\/index.php\/wanderheim\/wanderhmwg\/"]}]},{"@type":"ImageObject","inLanguage":"de","@id":"https:\/\/www.schwarzwaldverein-st-georgen.de\/index.php\/wanderheim\/wanderhmwg\/#primaryimage","url":"http:\/\/www.schwarzwaldverein-st-georgen.de\/wp-content\/uploads\/ausschnittwanderheim.png","contentUrl":"http:\/\/www.schwarzwaldverein-st-georgen.de\/wp-content\/uploads\/ausschnittwanderheim.png"},{"@type":"BreadcrumbList","@id":"https:\/\/www.schwarzwaldverein-st-georgen.de\/index.php\/wanderheim\/wanderhmwg\/#breadcrumb","itemListElement":[{"@type":"ListItem","position":1,"name":"Start","item":"https:\/\/www.schwarzwaldverein-st-georgen.de\/"},{"@type":"ListItem","position":2,"name":"Wanderheim &#8222;Lindenb\u00fcble&#8220;","item":"https:\/\/www.schwarzwaldverein-st-georgen.de\/index.php\/wanderheim\/"},{"@type":"ListItem","position":3,"name":"zu Fu\u00df zum Wanderheim"}]},{"@type":"WebSite","@id":"https:\/\/www.schwarzwaldverein-st-georgen.de\/#website","url":"https:\/\/www.schwarzwaldverein-st-georgen.de\/","name":"Schwarzwaldverein St. Georgen e.V.","description":"Wandern, Wege, Naturschutz, Familien, Wanderheim Lindenb\u00fcble","potentialAction":[{"@type":"SearchAction","target":{"@type":"EntryPoint","urlTemplate":"https:\/\/www.schwarzwaldverein-st-georgen.de\/?s={search_term_string}"},"query-input":{"@type":"PropertyValueSpecification","valueRequired":true,"valueName":"search_term_string"}}],"inLanguage":"de"}]}},"ticketed":false,"_links":{"self":[{"href":"https:\/\/www.schwarzwaldverein-st-georgen.de\/index.php\/wp-json\/wp\/v2\/pages\/238","targetHints":{"allow":["GET"]}}],"collection":[{"href":"https:\/\/www.schwarzwaldverein-st-georgen.de\/index.php\/wp-json\/wp\/v2\/pages"}],"about":[{"href":"https:\/\/www.schwarzwaldverein-st-georgen.de\/index.php\/wp-json\/wp\/v2\/types\/page"}],"author":[{"embeddable":true,"href":"https:\/\/www.schwarzwaldverein-st-georgen.de\/index.php\/wp-json\/wp\/v2\/users\/2"}],"replies":[{"embeddable":true,"href":"https:\/\/www.schwarzwaldverein-st-georgen.de\/index.php\/wp-json\/wp\/v2\/comments?post=238"}],"version-history":[{"count":16,"href":"https:\/\/www.schwarzwaldverein-st-georgen.de\/index.php\/wp-json\/wp\/v2\/pages\/238\/revisions"}],"predecessor-version":[{"id":631,"href":"https:\/\/www.schwarzwaldverein-st-georgen.de\/index.php\/wp-json\/wp\/v2\/pages\/238\/revisions\/631"}],"up":[{"embeddable":true,"href":"https:\/\/www.schwarzwaldverein-st-georgen.de\/index.php\/wp-json\/wp\/v2\/pages\/127"}],"wp:attachment":[{"href":"https:\/\/www.schwarzwaldverein-st-georgen.de\/index.php\/wp-json\/wp\/v2\/media?parent=238"}],"curies":[{"name":"wp","href":"https:\/\/api.w.org\/{rel}","templated":true}]}}