{"id":1750,"date":"2021-12-17T08:45:17","date_gmt":"2021-12-17T07:45:17","guid":{"rendered":"https:\/\/www.schwarzwaldverein-st-georgen.de\/?page_id=1750"},"modified":"2021-12-17T10:25:39","modified_gmt":"2021-12-17T09:25:39","slug":"touristische-wege","status":"publish","type":"page","link":"https:\/\/www.schwarzwaldverein-st-georgen.de\/index.php\/wege\/touristische-wege\/","title":{"rendered":"Touristische Wege"},"content":{"rendered":"<table>\n<tbody>\n<tr>\n<td style=\"vertical-align: top; height: 305px; width: 540px;\">\n<iframe loading=\"lazy\" title=\"YouTube video player\" src=\"https:\/\/www.youtube.com\/embed\/AFnEnZwUOSE\" width=\"540\" height=\"305\" frameborder=\"0\" allowfullscreen=\"allowfullscreen\"><\/iframe><\/td>\n<td style=\"vertical-align: top; width: 250px;\"><strong>Wanderrouten , Themenwege, Pr\u00e4dikatswege\u2026<\/strong> in den vergangenen Jahren sind zahlreiche touristische Wege im Schwarzwald neu geschaffen worden. Allen gemeinsam ist, dass sie komplett in das Wegenetz des Schwarzwaldvereins integriert sind und in Zusammenarbeit mit den Vereinen vor Ort und dem Wegereferat eingerichtet wurden. Auch f\u00fcr die Betreuung sind die Wegewarte des\u00a0 Ortsvereins zust\u00e4ndig.<\/p>\n<p>F\u00fcr diese Touristischen Routen gelten einige besondere Regeln.<\/td>\n<\/tr>\n<\/tbody>\n<\/table>\n<table style=\"text-align: left;\" border=\"0\" cellspacing=\"2\" cellpadding=\"2\">\n<tbody>\n<tr>\n<td style=\"vertical-align: top; height: 200px; width: 400px;\"><img loading=\"lazy\" decoding=\"async\" class=\"alignnone size-full wp-image-1735\" src=\"https:\/\/www.schwarzwaldverein-st-georgen.de\/wp-content\/uploads\/sonstiges\/biederbach-53-768x512-1.jpg\" alt=\"\" width=\"768\" height=\"512\" srcset=\"https:\/\/www.schwarzwaldverein-st-georgen.de\/wp-content\/uploads\/sonstiges\/biederbach-53-768x512-1.jpg 768w, https:\/\/www.schwarzwaldverein-st-georgen.de\/wp-content\/uploads\/sonstiges\/biederbach-53-768x512-1-300x200.jpg 300w\" sizes=\"auto, (max-width: 768px) 100vw, 768px\" \/><\/td>\n<td style=\"vertical-align: top;\">\n<h4>Touristische Routen<\/h4>\n<p>Die touristischen Routen sind am Wegweiserpfosten mit einem kleineren Zusatzschild markiert. Zwischen den Wegweisern leitet die zugeordnete Raute. Das bedeutet: Tr\u00e4gt das Routenschild am Wegweiser z.B. eine blaue Raute, folgt man unterwegs eben dieser Raute bis zum n\u00e4chsten Wegweiserstandort.<\/td>\n<\/tr>\n<tr>\n<td style=\"vertical-align: top; height: 200px; width: 400px;\"><img loading=\"lazy\" decoding=\"async\" class=\"alignnone size-full wp-image-1736\" src=\"https:\/\/www.schwarzwaldverein-st-georgen.de\/wp-content\/uploads\/sonstiges\/wegweiser_bernau_98-768x512-1.jpg\" alt=\"\" width=\"768\" height=\"512\" srcset=\"https:\/\/www.schwarzwaldverein-st-georgen.de\/wp-content\/uploads\/sonstiges\/wegweiser_bernau_98-768x512-1.jpg 768w, https:\/\/www.schwarzwaldverein-st-georgen.de\/wp-content\/uploads\/sonstiges\/wegweiser_bernau_98-768x512-1-300x200.jpg 300w\" sizes=\"auto, (max-width: 768px) 100vw, 768px\" \/><\/td>\n<td style=\"vertical-align: top;\">\n<h4>Pr\u00e4dikatswege<\/h4>\n<p>Im Schwarzwald gibt es unter anderem zertifizierte Tages- oder Halbtagestouren (Premiumwege= Genie\u00dferpfade und Qualit\u00e4tswege). Das sind Wege, die mit hohem Aufwand optimiert und gepr\u00fcft sind und so ein besonderes Wandererlebnis garantieren sollen.<\/p>\n<p>Beide Kategorien sind mit einem Routenschild mit zwei Zielen ausgestattet.<br \/>\nAuch hier ist im Standortfeld die wegweisende Raute angebracht. Bei Genie\u00dferpfaden und Qualit\u00e4tswegen\u00a0 f\u00fchrt\u00a0 unterwegs zus\u00e4tzlich zur Raute das \u201eBollenhut\u201c-Logo.<\/td>\n<\/tr>\n<tr>\n<td style=\"vertical-align: top; height: 200px; width: 400px;\"><img loading=\"lazy\" decoding=\"async\" class=\"alignnone size-full wp-image-1737\" src=\"https:\/\/www.schwarzwaldverein-st-georgen.de\/wp-content\/uploads\/sonstiges\/gelbe-raute_geniesserpfad_72-768x512-1.jpg\" alt=\"\" width=\"768\" height=\"512\" srcset=\"https:\/\/www.schwarzwaldverein-st-georgen.de\/wp-content\/uploads\/sonstiges\/gelbe-raute_geniesserpfad_72-768x512-1.jpg 768w, https:\/\/www.schwarzwaldverein-st-georgen.de\/wp-content\/uploads\/sonstiges\/gelbe-raute_geniesserpfad_72-768x512-1-300x200.jpg 300w\" sizes=\"auto, (max-width: 768px) 100vw, 768px\" \/><\/p>\n<p><img loading=\"lazy\" decoding=\"async\" class=\"alignnone size-full wp-image-1738\" src=\"https:\/\/www.schwarzwaldverein-st-georgen.de\/wp-content\/uploads\/sonstiges\/wegschililderklaert2-768x627-1.png\" alt=\"\" width=\"768\" height=\"627\" srcset=\"https:\/\/www.schwarzwaldverein-st-georgen.de\/wp-content\/uploads\/sonstiges\/wegschililderklaert2-768x627-1.png 768w, https:\/\/www.schwarzwaldverein-st-georgen.de\/wp-content\/uploads\/sonstiges\/wegschililderklaert2-768x627-1-300x245.png 300w\" sizes=\"auto, (max-width: 768px) 100vw, 768px\" \/><\/td>\n<td style=\"vertical-align: top;\"><small><strong>Sonderfall Genie\u00dferpfade und Qualit\u00e4tswege:<\/strong> Wegen Anforderungen der Zertifizierung findet sich bei den Pr\u00e4dikatswegen unterwegs auch das Bollenhut-Zeichen zus\u00e4tzlich zur Raute.<\/small><\/td>\n<\/tr>\n<\/tbody>\n<\/table>\n","protected":false},"excerpt":{"rendered":"<p>Wanderrouten , Themenwege, Pr\u00e4dikatswege\u2026 in den vergangenen Jahren sind zahlreiche touristische Wege im Schwarzwald neu geschaffen worden. Allen gemeinsam ist, dass sie komplett in das Wegenetz des Schwarzwaldvereins integriert sind und in Zusammenarbeit mit den Vereinen vor Ort und dem Wegereferat eingerichtet wurden. Auch f\u00fcr die Betreuung sind die Wegewarte des\u00a0 Ortsvereins zust\u00e4ndig. F\u00fcr diese &hellip; <\/p>\n<p><a class=\"more-link btn\" href=\"https:\/\/www.schwarzwaldverein-st-georgen.de\/index.php\/wege\/touristische-wege\/\">Weiterlesen<\/a><\/p>\n","protected":false},"author":1,"featured_media":0,"parent":56,"menu_order":4,"comment_status":"closed","ping_status":"closed","template":"","meta":{"_price":"","_stock":"","_tribe_ticket_header":"","_tribe_default_ticket_provider":"","_ticket_start_date":"","_ticket_end_date":"","_tribe_ticket_show_description":"","_tribe_ticket_show_not_going":false,"_tribe_ticket_use_global_stock":"","_tribe_ticket_global_stock_level":"","_global_stock_mode":"","_global_stock_cap":"","_tribe_rsvp_for_event":"","_tribe_ticket_going_count":"","_tribe_ticket_not_going_count":"","_tribe_tickets_list":"[]","_tribe_ticket_has_attendee_info_fields":false,"footnotes":"","_tec_slr_enabled":"","_tec_slr_layout":""},"class_list":["post-1750","page","type-page","status-publish","hentry","nodate","item-wrap"],"yoast_head":"<!-- This site is optimized with the Yoast SEO plugin v26.8 - https:\/\/yoast.com\/product\/yoast-seo-wordpress\/ -->\n<title>Touristische Wege - Schwarzwaldverein St. Georgen e.V.<\/title>\n<meta name=\"robots\" content=\"index, follow, max-snippet:-1, max-image-preview:large, max-video-preview:-1\" \/>\n<link rel=\"canonical\" href=\"https:\/\/www.schwarzwaldverein-st-georgen.de\/index.php\/wege\/touristische-wege\/\" \/>\n<meta property=\"og:locale\" content=\"de_DE\" \/>\n<meta property=\"og:type\" content=\"article\" \/>\n<meta property=\"og:title\" content=\"Touristische Wege - Schwarzwaldverein St. Georgen e.V.\" \/>\n<meta property=\"og:description\" content=\"Wanderrouten , Themenwege, Pr\u00e4dikatswege\u2026 in den vergangenen Jahren sind zahlreiche touristische Wege im Schwarzwald neu geschaffen worden. Allen gemeinsam ist, dass sie komplett in das Wegenetz des Schwarzwaldvereins integriert sind und in Zusammenarbeit mit den Vereinen vor Ort und dem Wegereferat eingerichtet wurden. Auch f\u00fcr die Betreuung sind die Wegewarte des\u00a0 Ortsvereins zust\u00e4ndig. F\u00fcr diese &hellip; Weiterlesen\" \/>\n<meta property=\"og:url\" content=\"https:\/\/www.schwarzwaldverein-st-georgen.de\/index.php\/wege\/touristische-wege\/\" \/>\n<meta property=\"og:site_name\" content=\"Schwarzwaldverein St. Georgen e.V.\" \/>\n<meta property=\"article:modified_time\" content=\"2021-12-17T09:25:39+00:00\" \/>\n<meta property=\"og:image\" content=\"https:\/\/www.schwarzwaldverein-st-georgen.de\/wp-content\/uploads\/sonstiges\/biederbach-53-768x512-1.jpg\" \/>\n<meta name=\"twitter:card\" content=\"summary_large_image\" \/>\n<meta name=\"twitter:label1\" content=\"Gesch\u00e4tzte Lesezeit\" \/>\n\t<meta name=\"twitter:data1\" content=\"2\u00a0Minuten\" \/>\n<script type=\"application\/ld+json\" class=\"yoast-schema-graph\">{\"@context\":\"https:\/\/schema.org\",\"@graph\":[{\"@type\":\"WebPage\",\"@id\":\"https:\/\/www.schwarzwaldverein-st-georgen.de\/index.php\/wege\/touristische-wege\/\",\"url\":\"https:\/\/www.schwarzwaldverein-st-georgen.de\/index.php\/wege\/touristische-wege\/\",\"name\":\"Touristische Wege - Schwarzwaldverein St. Georgen e.V.\",\"isPartOf\":{\"@id\":\"https:\/\/www.schwarzwaldverein-st-georgen.de\/#website\"},\"primaryImageOfPage\":{\"@id\":\"https:\/\/www.schwarzwaldverein-st-georgen.de\/index.php\/wege\/touristische-wege\/#primaryimage\"},\"image\":{\"@id\":\"https:\/\/www.schwarzwaldverein-st-georgen.de\/index.php\/wege\/touristische-wege\/#primaryimage\"},\"thumbnailUrl\":\"https:\/\/www.schwarzwaldverein-st-georgen.de\/wp-content\/uploads\/sonstiges\/biederbach-53-768x512-1.jpg\",\"datePublished\":\"2021-12-17T07:45:17+00:00\",\"dateModified\":\"2021-12-17T09:25:39+00:00\",\"breadcrumb\":{\"@id\":\"https:\/\/www.schwarzwaldverein-st-georgen.de\/index.php\/wege\/touristische-wege\/#breadcrumb\"},\"inLanguage\":\"de\",\"potentialAction\":[{\"@type\":\"ReadAction\",\"target\":[\"https:\/\/www.schwarzwaldverein-st-georgen.de\/index.php\/wege\/touristische-wege\/\"]}]},{\"@type\":\"ImageObject\",\"inLanguage\":\"de\",\"@id\":\"https:\/\/www.schwarzwaldverein-st-georgen.de\/index.php\/wege\/touristische-wege\/#primaryimage\",\"url\":\"https:\/\/www.schwarzwaldverein-st-georgen.de\/wp-content\/uploads\/sonstiges\/biederbach-53-768x512-1.jpg\",\"contentUrl\":\"https:\/\/www.schwarzwaldverein-st-georgen.de\/wp-content\/uploads\/sonstiges\/biederbach-53-768x512-1.jpg\",\"width\":768,\"height\":512},{\"@type\":\"BreadcrumbList\",\"@id\":\"https:\/\/www.schwarzwaldverein-st-georgen.de\/index.php\/wege\/touristische-wege\/#breadcrumb\",\"itemListElement\":[{\"@type\":\"ListItem\",\"position\":1,\"name\":\"Start\",\"item\":\"https:\/\/www.schwarzwaldverein-st-georgen.de\/\"},{\"@type\":\"ListItem\",\"position\":2,\"name\":\"Wanderwege\",\"item\":\"https:\/\/www.schwarzwaldverein-st-georgen.de\/index.php\/wege\/\"},{\"@type\":\"ListItem\",\"position\":3,\"name\":\"Touristische Wege\"}]},{\"@type\":\"WebSite\",\"@id\":\"https:\/\/www.schwarzwaldverein-st-georgen.de\/#website\",\"url\":\"https:\/\/www.schwarzwaldverein-st-georgen.de\/\",\"name\":\"Schwarzwaldverein St. Georgen e.V.\",\"description\":\"Wandern, Wege, Naturschutz, Familien, Wanderheim Lindenb\u00fcble\",\"potentialAction\":[{\"@type\":\"SearchAction\",\"target\":{\"@type\":\"EntryPoint\",\"urlTemplate\":\"https:\/\/www.schwarzwaldverein-st-georgen.de\/?s={search_term_string}\"},\"query-input\":{\"@type\":\"PropertyValueSpecification\",\"valueRequired\":true,\"valueName\":\"search_term_string\"}}],\"inLanguage\":\"de\"}]}<\/script>\n<!-- \/ Yoast SEO plugin. -->","yoast_head_json":{"title":"Touristische Wege - Schwarzwaldverein St. Georgen e.V.","robots":{"index":"index","follow":"follow","max-snippet":"max-snippet:-1","max-image-preview":"max-image-preview:large","max-video-preview":"max-video-preview:-1"},"canonical":"https:\/\/www.schwarzwaldverein-st-georgen.de\/index.php\/wege\/touristische-wege\/","og_locale":"de_DE","og_type":"article","og_title":"Touristische Wege - Schwarzwaldverein St. Georgen e.V.","og_description":"Wanderrouten , Themenwege, Pr\u00e4dikatswege\u2026 in den vergangenen Jahren sind zahlreiche touristische Wege im Schwarzwald neu geschaffen worden. Allen gemeinsam ist, dass sie komplett in das Wegenetz des Schwarzwaldvereins integriert sind und in Zusammenarbeit mit den Vereinen vor Ort und dem Wegereferat eingerichtet wurden. Auch f\u00fcr die Betreuung sind die Wegewarte des\u00a0 Ortsvereins zust\u00e4ndig. F\u00fcr diese &hellip; Weiterlesen","og_url":"https:\/\/www.schwarzwaldverein-st-georgen.de\/index.php\/wege\/touristische-wege\/","og_site_name":"Schwarzwaldverein St. Georgen e.V.","article_modified_time":"2021-12-17T09:25:39+00:00","og_image":[{"url":"https:\/\/www.schwarzwaldverein-st-georgen.de\/wp-content\/uploads\/sonstiges\/biederbach-53-768x512-1.jpg","type":"","width":"","height":""}],"twitter_card":"summary_large_image","twitter_misc":{"Gesch\u00e4tzte Lesezeit":"2\u00a0Minuten"},"schema":{"@context":"https:\/\/schema.org","@graph":[{"@type":"WebPage","@id":"https:\/\/www.schwarzwaldverein-st-georgen.de\/index.php\/wege\/touristische-wege\/","url":"https:\/\/www.schwarzwaldverein-st-georgen.de\/index.php\/wege\/touristische-wege\/","name":"Touristische Wege - Schwarzwaldverein St. Georgen e.V.","isPartOf":{"@id":"https:\/\/www.schwarzwaldverein-st-georgen.de\/#website"},"primaryImageOfPage":{"@id":"https:\/\/www.schwarzwaldverein-st-georgen.de\/index.php\/wege\/touristische-wege\/#primaryimage"},"image":{"@id":"https:\/\/www.schwarzwaldverein-st-georgen.de\/index.php\/wege\/touristische-wege\/#primaryimage"},"thumbnailUrl":"https:\/\/www.schwarzwaldverein-st-georgen.de\/wp-content\/uploads\/sonstiges\/biederbach-53-768x512-1.jpg","datePublished":"2021-12-17T07:45:17+00:00","dateModified":"2021-12-17T09:25:39+00:00","breadcrumb":{"@id":"https:\/\/www.schwarzwaldverein-st-georgen.de\/index.php\/wege\/touristische-wege\/#breadcrumb"},"inLanguage":"de","potentialAction":[{"@type":"ReadAction","target":["https:\/\/www.schwarzwaldverein-st-georgen.de\/index.php\/wege\/touristische-wege\/"]}]},{"@type":"ImageObject","inLanguage":"de","@id":"https:\/\/www.schwarzwaldverein-st-georgen.de\/index.php\/wege\/touristische-wege\/#primaryimage","url":"https:\/\/www.schwarzwaldverein-st-georgen.de\/wp-content\/uploads\/sonstiges\/biederbach-53-768x512-1.jpg","contentUrl":"https:\/\/www.schwarzwaldverein-st-georgen.de\/wp-content\/uploads\/sonstiges\/biederbach-53-768x512-1.jpg","width":768,"height":512},{"@type":"BreadcrumbList","@id":"https:\/\/www.schwarzwaldverein-st-georgen.de\/index.php\/wege\/touristische-wege\/#breadcrumb","itemListElement":[{"@type":"ListItem","position":1,"name":"Start","item":"https:\/\/www.schwarzwaldverein-st-georgen.de\/"},{"@type":"ListItem","position":2,"name":"Wanderwege","item":"https:\/\/www.schwarzwaldverein-st-georgen.de\/index.php\/wege\/"},{"@type":"ListItem","position":3,"name":"Touristische Wege"}]},{"@type":"WebSite","@id":"https:\/\/www.schwarzwaldverein-st-georgen.de\/#website","url":"https:\/\/www.schwarzwaldverein-st-georgen.de\/","name":"Schwarzwaldverein St. Georgen e.V.","description":"Wandern, Wege, Naturschutz, Familien, Wanderheim Lindenb\u00fcble","potentialAction":[{"@type":"SearchAction","target":{"@type":"EntryPoint","urlTemplate":"https:\/\/www.schwarzwaldverein-st-georgen.de\/?s={search_term_string}"},"query-input":{"@type":"PropertyValueSpecification","valueRequired":true,"valueName":"search_term_string"}}],"inLanguage":"de"}]}},"ticketed":false,"_links":{"self":[{"href":"https:\/\/www.schwarzwaldverein-st-georgen.de\/index.php\/wp-json\/wp\/v2\/pages\/1750","targetHints":{"allow":["GET"]}}],"collection":[{"href":"https:\/\/www.schwarzwaldverein-st-georgen.de\/index.php\/wp-json\/wp\/v2\/pages"}],"about":[{"href":"https:\/\/www.schwarzwaldverein-st-georgen.de\/index.php\/wp-json\/wp\/v2\/types\/page"}],"author":[{"embeddable":true,"href":"https:\/\/www.schwarzwaldverein-st-georgen.de\/index.php\/wp-json\/wp\/v2\/users\/1"}],"replies":[{"embeddable":true,"href":"https:\/\/www.schwarzwaldverein-st-georgen.de\/index.php\/wp-json\/wp\/v2\/comments?post=1750"}],"version-history":[{"count":4,"href":"https:\/\/www.schwarzwaldverein-st-georgen.de\/index.php\/wp-json\/wp\/v2\/pages\/1750\/revisions"}],"predecessor-version":[{"id":1765,"href":"https:\/\/www.schwarzwaldverein-st-georgen.de\/index.php\/wp-json\/wp\/v2\/pages\/1750\/revisions\/1765"}],"up":[{"embeddable":true,"href":"https:\/\/www.schwarzwaldverein-st-georgen.de\/index.php\/wp-json\/wp\/v2\/pages\/56"}],"wp:attachment":[{"href":"https:\/\/www.schwarzwaldverein-st-georgen.de\/index.php\/wp-json\/wp\/v2\/media?parent=1750"}],"curies":[{"name":"wp","href":"https:\/\/api.w.org\/{rel}","templated":true}]}}