{"id":1724,"date":"2021-12-16T18:25:32","date_gmt":"2021-12-16T17:25:32","guid":{"rendered":"https:\/\/www.schwarzwaldverein-st-georgen.de\/?page_id=1724"},"modified":"2021-12-17T10:23:31","modified_gmt":"2021-12-17T09:23:31","slug":"der-wegweiser","status":"publish","type":"page","link":"https:\/\/www.schwarzwaldverein-st-georgen.de\/index.php\/wege\/der-wegweiser\/","title":{"rendered":"Der Wegweiser"},"content":{"rendered":"<table>\n<tbody>\n<tr>\n<td style=\"vertical-align: top; height: 305px; width: 540px;\">\n<iframe loading=\"lazy\" title=\"YouTube video player\" src=\"https:\/\/www.youtube.com\/embed\/4P-iS4IHu6s\" width=\"540\" height=\"305\" frameborder=\"0\" allowfullscreen=\"allowfullscreen\"><\/iframe><\/td>\n<td style=\"vertical-align: top; width: 250px;\"><strong>Wegweiser<\/strong> stehen an wichtigen Ausgangspunkten f\u00fcr Wanderer (Bahnhof, Wanderparkplatz,\u2026) und \u00fcberall da, wo markierte Wege aus mindestens drei Richtungen aufeinandertreffen.<\/p>\n<div class=\"elementor-image\"><a href=\"https:\/\/www.schwarzwaldverein.de\/wp-content\/uploads\/2021\/02\/faltblatt_wege_2019.pdf\" target=\"_blank\" rel=\"noopener\"><img loading=\"lazy\" decoding=\"async\" class=\"attachment-large lazy loaded alignleft\" src=\"https:\/\/www.schwarzwaldverein.de\/wp-content\/uploads\/2021\/02\/prev_wegeflyer.jpg\" sizes=\"auto, (max-width: 431px) 100vw, 431px\" srcset=\"https:\/\/www.schwarzwaldverein.de\/wp-content\/uploads\/2021\/02\/prev_wegeflyer.jpg 431w, https:\/\/www.schwarzwaldverein.de\/wp-content\/uploads\/2021\/02\/prev_wegeflyer-149x300.jpg 149w\" alt=\"\" width=\"59\" height=\"119\" data-src=\"https:\/\/www.schwarzwaldverein.de\/wp-content\/uploads\/2021\/02\/prev_wegeflyer.jpg\" data-srcset=\"https:\/\/www.schwarzwaldverein.de\/wp-content\/uploads\/2021\/02\/prev_wegeflyer.jpg 431w, https:\/\/www.schwarzwaldverein.de\/wp-content\/uploads\/2021\/02\/prev_wegeflyer-149x300.jpg 149w\" data-sizes=\"(max-width: 431px) 100vw, 431px\" data-was-processed=\"true\" \/><\/a><\/div>\n<p>Faltblatt: Wanderwege des Schwarzwaldvereins als PDF-Datei laden<\/p>\n<p><a class=\"elementor-button-link elementor-button elementor-size-xs\" role=\"button\" href=\"https:\/\/www.schwarzwaldverein.de\/wp-content\/uploads\/2021\/02\/faltblatt_wege_2019.pdf\" target=\"_blank\" rel=\"noopener\"><span class=\"elementor-button-content-wrapper\"> <span class=\"elementor-button-text\">PDF Download<\/span><\/span><\/a><\/td>\n<\/tr>\n<\/tbody>\n<\/table>\n<table>\n<tbody>\n<tr>\n<td style=\"vertical-align: top; height: 305px; width: 540px;\"><img loading=\"lazy\" decoding=\"async\" class=\"alignnone size-full wp-image-1738\" src=\"https:\/\/www.schwarzwaldverein-st-georgen.de\/wp-content\/uploads\/sonstiges\/wegschililderklaert2-768x627-1.png\" alt=\"\" width=\"768\" height=\"627\" srcset=\"https:\/\/www.schwarzwaldverein-st-georgen.de\/wp-content\/uploads\/sonstiges\/wegschililderklaert2-768x627-1.png 768w, https:\/\/www.schwarzwaldverein-st-georgen.de\/wp-content\/uploads\/sonstiges\/wegschililderklaert2-768x627-1-300x245.png 300w\" sizes=\"auto, (max-width: 768px) 100vw, 768px\" \/><\/td>\n<td style=\"vertical-align: top; width: 250px;\">An allen Wegweiserpfosten gibt es eine Basisbeschilderung (wei\u00dfe Schilder). \u00dcberall da, wo auf dem Wegenetz touristische Wanderrouten liegen, finden sich neben der Basisbeschilderung auch die kleineren Tourenschilder.<\/p>\n<p>Das Standortfeld des Basiswegweisers informiert \u00fcber Standortname und H\u00f6he und zeigt das Rautensymbol an, das zum n\u00e4chsten Wegweiser f\u00fchrt.<\/p>\n<p>Ziele sind mit Entfernungen angegeben, das erstgenannte Ziel ist in der Regel der n\u00e4chste Wegweiserstandort.<\/p>\n<p>Jedes genannte Ziel taucht auf dem jeweils folgenden Wegweiser wieder auf, bis es erreicht ist.<\/p>\n<p>Piktogramme geben Hinweise auf Einkehrm\u00f6glichkeiten, \u00d6PNV, Aussichten etc.<\/td>\n<\/tr>\n<\/tbody>\n<\/table>\n","protected":false},"excerpt":{"rendered":"<p>Wegweiser stehen an wichtigen Ausgangspunkten f\u00fcr Wanderer (Bahnhof, Wanderparkplatz,\u2026) und \u00fcberall da, wo markierte Wege aus mindestens drei Richtungen aufeinandertreffen. Faltblatt: Wanderwege des Schwarzwaldvereins als PDF-Datei laden PDF Download An allen Wegweiserpfosten gibt es eine Basisbeschilderung (wei\u00dfe Schilder). \u00dcberall da, wo auf dem Wegenetz touristische Wanderrouten liegen, finden sich neben der Basisbeschilderung auch die kleineren &hellip; <\/p>\n<p><a class=\"more-link btn\" href=\"https:\/\/www.schwarzwaldverein-st-georgen.de\/index.php\/wege\/der-wegweiser\/\">Weiterlesen<\/a><\/p>\n","protected":false},"author":1,"featured_media":0,"parent":56,"menu_order":2,"comment_status":"closed","ping_status":"closed","template":"","meta":{"_price":"","_stock":"","_tribe_ticket_header":"","_tribe_default_ticket_provider":"","_ticket_start_date":"","_ticket_end_date":"","_tribe_ticket_show_description":"","_tribe_ticket_show_not_going":false,"_tribe_ticket_use_global_stock":"","_tribe_ticket_global_stock_level":"","_global_stock_mode":"","_global_stock_cap":"","_tribe_rsvp_for_event":"","_tribe_ticket_going_count":"","_tribe_ticket_not_going_count":"","_tribe_tickets_list":"[]","_tribe_ticket_has_attendee_info_fields":false,"footnotes":"","_tec_slr_enabled":"","_tec_slr_layout":""},"class_list":["post-1724","page","type-page","status-publish","hentry","nodate","item-wrap"],"yoast_head":"<!-- This site is optimized with the Yoast SEO plugin v26.8 - https:\/\/yoast.com\/product\/yoast-seo-wordpress\/ -->\n<title>Der Wegweiser - Schwarzwaldverein St. Georgen e.V.<\/title>\n<meta name=\"robots\" content=\"index, follow, max-snippet:-1, max-image-preview:large, max-video-preview:-1\" \/>\n<link rel=\"canonical\" href=\"https:\/\/www.schwarzwaldverein-st-georgen.de\/index.php\/wege\/der-wegweiser\/\" \/>\n<meta property=\"og:locale\" content=\"de_DE\" \/>\n<meta property=\"og:type\" content=\"article\" \/>\n<meta property=\"og:title\" content=\"Der Wegweiser - Schwarzwaldverein St. Georgen e.V.\" \/>\n<meta property=\"og:description\" content=\"Wegweiser stehen an wichtigen Ausgangspunkten f\u00fcr Wanderer (Bahnhof, Wanderparkplatz,\u2026) und \u00fcberall da, wo markierte Wege aus mindestens drei Richtungen aufeinandertreffen. Faltblatt: Wanderwege des Schwarzwaldvereins als PDF-Datei laden PDF Download An allen Wegweiserpfosten gibt es eine Basisbeschilderung (wei\u00dfe Schilder). \u00dcberall da, wo auf dem Wegenetz touristische Wanderrouten liegen, finden sich neben der Basisbeschilderung auch die kleineren &hellip; Weiterlesen\" \/>\n<meta property=\"og:url\" content=\"https:\/\/www.schwarzwaldverein-st-georgen.de\/index.php\/wege\/der-wegweiser\/\" \/>\n<meta property=\"og:site_name\" content=\"Schwarzwaldverein St. Georgen e.V.\" \/>\n<meta property=\"article:modified_time\" content=\"2021-12-17T09:23:31+00:00\" \/>\n<meta property=\"og:image\" content=\"https:\/\/www.schwarzwaldverein.de\/wp-content\/uploads\/2021\/02\/prev_wegeflyer.jpg\" \/>\n<meta name=\"twitter:card\" content=\"summary_large_image\" \/>\n<meta name=\"twitter:label1\" content=\"Gesch\u00e4tzte Lesezeit\" \/>\n\t<meta name=\"twitter:data1\" content=\"1\u00a0Minute\" \/>\n<script type=\"application\/ld+json\" class=\"yoast-schema-graph\">{\"@context\":\"https:\/\/schema.org\",\"@graph\":[{\"@type\":\"WebPage\",\"@id\":\"https:\/\/www.schwarzwaldverein-st-georgen.de\/index.php\/wege\/der-wegweiser\/\",\"url\":\"https:\/\/www.schwarzwaldverein-st-georgen.de\/index.php\/wege\/der-wegweiser\/\",\"name\":\"Der Wegweiser - Schwarzwaldverein St. Georgen e.V.\",\"isPartOf\":{\"@id\":\"https:\/\/www.schwarzwaldverein-st-georgen.de\/#website\"},\"primaryImageOfPage\":{\"@id\":\"https:\/\/www.schwarzwaldverein-st-georgen.de\/index.php\/wege\/der-wegweiser\/#primaryimage\"},\"image\":{\"@id\":\"https:\/\/www.schwarzwaldverein-st-georgen.de\/index.php\/wege\/der-wegweiser\/#primaryimage\"},\"thumbnailUrl\":\"https:\/\/www.schwarzwaldverein.de\/wp-content\/uploads\/2021\/02\/prev_wegeflyer.jpg\",\"datePublished\":\"2021-12-16T17:25:32+00:00\",\"dateModified\":\"2021-12-17T09:23:31+00:00\",\"breadcrumb\":{\"@id\":\"https:\/\/www.schwarzwaldverein-st-georgen.de\/index.php\/wege\/der-wegweiser\/#breadcrumb\"},\"inLanguage\":\"de\",\"potentialAction\":[{\"@type\":\"ReadAction\",\"target\":[\"https:\/\/www.schwarzwaldverein-st-georgen.de\/index.php\/wege\/der-wegweiser\/\"]}]},{\"@type\":\"ImageObject\",\"inLanguage\":\"de\",\"@id\":\"https:\/\/www.schwarzwaldverein-st-georgen.de\/index.php\/wege\/der-wegweiser\/#primaryimage\",\"url\":\"https:\/\/www.schwarzwaldverein.de\/wp-content\/uploads\/2021\/02\/prev_wegeflyer.jpg\",\"contentUrl\":\"https:\/\/www.schwarzwaldverein.de\/wp-content\/uploads\/2021\/02\/prev_wegeflyer.jpg\"},{\"@type\":\"BreadcrumbList\",\"@id\":\"https:\/\/www.schwarzwaldverein-st-georgen.de\/index.php\/wege\/der-wegweiser\/#breadcrumb\",\"itemListElement\":[{\"@type\":\"ListItem\",\"position\":1,\"name\":\"Start\",\"item\":\"https:\/\/www.schwarzwaldverein-st-georgen.de\/\"},{\"@type\":\"ListItem\",\"position\":2,\"name\":\"Wanderwege\",\"item\":\"https:\/\/www.schwarzwaldverein-st-georgen.de\/index.php\/wege\/\"},{\"@type\":\"ListItem\",\"position\":3,\"name\":\"Der Wegweiser\"}]},{\"@type\":\"WebSite\",\"@id\":\"https:\/\/www.schwarzwaldverein-st-georgen.de\/#website\",\"url\":\"https:\/\/www.schwarzwaldverein-st-georgen.de\/\",\"name\":\"Schwarzwaldverein St. Georgen e.V.\",\"description\":\"Wandern, Wege, Naturschutz, Familien, Wanderheim Lindenb\u00fcble\",\"potentialAction\":[{\"@type\":\"SearchAction\",\"target\":{\"@type\":\"EntryPoint\",\"urlTemplate\":\"https:\/\/www.schwarzwaldverein-st-georgen.de\/?s={search_term_string}\"},\"query-input\":{\"@type\":\"PropertyValueSpecification\",\"valueRequired\":true,\"valueName\":\"search_term_string\"}}],\"inLanguage\":\"de\"}]}<\/script>\n<!-- \/ Yoast SEO plugin. -->","yoast_head_json":{"title":"Der Wegweiser - Schwarzwaldverein St. Georgen e.V.","robots":{"index":"index","follow":"follow","max-snippet":"max-snippet:-1","max-image-preview":"max-image-preview:large","max-video-preview":"max-video-preview:-1"},"canonical":"https:\/\/www.schwarzwaldverein-st-georgen.de\/index.php\/wege\/der-wegweiser\/","og_locale":"de_DE","og_type":"article","og_title":"Der Wegweiser - Schwarzwaldverein St. Georgen e.V.","og_description":"Wegweiser stehen an wichtigen Ausgangspunkten f\u00fcr Wanderer (Bahnhof, Wanderparkplatz,\u2026) und \u00fcberall da, wo markierte Wege aus mindestens drei Richtungen aufeinandertreffen. Faltblatt: Wanderwege des Schwarzwaldvereins als PDF-Datei laden PDF Download An allen Wegweiserpfosten gibt es eine Basisbeschilderung (wei\u00dfe Schilder). \u00dcberall da, wo auf dem Wegenetz touristische Wanderrouten liegen, finden sich neben der Basisbeschilderung auch die kleineren &hellip; Weiterlesen","og_url":"https:\/\/www.schwarzwaldverein-st-georgen.de\/index.php\/wege\/der-wegweiser\/","og_site_name":"Schwarzwaldverein St. Georgen e.V.","article_modified_time":"2021-12-17T09:23:31+00:00","og_image":[{"url":"https:\/\/www.schwarzwaldverein.de\/wp-content\/uploads\/2021\/02\/prev_wegeflyer.jpg","type":"","width":"","height":""}],"twitter_card":"summary_large_image","twitter_misc":{"Gesch\u00e4tzte Lesezeit":"1\u00a0Minute"},"schema":{"@context":"https:\/\/schema.org","@graph":[{"@type":"WebPage","@id":"https:\/\/www.schwarzwaldverein-st-georgen.de\/index.php\/wege\/der-wegweiser\/","url":"https:\/\/www.schwarzwaldverein-st-georgen.de\/index.php\/wege\/der-wegweiser\/","name":"Der Wegweiser - Schwarzwaldverein St. Georgen e.V.","isPartOf":{"@id":"https:\/\/www.schwarzwaldverein-st-georgen.de\/#website"},"primaryImageOfPage":{"@id":"https:\/\/www.schwarzwaldverein-st-georgen.de\/index.php\/wege\/der-wegweiser\/#primaryimage"},"image":{"@id":"https:\/\/www.schwarzwaldverein-st-georgen.de\/index.php\/wege\/der-wegweiser\/#primaryimage"},"thumbnailUrl":"https:\/\/www.schwarzwaldverein.de\/wp-content\/uploads\/2021\/02\/prev_wegeflyer.jpg","datePublished":"2021-12-16T17:25:32+00:00","dateModified":"2021-12-17T09:23:31+00:00","breadcrumb":{"@id":"https:\/\/www.schwarzwaldverein-st-georgen.de\/index.php\/wege\/der-wegweiser\/#breadcrumb"},"inLanguage":"de","potentialAction":[{"@type":"ReadAction","target":["https:\/\/www.schwarzwaldverein-st-georgen.de\/index.php\/wege\/der-wegweiser\/"]}]},{"@type":"ImageObject","inLanguage":"de","@id":"https:\/\/www.schwarzwaldverein-st-georgen.de\/index.php\/wege\/der-wegweiser\/#primaryimage","url":"https:\/\/www.schwarzwaldverein.de\/wp-content\/uploads\/2021\/02\/prev_wegeflyer.jpg","contentUrl":"https:\/\/www.schwarzwaldverein.de\/wp-content\/uploads\/2021\/02\/prev_wegeflyer.jpg"},{"@type":"BreadcrumbList","@id":"https:\/\/www.schwarzwaldverein-st-georgen.de\/index.php\/wege\/der-wegweiser\/#breadcrumb","itemListElement":[{"@type":"ListItem","position":1,"name":"Start","item":"https:\/\/www.schwarzwaldverein-st-georgen.de\/"},{"@type":"ListItem","position":2,"name":"Wanderwege","item":"https:\/\/www.schwarzwaldverein-st-georgen.de\/index.php\/wege\/"},{"@type":"ListItem","position":3,"name":"Der Wegweiser"}]},{"@type":"WebSite","@id":"https:\/\/www.schwarzwaldverein-st-georgen.de\/#website","url":"https:\/\/www.schwarzwaldverein-st-georgen.de\/","name":"Schwarzwaldverein St. Georgen e.V.","description":"Wandern, Wege, Naturschutz, Familien, Wanderheim Lindenb\u00fcble","potentialAction":[{"@type":"SearchAction","target":{"@type":"EntryPoint","urlTemplate":"https:\/\/www.schwarzwaldverein-st-georgen.de\/?s={search_term_string}"},"query-input":{"@type":"PropertyValueSpecification","valueRequired":true,"valueName":"search_term_string"}}],"inLanguage":"de"}]}},"ticketed":false,"_links":{"self":[{"href":"https:\/\/www.schwarzwaldverein-st-georgen.de\/index.php\/wp-json\/wp\/v2\/pages\/1724","targetHints":{"allow":["GET"]}}],"collection":[{"href":"https:\/\/www.schwarzwaldverein-st-georgen.de\/index.php\/wp-json\/wp\/v2\/pages"}],"about":[{"href":"https:\/\/www.schwarzwaldverein-st-georgen.de\/index.php\/wp-json\/wp\/v2\/types\/page"}],"author":[{"embeddable":true,"href":"https:\/\/www.schwarzwaldverein-st-georgen.de\/index.php\/wp-json\/wp\/v2\/users\/1"}],"replies":[{"embeddable":true,"href":"https:\/\/www.schwarzwaldverein-st-georgen.de\/index.php\/wp-json\/wp\/v2\/comments?post=1724"}],"version-history":[{"count":6,"href":"https:\/\/www.schwarzwaldverein-st-georgen.de\/index.php\/wp-json\/wp\/v2\/pages\/1724\/revisions"}],"predecessor-version":[{"id":1762,"href":"https:\/\/www.schwarzwaldverein-st-georgen.de\/index.php\/wp-json\/wp\/v2\/pages\/1724\/revisions\/1762"}],"up":[{"embeddable":true,"href":"https:\/\/www.schwarzwaldverein-st-georgen.de\/index.php\/wp-json\/wp\/v2\/pages\/56"}],"wp:attachment":[{"href":"https:\/\/www.schwarzwaldverein-st-georgen.de\/index.php\/wp-json\/wp\/v2\/media?parent=1724"}],"curies":[{"name":"wp","href":"https:\/\/api.w.org\/{rel}","templated":true}]}}