{"id":133,"date":"2017-11-20T16:13:39","date_gmt":"2017-11-20T15:13:39","guid":{"rendered":"http:\/\/localhost\/swv\/?page_id=133"},"modified":"2021-04-13T08:15:54","modified_gmt":"2021-04-13T06:15:54","slug":"historie","status":"publish","type":"page","link":"https:\/\/www.schwarzwaldverein-st-georgen.de\/index.php\/wanderheim\/historie\/","title":{"rendered":"Historie"},"content":{"rendered":"<table width=\"700\">\n<tbody>\n<tr>\n<td><img loading=\"lazy\" decoding=\"async\" class=\"alignnone size-full wp-image-304\" src=\"http:\/\/www.schwarzwaldverein-st-georgen.de\/wp-content\/uploads\/wanderheim_historie.png\" alt=\"\" width=\"700\" height=\"292\" srcset=\"https:\/\/www.schwarzwaldverein-st-georgen.de\/wp-content\/uploads\/wanderheim_historie.png 700w, https:\/\/www.schwarzwaldverein-st-georgen.de\/wp-content\/uploads\/wanderheim_historie-300x125.png 300w\" sizes=\"auto, (max-width: 700px) 100vw, 700px\" \/><\/td>\n<\/tr>\n<tr>\n<td>Das in Langenschiltach im Gewann Holops liegende, ehemalige Tagl\u00f6hnerhaus wurde 1952 von der Ortsgruppe St.Georgen erworben. Die ersten Bewohner sind Anfang 1800 nachweisbar, sodass das Haus heute \u00fcber 200 Jahre alt sein d\u00fcrfte.<\/p>\n<p>Dem Kauf folgte der Ausbau des Hauses, an dem nacheinander drei Generationen der Jugendgruppe des Schwarzwaldvereins beteiligt waren.<\/p>\n<p>Die Einweihung des Wanderheimes war 1954. Bereits ein Jahr fr\u00fcher zog der erste P\u00e4chter ein. Ab 1965 begann die Zeit der Eigenbewirtschaftung. Das Haus wurde vorwiegend an Feriengruppen vermietet. Diese brachten neben guten \u00dcbernachtungszahlen auch den zum Tilgen der Schulden notwendigen Ertrag.<br \/>\nNach dem Ausbleiben der Feriengruppen wurde das Haus in Eigenarbeit bewirtschaftet. Zun\u00e4chst wurden angemeldete Gruppen aufgenommen, sp\u00e4ter kam die \u00d6ffnung f\u00fcr Tagesg\u00e4ste hinzu. Der in zehnj\u00e4hriger Eigenarbeit ausgebaute Schopf wird jetzt als Ferienwohnung vermietet.<\/p>\n<p>Die Bewirtschaftung des Wanderheims erfolgt ehrenamtlich und unentgeltlich durch Mitglieder des Vereins. Es ist f\u00fcr Veranstaltungen der Ortsgruppe und anderer Vereine offen. So kommen wir dem urspr\u00fcnglichen Gedanken, ein Haus f\u00fcr die Jugend zu schaffen, wieder n\u00e4her.<\/p>\n<p>Ein kleiner Unterschied bleibt: Die Jugend von damals ist heute 50 Jahre \u00e4lter. Deshalb freuen wir uns um so mehr, wenn junge Familien bereit sind, die Tradition fortzusetzen.<\/td>\n<\/tr>\n<\/tbody>\n<\/table>\n","protected":false},"excerpt":{"rendered":"<p>Das in Langenschiltach im Gewann Holops liegende, ehemalige Tagl\u00f6hnerhaus wurde 1952 von der Ortsgruppe St.Georgen erworben. Die ersten Bewohner sind Anfang 1800 nachweisbar, sodass das Haus heute \u00fcber 200 Jahre alt sein d\u00fcrfte. Dem Kauf folgte der Ausbau des Hauses, an dem nacheinander drei Generationen der Jugendgruppe des Schwarzwaldvereins beteiligt waren. Die Einweihung des Wanderheimes &hellip; <\/p>\n<p><a class=\"more-link btn\" href=\"https:\/\/www.schwarzwaldverein-st-georgen.de\/index.php\/wanderheim\/historie\/\">Weiterlesen<\/a><\/p>\n","protected":false},"author":2,"featured_media":0,"parent":127,"menu_order":3,"comment_status":"closed","ping_status":"closed","template":"template-twocolumnsleft.php","meta":{"_price":"","_stock":"","_tribe_ticket_header":"","_tribe_default_ticket_provider":"","_ticket_start_date":"","_ticket_end_date":"","_tribe_ticket_show_description":"","_tribe_ticket_show_not_going":false,"_tribe_ticket_use_global_stock":"","_tribe_ticket_global_stock_level":"","_global_stock_mode":"","_global_stock_cap":"","_tribe_rsvp_for_event":"","_tribe_ticket_going_count":"","_tribe_ticket_not_going_count":"","_tribe_tickets_list":"[]","_tribe_ticket_has_attendee_info_fields":false,"footnotes":"","_tec_slr_enabled":"","_tec_slr_layout":""},"class_list":["post-133","page","type-page","status-publish","hentry","nodate","item-wrap"],"yoast_head":"<!-- This site is optimized with the Yoast SEO plugin v26.8 - https:\/\/yoast.com\/product\/yoast-seo-wordpress\/ -->\n<title>Historie - Schwarzwaldverein St. Georgen e.V.<\/title>\n<meta name=\"robots\" content=\"index, follow, max-snippet:-1, max-image-preview:large, max-video-preview:-1\" \/>\n<link rel=\"canonical\" href=\"https:\/\/www.schwarzwaldverein-st-georgen.de\/index.php\/wanderheim\/historie\/\" \/>\n<meta property=\"og:locale\" content=\"de_DE\" \/>\n<meta property=\"og:type\" content=\"article\" \/>\n<meta property=\"og:title\" content=\"Historie - Schwarzwaldverein St. Georgen e.V.\" \/>\n<meta property=\"og:description\" content=\"Das in Langenschiltach im Gewann Holops liegende, ehemalige Tagl\u00f6hnerhaus wurde 1952 von der Ortsgruppe St.Georgen erworben. Die ersten Bewohner sind Anfang 1800 nachweisbar, sodass das Haus heute \u00fcber 200 Jahre alt sein d\u00fcrfte. Dem Kauf folgte der Ausbau des Hauses, an dem nacheinander drei Generationen der Jugendgruppe des Schwarzwaldvereins beteiligt waren. Die Einweihung des Wanderheimes &hellip; Weiterlesen\" \/>\n<meta property=\"og:url\" content=\"https:\/\/www.schwarzwaldverein-st-georgen.de\/index.php\/wanderheim\/historie\/\" \/>\n<meta property=\"og:site_name\" content=\"Schwarzwaldverein St. Georgen e.V.\" \/>\n<meta property=\"article:modified_time\" content=\"2021-04-13T06:15:54+00:00\" \/>\n<meta property=\"og:image\" content=\"http:\/\/www.schwarzwaldverein-st-georgen.de\/wp-content\/uploads\/wanderheim_historie.png\" \/>\n<meta name=\"twitter:card\" content=\"summary_large_image\" \/>\n<meta name=\"twitter:label1\" content=\"Gesch\u00e4tzte Lesezeit\" \/>\n\t<meta name=\"twitter:data1\" content=\"1\u00a0Minute\" \/>\n<script type=\"application\/ld+json\" class=\"yoast-schema-graph\">{\"@context\":\"https:\/\/schema.org\",\"@graph\":[{\"@type\":\"WebPage\",\"@id\":\"https:\/\/www.schwarzwaldverein-st-georgen.de\/index.php\/wanderheim\/historie\/\",\"url\":\"https:\/\/www.schwarzwaldverein-st-georgen.de\/index.php\/wanderheim\/historie\/\",\"name\":\"Historie - Schwarzwaldverein St. Georgen e.V.\",\"isPartOf\":{\"@id\":\"https:\/\/www.schwarzwaldverein-st-georgen.de\/#website\"},\"primaryImageOfPage\":{\"@id\":\"https:\/\/www.schwarzwaldverein-st-georgen.de\/index.php\/wanderheim\/historie\/#primaryimage\"},\"image\":{\"@id\":\"https:\/\/www.schwarzwaldverein-st-georgen.de\/index.php\/wanderheim\/historie\/#primaryimage\"},\"thumbnailUrl\":\"http:\/\/www.schwarzwaldverein-st-georgen.de\/wp-content\/uploads\/wanderheim_historie.png\",\"datePublished\":\"2017-11-20T15:13:39+00:00\",\"dateModified\":\"2021-04-13T06:15:54+00:00\",\"breadcrumb\":{\"@id\":\"https:\/\/www.schwarzwaldverein-st-georgen.de\/index.php\/wanderheim\/historie\/#breadcrumb\"},\"inLanguage\":\"de\",\"potentialAction\":[{\"@type\":\"ReadAction\",\"target\":[\"https:\/\/www.schwarzwaldverein-st-georgen.de\/index.php\/wanderheim\/historie\/\"]}]},{\"@type\":\"ImageObject\",\"inLanguage\":\"de\",\"@id\":\"https:\/\/www.schwarzwaldverein-st-georgen.de\/index.php\/wanderheim\/historie\/#primaryimage\",\"url\":\"http:\/\/www.schwarzwaldverein-st-georgen.de\/wp-content\/uploads\/wanderheim_historie.png\",\"contentUrl\":\"http:\/\/www.schwarzwaldverein-st-georgen.de\/wp-content\/uploads\/wanderheim_historie.png\"},{\"@type\":\"BreadcrumbList\",\"@id\":\"https:\/\/www.schwarzwaldverein-st-georgen.de\/index.php\/wanderheim\/historie\/#breadcrumb\",\"itemListElement\":[{\"@type\":\"ListItem\",\"position\":1,\"name\":\"Start\",\"item\":\"https:\/\/www.schwarzwaldverein-st-georgen.de\/\"},{\"@type\":\"ListItem\",\"position\":2,\"name\":\"Wanderheim &#8222;Lindenb\u00fcble&#8220;\",\"item\":\"https:\/\/www.schwarzwaldverein-st-georgen.de\/index.php\/wanderheim\/\"},{\"@type\":\"ListItem\",\"position\":3,\"name\":\"Historie\"}]},{\"@type\":\"WebSite\",\"@id\":\"https:\/\/www.schwarzwaldverein-st-georgen.de\/#website\",\"url\":\"https:\/\/www.schwarzwaldverein-st-georgen.de\/\",\"name\":\"Schwarzwaldverein St. Georgen e.V.\",\"description\":\"Wandern, Wege, Naturschutz, Familien, Wanderheim Lindenb\u00fcble\",\"potentialAction\":[{\"@type\":\"SearchAction\",\"target\":{\"@type\":\"EntryPoint\",\"urlTemplate\":\"https:\/\/www.schwarzwaldverein-st-georgen.de\/?s={search_term_string}\"},\"query-input\":{\"@type\":\"PropertyValueSpecification\",\"valueRequired\":true,\"valueName\":\"search_term_string\"}}],\"inLanguage\":\"de\"}]}<\/script>\n<!-- \/ Yoast SEO plugin. -->","yoast_head_json":{"title":"Historie - Schwarzwaldverein St. Georgen e.V.","robots":{"index":"index","follow":"follow","max-snippet":"max-snippet:-1","max-image-preview":"max-image-preview:large","max-video-preview":"max-video-preview:-1"},"canonical":"https:\/\/www.schwarzwaldverein-st-georgen.de\/index.php\/wanderheim\/historie\/","og_locale":"de_DE","og_type":"article","og_title":"Historie - Schwarzwaldverein St. Georgen e.V.","og_description":"Das in Langenschiltach im Gewann Holops liegende, ehemalige Tagl\u00f6hnerhaus wurde 1952 von der Ortsgruppe St.Georgen erworben. Die ersten Bewohner sind Anfang 1800 nachweisbar, sodass das Haus heute \u00fcber 200 Jahre alt sein d\u00fcrfte. Dem Kauf folgte der Ausbau des Hauses, an dem nacheinander drei Generationen der Jugendgruppe des Schwarzwaldvereins beteiligt waren. Die Einweihung des Wanderheimes &hellip; Weiterlesen","og_url":"https:\/\/www.schwarzwaldverein-st-georgen.de\/index.php\/wanderheim\/historie\/","og_site_name":"Schwarzwaldverein St. Georgen e.V.","article_modified_time":"2021-04-13T06:15:54+00:00","og_image":[{"url":"http:\/\/www.schwarzwaldverein-st-georgen.de\/wp-content\/uploads\/wanderheim_historie.png","type":"","width":"","height":""}],"twitter_card":"summary_large_image","twitter_misc":{"Gesch\u00e4tzte Lesezeit":"1\u00a0Minute"},"schema":{"@context":"https:\/\/schema.org","@graph":[{"@type":"WebPage","@id":"https:\/\/www.schwarzwaldverein-st-georgen.de\/index.php\/wanderheim\/historie\/","url":"https:\/\/www.schwarzwaldverein-st-georgen.de\/index.php\/wanderheim\/historie\/","name":"Historie - Schwarzwaldverein St. Georgen e.V.","isPartOf":{"@id":"https:\/\/www.schwarzwaldverein-st-georgen.de\/#website"},"primaryImageOfPage":{"@id":"https:\/\/www.schwarzwaldverein-st-georgen.de\/index.php\/wanderheim\/historie\/#primaryimage"},"image":{"@id":"https:\/\/www.schwarzwaldverein-st-georgen.de\/index.php\/wanderheim\/historie\/#primaryimage"},"thumbnailUrl":"http:\/\/www.schwarzwaldverein-st-georgen.de\/wp-content\/uploads\/wanderheim_historie.png","datePublished":"2017-11-20T15:13:39+00:00","dateModified":"2021-04-13T06:15:54+00:00","breadcrumb":{"@id":"https:\/\/www.schwarzwaldverein-st-georgen.de\/index.php\/wanderheim\/historie\/#breadcrumb"},"inLanguage":"de","potentialAction":[{"@type":"ReadAction","target":["https:\/\/www.schwarzwaldverein-st-georgen.de\/index.php\/wanderheim\/historie\/"]}]},{"@type":"ImageObject","inLanguage":"de","@id":"https:\/\/www.schwarzwaldverein-st-georgen.de\/index.php\/wanderheim\/historie\/#primaryimage","url":"http:\/\/www.schwarzwaldverein-st-georgen.de\/wp-content\/uploads\/wanderheim_historie.png","contentUrl":"http:\/\/www.schwarzwaldverein-st-georgen.de\/wp-content\/uploads\/wanderheim_historie.png"},{"@type":"BreadcrumbList","@id":"https:\/\/www.schwarzwaldverein-st-georgen.de\/index.php\/wanderheim\/historie\/#breadcrumb","itemListElement":[{"@type":"ListItem","position":1,"name":"Start","item":"https:\/\/www.schwarzwaldverein-st-georgen.de\/"},{"@type":"ListItem","position":2,"name":"Wanderheim &#8222;Lindenb\u00fcble&#8220;","item":"https:\/\/www.schwarzwaldverein-st-georgen.de\/index.php\/wanderheim\/"},{"@type":"ListItem","position":3,"name":"Historie"}]},{"@type":"WebSite","@id":"https:\/\/www.schwarzwaldverein-st-georgen.de\/#website","url":"https:\/\/www.schwarzwaldverein-st-georgen.de\/","name":"Schwarzwaldverein St. Georgen e.V.","description":"Wandern, Wege, Naturschutz, Familien, Wanderheim Lindenb\u00fcble","potentialAction":[{"@type":"SearchAction","target":{"@type":"EntryPoint","urlTemplate":"https:\/\/www.schwarzwaldverein-st-georgen.de\/?s={search_term_string}"},"query-input":{"@type":"PropertyValueSpecification","valueRequired":true,"valueName":"search_term_string"}}],"inLanguage":"de"}]}},"ticketed":false,"_links":{"self":[{"href":"https:\/\/www.schwarzwaldverein-st-georgen.de\/index.php\/wp-json\/wp\/v2\/pages\/133","targetHints":{"allow":["GET"]}}],"collection":[{"href":"https:\/\/www.schwarzwaldverein-st-georgen.de\/index.php\/wp-json\/wp\/v2\/pages"}],"about":[{"href":"https:\/\/www.schwarzwaldverein-st-georgen.de\/index.php\/wp-json\/wp\/v2\/types\/page"}],"author":[{"embeddable":true,"href":"https:\/\/www.schwarzwaldverein-st-georgen.de\/index.php\/wp-json\/wp\/v2\/users\/2"}],"replies":[{"embeddable":true,"href":"https:\/\/www.schwarzwaldverein-st-georgen.de\/index.php\/wp-json\/wp\/v2\/comments?post=133"}],"version-history":[{"count":3,"href":"https:\/\/www.schwarzwaldverein-st-georgen.de\/index.php\/wp-json\/wp\/v2\/pages\/133\/revisions"}],"predecessor-version":[{"id":305,"href":"https:\/\/www.schwarzwaldverein-st-georgen.de\/index.php\/wp-json\/wp\/v2\/pages\/133\/revisions\/305"}],"up":[{"embeddable":true,"href":"https:\/\/www.schwarzwaldverein-st-georgen.de\/index.php\/wp-json\/wp\/v2\/pages\/127"}],"wp:attachment":[{"href":"https:\/\/www.schwarzwaldverein-st-georgen.de\/index.php\/wp-json\/wp\/v2\/media?parent=133"}],"curies":[{"name":"wp","href":"https:\/\/api.w.org\/{rel}","templated":true}]}}