{"id":129,"date":"2017-11-20T16:04:54","date_gmt":"2017-11-20T15:04:54","guid":{"rendered":"http:\/\/localhost\/swv\/?page_id=129"},"modified":"2025-01-24T10:45:01","modified_gmt":"2025-01-24T09:45:01","slug":"uebernachtungen","status":"publish","type":"page","link":"https:\/\/www.schwarzwaldverein-st-georgen.de\/index.php\/wanderheim\/uebernachtungen\/","title":{"rendered":"Ausstattung und Preise"},"content":{"rendered":"<p><img loading=\"lazy\" decoding=\"async\" class=\"size-full wp-image-315 aligncenter\" src=\"http:\/\/www.schwarzwaldverein-st-georgen.de\/wp-content\/uploads\/ausschnittwanderheim.png\" alt=\"\" width=\"700\" height=\"120\" srcset=\"https:\/\/www.schwarzwaldverein-st-georgen.de\/wp-content\/uploads\/ausschnittwanderheim.png 700w, https:\/\/www.schwarzwaldverein-st-georgen.de\/wp-content\/uploads\/ausschnittwanderheim-300x51.png 300w\" sizes=\"auto, (max-width: 700px) 100vw, 700px\" \/><\/p>\n<p><strong>Unser Wanderheim ist geeignet f\u00fcr die \u00dcbernachtung von Einzelpersonen und Gruppen.<\/strong><span style=\"font-family: Times New Roman, serif;\"><b><br \/>\n<\/b><\/span>Einzelpersonen und kleine Selbstversorgergruppen bis zu 6 Personen k\u00f6nnen in unserem Nebengeb\u00e4ude &#8222;Schopf&#8220; unterkommen, da\u00df wie eine kleine Ferienwohnung ausgestattet ist. Gr\u00f6\u00dfere Wandergruppen k\u00f6nnen nach vorheriger Terminabsprache die beiden Matratzenlager nutzen.<\/p>\n<p>Vereinsgruppen und Schulklassen k\u00f6nnen wir nur in Ausnahmef\u00e4llen betreuen. Das Haupthaus ist aber &#8222;kein&#8220; Selbstversorgerhaus, das ohne Betreuung gemietet werden kann, wir k\u00f6nnen deshalb nur Termine anbieten, die von Vereinsmitgliedern ehrenamtlich betreut werden k\u00f6nnen.<\/p>\n<p>F\u00fcr Einzelwanderer und kleinere Gruppen gelten die nachfolgend genannten Preise.<\/p>\n<table border=\"0\" width=\"514\" cellspacing=\"0\" cellpadding=\"2\">\n<colgroup>\n<col width=\"155\" \/>\n<col width=\"351\" \/><\/colgroup>\n<thead>\n<tr>\n<td colspan=\"2\" valign=\"top\" bgcolor=\"#33cc66\">\n<div align=\"left\"><span style=\"font-size: large;\"><b>Beschreibung<\/b><\/span><\/div>\n<\/td>\n<\/tr>\n<\/thead>\n<tbody>\n<tr valign=\"top\">\n<td bgcolor=\"#33cc66\" width=\"155\">\n<div align=\"right\"><span style=\"font-size: medium;\"><b>Aufenthaltsraum<\/b><\/span><\/div>\n<\/td>\n<td width=\"351\"><span style=\"font-size: medium;\"><b>max. 30 Personen<\/b><\/span><\/td>\n<\/tr>\n<tr valign=\"top\">\n<td width=\"155\">\n<div align=\"right\"><\/div>\n<\/td>\n<td width=\"351\"><\/td>\n<\/tr>\n<tr valign=\"top\">\n<td bgcolor=\"#33cc66\" width=\"155\">\n<div align=\"right\"><span style=\"font-size: medium;\"><b>\u00dcbernachtung:<\/b><\/span><\/div>\n<\/td>\n<td width=\"351\"><span style=\"font-size: medium;\"><b>ein Matratzenlager mit 11 Schlafpl\u00e4tzen<\/b><\/span><\/td>\n<\/tr>\n<tr valign=\"top\">\n<td rowspan=\"2\" width=\"155\">\n<div align=\"left\"><\/div>\n<\/td>\n<td width=\"351\"><b>ein Matratzenlager mit 9 Schlafpl\u00e4tzen<\/b><\/td>\n<\/tr>\n<tr valign=\"top\">\n<td width=\"351\"><\/td>\n<\/tr>\n<tr valign=\"top\">\n<td bgcolor=\"#33cc66\" width=\"155\">\n<div align=\"right\"><span style=\"font-size: medium;\"><b>Waschr\u00e4ume:<\/b><\/span><\/div>\n<\/td>\n<td width=\"351\"><span style=\"font-size: medium;\"><b>zwei mit warmem und kaltem Wasser<\/b><\/span><\/td>\n<\/tr>\n<tr valign=\"top\">\n<td width=\"155\"><\/td>\n<td width=\"351\"><span style=\"font-size: medium;\"><b>zwei Duschen<\/b><\/span><\/td>\n<\/tr>\n<\/tbody>\n<\/table>\n<table border=\"0\" width=\"562\" cellspacing=\"0\" cellpadding=\"2\">\n<colgroup>\n<col width=\"155\" \/>\n<col width=\"183\" \/>\n<col width=\"70\" \/><\/colgroup>\n<tbody>\n<tr>\n<td colspan=\"3\" align=\"center\">\n<h2>\u00dcbernachtungspreise<\/h2>\n<\/td>\n<\/tr>\n<tr>\n<td align=\"right\" bgcolor=\"#33cc66\"><b>Matratzenlager<\/b><br \/>\nmit Gemeinschaftswaschraum und -dusche<\/td>\n<td valign=\"top\" width=\"188\"><b>pro Person und Nacht<\/b><\/td>\n<td width=\"103\"><\/td>\n<\/tr>\n<tr valign=\"top\">\n<td>\n<div align=\"left\"><\/div>\n<\/td>\n<td width=\"188\">\n<div align=\"right\"><span style=\"font-family: Times New Roman, serif; font-size: medium;\"><b>Erwachsene:<\/b><\/span><\/div>\n<\/td>\n<td width=\"103\">\n<div align=\"right\"><span style=\"font-family: Times New Roman, serif; font-size: medium;\"><b>15.00 \u20ac<\/b><\/span><\/div>\n<\/td>\n<\/tr>\n<tr valign=\"top\">\n<td><\/td>\n<td width=\"188\">\n<div align=\"right\"><span style=\"font-family: Times New Roman, serif; font-size: medium;\"><b>Jugendliche:<\/b><\/span><\/div>\n<\/td>\n<td width=\"103\">\n<div align=\"right\"><span style=\"font-family: Times New Roman, serif; font-size: medium;\"><b>10.00 \u20ac<\/b><\/span><\/div>\n<\/td>\n<\/tr>\n<tr valign=\"top\">\n<td>\n<div align=\"right\"><\/div>\n<\/td>\n<td width=\"188\"><\/td>\n<td width=\"103\"><\/td>\n<\/tr>\n<tr>\n<td align=\"right\" bgcolor=\"#33cc66\"><b>Schopf<\/b><br \/>\n2er oder 4er-Zimmer<\/td>\n<td valign=\"top\" width=\"188\"><b>pro Person und Nacht<\/b><\/td>\n<td width=\"103\"><\/td>\n<\/tr>\n<tr valign=\"top\">\n<td>\n<div align=\"left\"><\/div>\n<\/td>\n<td width=\"188\">\n<div align=\"right\"><span style=\"font-family: Times New Roman, serif; font-size: medium;\"><b>Erwachsene:<\/b><\/span><\/div>\n<\/td>\n<td width=\"103\">\n<div align=\"right\"><span style=\"font-family: Times New Roman, serif; font-size: medium;\"><b>22.00 \u20ac<\/b><\/span><\/div>\n<\/td>\n<\/tr>\n<tr valign=\"top\">\n<td><\/td>\n<td width=\"188\">\n<div align=\"right\"><span style=\"font-family: Times New Roman, serif; font-size: medium;\"><b>Jugendliche:<\/b><\/span><\/div>\n<\/td>\n<td width=\"103\">\n<div align=\"right\"><span style=\"font-family: Times New Roman, serif; font-size: medium;\"><b>15.00 \u20ac<\/b><\/span><\/div>\n<\/td>\n<\/tr>\n<tr valign=\"top\">\n<td><\/td>\n<td width=\"188\">\n<div align=\"right\"><span style=\"font-family: Times New Roman, serif; font-size: medium;\"><b>Hunde:<\/b><\/span><\/div>\n<\/td>\n<td width=\"103\">\n<div align=\"right\"><span style=\"font-family: Times New Roman, serif; font-size: medium;\"><b>5.00 \u20ac<\/b><\/span><\/div>\n<\/td>\n<\/tr>\n<tr valign=\"top\">\n<td><\/td>\n<td width=\"188\">\n<div align=\"right\"><span style=\"font-family: Times New Roman, serif; font-size: medium;\"><b>Bettw\u00e4sche:<\/b><\/span><\/div>\n<\/td>\n<td width=\"103\">\n<div align=\"right\"><span style=\"font-family: Times New Roman, serif; font-size: medium;\"><b>3.00 \u20ac<\/b><\/span><\/div>\n<\/td>\n<\/tr>\n<tr valign=\"top\">\n<td>\n<div align=\"right\"><\/div>\n<\/td>\n<td width=\"188\">\n<div align=\"right\"><span style=\"font-family: Times New Roman, serif; font-size: medium;\"><b>Endreinigung ab 2 \u00dcN:<\/b><\/span><\/div>\n<\/td>\n<td style=\"text-align: right;\" width=\"103\"><span style=\"font-family: Times New Roman, serif; font-size: medium;\"><b>30.00 \u20ac<\/b><\/span><\/td>\n<\/tr>\n<tr valign=\"top\">\n<td>\n<div align=\"right\"><\/div>\n<\/td>\n<td width=\"188\"><\/td>\n<td width=\"103\"><\/td>\n<\/tr>\n<tr valign=\"top\">\n<td bgcolor=\"#33cc66\">\n<div align=\"right\"><span style=\"font-family: Times New Roman, serif; font-size: medium;\"><b>Kurtaxe<\/b><\/span><\/div>\n<\/td>\n<td width=\"188\"><span style=\"font-family: Times New Roman, serif; font-size: medium;\"><b>Erwachsene(ab 16 Jahre)<\/b><\/span><\/td>\n<td width=\"103\">\n<div align=\"right\"><span style=\"font-family: Times New Roman, serif; font-size: medium;\"><b>2.50 \u20ac<\/b><\/span><\/div>\n<\/td>\n<\/tr>\n<tr valign=\"top\">\n<td>\n<div align=\"right\">\n<div align=\"right\"><\/div>\n<\/div>\n<\/td>\n<td width=\"188\"><span style=\"font-family: Times New Roman, serif; font-size: medium;\"><b>Kinder\/Jugendliche<\/b><\/span><\/td>\n<td style=\"text-align: right;\" width=\"103\"><span style=\"font-family: Times New Roman, serif; font-size: medium;\"><b>1.00 \u20ac<\/b><\/span><\/td>\n<\/tr>\n<tr>\n<td colspan=\"3\" align=\"left\"><\/td>\n<\/tr>\n<\/tbody>\n<\/table>\n<table border=\"0\" width=\"562\" cellspacing=\"0\" cellpadding=\"2\">\n<colgroup>\n<col width=\"155\" \/>\n<col width=\"183\" \/>\n<col width=\"70\" \/><\/colgroup>\n<tbody>\n<tr>\n<td colspan=\"3\" align=\"center\">\n<h2>Verpflegung f\u00fcr Gruppen und \u00dcbernachtungsg\u00e4ste<\/h2>\n<\/td>\n<\/tr>\n<tr valign=\"top\">\n<td align=\"right\" bgcolor=\"#33cc66\"><span style=\"font-family: Times New Roman, serif; font-size: medium;\"><b>Fr\u00fchst\u00fcck einfach<\/b><\/span><\/td>\n<td width=\"188\"><span style=\"font-family: Times New Roman, serif;\">Kaffee, Tee oder Milch, Brot, Butter, Marmelade<\/span><\/td>\n<td width=\"103\">\n<div align=\"right\"><span style=\"font-family: Times New Roman, serif; font-size: medium;\"><b>7.50 \u20ac<\/b><\/span><\/div>\n<\/td>\n<\/tr>\n<tr>\n<td><\/td>\n<td width=\"188\"><\/td>\n<td width=\"103\"><\/td>\n<\/tr>\n<tr valign=\"top\">\n<td align=\"right\" bgcolor=\"#33cc66\"><span style=\"font-family: Times New Roman, serif; font-size: medium;\"><b>Fr\u00fchst\u00fcck erweitert<\/b><\/span><\/td>\n<td width=\"188\"><span style=\"font-family: Times New Roman, serif;\">zus\u00e4tzlich mit Wurst und K\u00e4se<\/span><span style=\"font-family: Times New Roman, serif; font-size: medium;\"><b><br \/>\n<\/b><\/span><\/td>\n<td width=\"103\">\n<div align=\"right\"><span style=\"font-family: Times New Roman, serif; font-size: medium;\"><b>10.00 \u20ac<\/b><\/span><\/div>\n<\/td>\n<\/tr>\n<tr valign=\"top\">\n<td>\n<div align=\"right\"><\/div>\n<\/td>\n<td width=\"188\"><\/td>\n<td width=\"103\"><\/td>\n<\/tr>\n<tr valign=\"top\">\n<td bgcolor=\"#33cc66\" height=\"18\">\n<div align=\"right\"><span style=\"font-family: Times New Roman, serif; font-size: medium;\"><b>Mittag- oder Abendessen<\/b><\/span><\/div>\n<\/td>\n<td width=\"188\" height=\"18\"><\/td>\n<td align=\"right\" width=\"103\" height=\"18\"><span style=\"font-family: Times New Roman, serif; font-size: medium;\"><b>nach Absprache<\/b><\/span><\/td>\n<\/tr>\n<tr>\n<td><\/td>\n<td width=\"188\"><\/td>\n<td width=\"103\"><\/td>\n<\/tr>\n<tr valign=\"top\">\n<td bgcolor=\"#33cc66\" height=\"2\">\n<div align=\"right\"><span style=\"font-family: Times New Roman, serif; font-size: medium;\"><b>Thermoskanne Kaffee<\/b><\/span><\/div>\n<\/td>\n<td width=\"188\" height=\"2\"><\/td>\n<td width=\"103\" height=\"2\">\n<div align=\"right\"><span style=\"font-family: Times New Roman, serif; font-size: medium;\"><b>9.00 \u20ac<\/b><\/span><\/div>\n<\/td>\n<\/tr>\n<\/tbody>\n<\/table>\n<p>Die Verpflegung von Gruppen und \u00dcbernachtungsg\u00e4sten k\u00f6nnen wir nur bei rechtzeitiger Voranmeldung leisten<\/p>\n<p>Bitte sprechen Sie im Vorfeld Ihre Essensw\u00fcnsche mit uns ab.<\/p>\n<p>F\u00fcr die Nutzung unseres Grills mit mitgebrachtem Grillgut verlangen wir je nach Gruppengr\u00f6\u00dfe eine Pauschale von 30 &#8211; 80 Euro f\u00fcr Grillkohle\/Grillanz\u00fcnder, Geschirrbenutzung und Reinigung.<\/p>\n<p>F\u00fcr selbst beschaffte Speisen und Getr\u00e4nke werden Gedeck- und Korkengelder von 2,00 \u20ac pro Gedeck oder Flasche erhoben.<\/p>\n","protected":false},"excerpt":{"rendered":"<p>Unser Wanderheim ist geeignet f\u00fcr die \u00dcbernachtung von Einzelpersonen und Gruppen. Einzelpersonen und kleine Selbstversorgergruppen bis zu 6 Personen k\u00f6nnen in unserem Nebengeb\u00e4ude &#8222;Schopf&#8220; unterkommen, da\u00df wie eine kleine Ferienwohnung ausgestattet ist. Gr\u00f6\u00dfere Wandergruppen k\u00f6nnen nach vorheriger Terminabsprache die beiden Matratzenlager nutzen. Vereinsgruppen und Schulklassen k\u00f6nnen wir nur in Ausnahmef\u00e4llen betreuen. Das Haupthaus ist aber &hellip; <\/p>\n<p><a class=\"more-link btn\" href=\"https:\/\/www.schwarzwaldverein-st-georgen.de\/index.php\/wanderheim\/uebernachtungen\/\">Weiterlesen<\/a><\/p>\n","protected":false},"author":2,"featured_media":0,"parent":127,"menu_order":2,"comment_status":"closed","ping_status":"closed","template":"template-twocolumnsleft.php","meta":{"_price":"","_stock":"","_tribe_ticket_header":"","_tribe_default_ticket_provider":"","_ticket_start_date":"","_ticket_end_date":"","_tribe_ticket_show_description":"","_tribe_ticket_show_not_going":false,"_tribe_ticket_use_global_stock":"","_tribe_ticket_global_stock_level":"","_global_stock_mode":"","_global_stock_cap":"","_tribe_rsvp_for_event":"","_tribe_ticket_going_count":"","_tribe_ticket_not_going_count":"","_tribe_tickets_list":"[]","_tribe_ticket_has_attendee_info_fields":false,"footnotes":"","_tec_slr_enabled":"","_tec_slr_layout":""},"class_list":["post-129","page","type-page","status-publish","hentry","nodate","item-wrap"],"yoast_head":"<!-- This site is optimized with the Yoast SEO plugin v26.8 - https:\/\/yoast.com\/product\/yoast-seo-wordpress\/ -->\n<title>Ausstattung und Preise - Schwarzwaldverein St. Georgen e.V.<\/title>\n<meta name=\"robots\" content=\"index, follow, max-snippet:-1, max-image-preview:large, max-video-preview:-1\" \/>\n<link rel=\"canonical\" href=\"https:\/\/www.schwarzwaldverein-st-georgen.de\/index.php\/wanderheim\/uebernachtungen\/\" \/>\n<meta property=\"og:locale\" content=\"de_DE\" \/>\n<meta property=\"og:type\" content=\"article\" \/>\n<meta property=\"og:title\" content=\"Ausstattung und Preise - Schwarzwaldverein St. Georgen e.V.\" \/>\n<meta property=\"og:description\" content=\"Unser Wanderheim ist geeignet f\u00fcr die \u00dcbernachtung von Einzelpersonen und Gruppen. Einzelpersonen und kleine Selbstversorgergruppen bis zu 6 Personen k\u00f6nnen in unserem Nebengeb\u00e4ude &#8222;Schopf&#8220; unterkommen, da\u00df wie eine kleine Ferienwohnung ausgestattet ist. Gr\u00f6\u00dfere Wandergruppen k\u00f6nnen nach vorheriger Terminabsprache die beiden Matratzenlager nutzen. Vereinsgruppen und Schulklassen k\u00f6nnen wir nur in Ausnahmef\u00e4llen betreuen. Das Haupthaus ist aber &hellip; Weiterlesen\" \/>\n<meta property=\"og:url\" content=\"https:\/\/www.schwarzwaldverein-st-georgen.de\/index.php\/wanderheim\/uebernachtungen\/\" \/>\n<meta property=\"og:site_name\" content=\"Schwarzwaldverein St. Georgen e.V.\" \/>\n<meta property=\"article:modified_time\" content=\"2025-01-24T09:45:01+00:00\" \/>\n<meta property=\"og:image\" content=\"http:\/\/www.schwarzwaldverein-st-georgen.de\/wp-content\/uploads\/ausschnittwanderheim.png\" \/>\n<meta name=\"twitter:card\" content=\"summary_large_image\" \/>\n<meta name=\"twitter:label1\" content=\"Gesch\u00e4tzte Lesezeit\" \/>\n\t<meta name=\"twitter:data1\" content=\"2\u00a0Minuten\" \/>\n<script type=\"application\/ld+json\" class=\"yoast-schema-graph\">{\"@context\":\"https:\/\/schema.org\",\"@graph\":[{\"@type\":\"WebPage\",\"@id\":\"https:\/\/www.schwarzwaldverein-st-georgen.de\/index.php\/wanderheim\/uebernachtungen\/\",\"url\":\"https:\/\/www.schwarzwaldverein-st-georgen.de\/index.php\/wanderheim\/uebernachtungen\/\",\"name\":\"Ausstattung und Preise - Schwarzwaldverein St. Georgen e.V.\",\"isPartOf\":{\"@id\":\"https:\/\/www.schwarzwaldverein-st-georgen.de\/#website\"},\"primaryImageOfPage\":{\"@id\":\"https:\/\/www.schwarzwaldverein-st-georgen.de\/index.php\/wanderheim\/uebernachtungen\/#primaryimage\"},\"image\":{\"@id\":\"https:\/\/www.schwarzwaldverein-st-georgen.de\/index.php\/wanderheim\/uebernachtungen\/#primaryimage\"},\"thumbnailUrl\":\"http:\/\/www.schwarzwaldverein-st-georgen.de\/wp-content\/uploads\/ausschnittwanderheim.png\",\"datePublished\":\"2017-11-20T15:04:54+00:00\",\"dateModified\":\"2025-01-24T09:45:01+00:00\",\"breadcrumb\":{\"@id\":\"https:\/\/www.schwarzwaldverein-st-georgen.de\/index.php\/wanderheim\/uebernachtungen\/#breadcrumb\"},\"inLanguage\":\"de\",\"potentialAction\":[{\"@type\":\"ReadAction\",\"target\":[\"https:\/\/www.schwarzwaldverein-st-georgen.de\/index.php\/wanderheim\/uebernachtungen\/\"]}]},{\"@type\":\"ImageObject\",\"inLanguage\":\"de\",\"@id\":\"https:\/\/www.schwarzwaldverein-st-georgen.de\/index.php\/wanderheim\/uebernachtungen\/#primaryimage\",\"url\":\"http:\/\/www.schwarzwaldverein-st-georgen.de\/wp-content\/uploads\/ausschnittwanderheim.png\",\"contentUrl\":\"http:\/\/www.schwarzwaldverein-st-georgen.de\/wp-content\/uploads\/ausschnittwanderheim.png\"},{\"@type\":\"BreadcrumbList\",\"@id\":\"https:\/\/www.schwarzwaldverein-st-georgen.de\/index.php\/wanderheim\/uebernachtungen\/#breadcrumb\",\"itemListElement\":[{\"@type\":\"ListItem\",\"position\":1,\"name\":\"Start\",\"item\":\"https:\/\/www.schwarzwaldverein-st-georgen.de\/\"},{\"@type\":\"ListItem\",\"position\":2,\"name\":\"Wanderheim &#8222;Lindenb\u00fcble&#8220;\",\"item\":\"https:\/\/www.schwarzwaldverein-st-georgen.de\/index.php\/wanderheim\/\"},{\"@type\":\"ListItem\",\"position\":3,\"name\":\"Ausstattung und Preise\"}]},{\"@type\":\"WebSite\",\"@id\":\"https:\/\/www.schwarzwaldverein-st-georgen.de\/#website\",\"url\":\"https:\/\/www.schwarzwaldverein-st-georgen.de\/\",\"name\":\"Schwarzwaldverein St. Georgen e.V.\",\"description\":\"Wandern, Wege, Naturschutz, Familien, Wanderheim Lindenb\u00fcble\",\"potentialAction\":[{\"@type\":\"SearchAction\",\"target\":{\"@type\":\"EntryPoint\",\"urlTemplate\":\"https:\/\/www.schwarzwaldverein-st-georgen.de\/?s={search_term_string}\"},\"query-input\":{\"@type\":\"PropertyValueSpecification\",\"valueRequired\":true,\"valueName\":\"search_term_string\"}}],\"inLanguage\":\"de\"}]}<\/script>\n<!-- \/ Yoast SEO plugin. -->","yoast_head_json":{"title":"Ausstattung und Preise - Schwarzwaldverein St. Georgen e.V.","robots":{"index":"index","follow":"follow","max-snippet":"max-snippet:-1","max-image-preview":"max-image-preview:large","max-video-preview":"max-video-preview:-1"},"canonical":"https:\/\/www.schwarzwaldverein-st-georgen.de\/index.php\/wanderheim\/uebernachtungen\/","og_locale":"de_DE","og_type":"article","og_title":"Ausstattung und Preise - Schwarzwaldverein St. Georgen e.V.","og_description":"Unser Wanderheim ist geeignet f\u00fcr die \u00dcbernachtung von Einzelpersonen und Gruppen. Einzelpersonen und kleine Selbstversorgergruppen bis zu 6 Personen k\u00f6nnen in unserem Nebengeb\u00e4ude &#8222;Schopf&#8220; unterkommen, da\u00df wie eine kleine Ferienwohnung ausgestattet ist. Gr\u00f6\u00dfere Wandergruppen k\u00f6nnen nach vorheriger Terminabsprache die beiden Matratzenlager nutzen. Vereinsgruppen und Schulklassen k\u00f6nnen wir nur in Ausnahmef\u00e4llen betreuen. Das Haupthaus ist aber &hellip; Weiterlesen","og_url":"https:\/\/www.schwarzwaldverein-st-georgen.de\/index.php\/wanderheim\/uebernachtungen\/","og_site_name":"Schwarzwaldverein St. Georgen e.V.","article_modified_time":"2025-01-24T09:45:01+00:00","og_image":[{"url":"http:\/\/www.schwarzwaldverein-st-georgen.de\/wp-content\/uploads\/ausschnittwanderheim.png","type":"","width":"","height":""}],"twitter_card":"summary_large_image","twitter_misc":{"Gesch\u00e4tzte Lesezeit":"2\u00a0Minuten"},"schema":{"@context":"https:\/\/schema.org","@graph":[{"@type":"WebPage","@id":"https:\/\/www.schwarzwaldverein-st-georgen.de\/index.php\/wanderheim\/uebernachtungen\/","url":"https:\/\/www.schwarzwaldverein-st-georgen.de\/index.php\/wanderheim\/uebernachtungen\/","name":"Ausstattung und Preise - Schwarzwaldverein St. Georgen e.V.","isPartOf":{"@id":"https:\/\/www.schwarzwaldverein-st-georgen.de\/#website"},"primaryImageOfPage":{"@id":"https:\/\/www.schwarzwaldverein-st-georgen.de\/index.php\/wanderheim\/uebernachtungen\/#primaryimage"},"image":{"@id":"https:\/\/www.schwarzwaldverein-st-georgen.de\/index.php\/wanderheim\/uebernachtungen\/#primaryimage"},"thumbnailUrl":"http:\/\/www.schwarzwaldverein-st-georgen.de\/wp-content\/uploads\/ausschnittwanderheim.png","datePublished":"2017-11-20T15:04:54+00:00","dateModified":"2025-01-24T09:45:01+00:00","breadcrumb":{"@id":"https:\/\/www.schwarzwaldverein-st-georgen.de\/index.php\/wanderheim\/uebernachtungen\/#breadcrumb"},"inLanguage":"de","potentialAction":[{"@type":"ReadAction","target":["https:\/\/www.schwarzwaldverein-st-georgen.de\/index.php\/wanderheim\/uebernachtungen\/"]}]},{"@type":"ImageObject","inLanguage":"de","@id":"https:\/\/www.schwarzwaldverein-st-georgen.de\/index.php\/wanderheim\/uebernachtungen\/#primaryimage","url":"http:\/\/www.schwarzwaldverein-st-georgen.de\/wp-content\/uploads\/ausschnittwanderheim.png","contentUrl":"http:\/\/www.schwarzwaldverein-st-georgen.de\/wp-content\/uploads\/ausschnittwanderheim.png"},{"@type":"BreadcrumbList","@id":"https:\/\/www.schwarzwaldverein-st-georgen.de\/index.php\/wanderheim\/uebernachtungen\/#breadcrumb","itemListElement":[{"@type":"ListItem","position":1,"name":"Start","item":"https:\/\/www.schwarzwaldverein-st-georgen.de\/"},{"@type":"ListItem","position":2,"name":"Wanderheim &#8222;Lindenb\u00fcble&#8220;","item":"https:\/\/www.schwarzwaldverein-st-georgen.de\/index.php\/wanderheim\/"},{"@type":"ListItem","position":3,"name":"Ausstattung und Preise"}]},{"@type":"WebSite","@id":"https:\/\/www.schwarzwaldverein-st-georgen.de\/#website","url":"https:\/\/www.schwarzwaldverein-st-georgen.de\/","name":"Schwarzwaldverein St. Georgen e.V.","description":"Wandern, Wege, Naturschutz, Familien, Wanderheim Lindenb\u00fcble","potentialAction":[{"@type":"SearchAction","target":{"@type":"EntryPoint","urlTemplate":"https:\/\/www.schwarzwaldverein-st-georgen.de\/?s={search_term_string}"},"query-input":{"@type":"PropertyValueSpecification","valueRequired":true,"valueName":"search_term_string"}}],"inLanguage":"de"}]}},"ticketed":false,"_links":{"self":[{"href":"https:\/\/www.schwarzwaldverein-st-georgen.de\/index.php\/wp-json\/wp\/v2\/pages\/129","targetHints":{"allow":["GET"]}}],"collection":[{"href":"https:\/\/www.schwarzwaldverein-st-georgen.de\/index.php\/wp-json\/wp\/v2\/pages"}],"about":[{"href":"https:\/\/www.schwarzwaldverein-st-georgen.de\/index.php\/wp-json\/wp\/v2\/types\/page"}],"author":[{"embeddable":true,"href":"https:\/\/www.schwarzwaldverein-st-georgen.de\/index.php\/wp-json\/wp\/v2\/users\/2"}],"replies":[{"embeddable":true,"href":"https:\/\/www.schwarzwaldverein-st-georgen.de\/index.php\/wp-json\/wp\/v2\/comments?post=129"}],"version-history":[{"count":47,"href":"https:\/\/www.schwarzwaldverein-st-georgen.de\/index.php\/wp-json\/wp\/v2\/pages\/129\/revisions"}],"predecessor-version":[{"id":2743,"href":"https:\/\/www.schwarzwaldverein-st-georgen.de\/index.php\/wp-json\/wp\/v2\/pages\/129\/revisions\/2743"}],"up":[{"embeddable":true,"href":"https:\/\/www.schwarzwaldverein-st-georgen.de\/index.php\/wp-json\/wp\/v2\/pages\/127"}],"wp:attachment":[{"href":"https:\/\/www.schwarzwaldverein-st-georgen.de\/index.php\/wp-json\/wp\/v2\/media?parent=129"}],"curies":[{"name":"wp","href":"https:\/\/api.w.org\/{rel}","templated":true}]}}