{"id":1286,"date":"2021-01-18T18:50:44","date_gmt":"2021-01-18T17:50:44","guid":{"rendered":"https:\/\/www.schwarzwaldverein-st-georgen.de\/?page_id=1286"},"modified":"2026-02-06T14:22:11","modified_gmt":"2026-02-06T13:22:11","slug":"willkommen","status":"publish","type":"page","link":"https:\/\/www.schwarzwaldverein-st-georgen.de\/","title":{"rendered":"Willkommen!"},"content":{"rendered":"<blockquote><p>Liebe Wanderfreundinnen, liebe Wanderfreunde,<\/p>\n<p>packt die Wanderschuhe ein \u2013 unser neues Programm ist da! Ob ihr Lust auf eine kleine Halbtagesrunde habt, einen ganzen Tag drau\u00dfen verbringen m\u00f6chtet oder gleich mehrere Tage unterwegs sein wollt: wir haben f\u00fcr fast jeden das passende Angebot vorbereitet.<br \/>\nBesonders freuen wir uns auf die Rote-Raute-Treffen, bei denen nicht nur die Bewegung im Vordergrund steht, sondern auch das Miteinander, die Gespr\u00e4che und die Freude am gemeinsamen Erleben.<br \/>\nKommt mit uns raus in die Natur, entdeckt neue Wege und genie\u00dft die Gemeinschaft. Wir sind sicher: es warten viele sch\u00f6ne Momente auf euch!<\/p>\n<p>Euer Schwarzwaldverein<\/p>\n<p>Spontanwanderungen 2026<br \/>\nAuch in diesem Jahr bieten wir wieder Spontanwanderungen an. Diese f\u00fchren meist in die n\u00e4here Umgebung, sind k\u00fcrzer und leichter als \u201egelbe Raute\u201c-Touren, mit moderaten Steigungen, gem\u00fctlichem Tempo und oft einer Einkehr unterwegs oder am Schluss. Sie werden kurzfristig \u00fcber Crossiety oder telefonisch angek\u00fcndigt und k\u00f6nnen auch unter der Woche oder mit \u00f6ffentlichen Verkehrsmitteln stattfinden.<\/p>\n<p>Das Angebot richtet sich an Mitglieder und Nichtmitglieder des Schwarzwaldvereins St. Georgen. Interessierte k\u00f6nnen sich im St\u00e4dtenetzwerk Crossiety der Gruppe \u201eSchwarzwaldverein St. Georgen e.V.\u201c anschlie\u00dfen und erhalten dann automatisch E-Mail-Benachrichtigungen zu Veranstaltungen. Wer lieber telefonisch informiert werden m\u00f6chte, kann sich unter Tel. 07724\/916635 in eine Liste eintragen lassen.<\/p>\n<p>Peter Meixner<\/p>\n<p><strong>Also aufraffen, mitwandern und Spa\u00df haben!<\/strong><br \/>\nEin sch\u00f6nes Wanderjahr 2026 w\u00fcnscht<br \/>\nder Schwarzwaldverein St. Georgen.<\/p><\/blockquote>\n<p>&nbsp;<\/p>\n<p>&nbsp;<\/p>\n<table>\n<tbody>\n<tr>\n<td><\/td>\n<td>Jahresprogramm 2026<br \/>\nAdobe Acrobat Dokument [5,2 MB]<\/p>\n<p><div id=\"attachment_1553\" style=\"width: 150px\" class=\"wp-caption alignnone\"><a href=\"https:\/\/www.schwarzwaldverein-st-georgen.de\/wp-content\/uploads\/2026\/Programmheft-2026.pdf\" target=\"_blank\" rel=\"noopener\"><img loading=\"lazy\" decoding=\"async\" aria-describedby=\"caption-attachment-1553\" class=\"wp-image-1553\" src=\"https:\/\/www.schwarzwaldverein-st-georgen.de\/wp-content\/uploads\/Download.png\" alt=\"\" width=\"150\" height=\"78\" \/><\/a><p id=\"caption-attachment-1553\" class=\"wp-caption-text\">Programmheft 2026<\/p><\/div><\/td>\n<td><img loading=\"lazy\" decoding=\"async\" class=\"alignnone wp-image-3009 \" src=\"https:\/\/www.schwarzwaldverein-st-georgen.de\/wp-content\/uploads\/Cover.jpg\" alt=\"\" width=\"244\" height=\"344\" srcset=\"https:\/\/www.schwarzwaldverein-st-georgen.de\/wp-content\/uploads\/Cover.jpg 638w, https:\/\/www.schwarzwaldverein-st-georgen.de\/wp-content\/uploads\/Cover-213x300.jpg 213w\" sizes=\"auto, (max-width: 244px) 100vw, 244px\" \/><\/td>\n<\/tr>\n<\/tbody>\n<\/table>\n<blockquote>\n<hr \/>\n<p>Die Kategorisierung unserer Veranstaltungen:<\/p>\n<table>\n<tbody>\n<tr>\n<td style=\"vertical-align: top; width: 40px;\"><img loading=\"lazy\" decoding=\"async\" class=\"alignnone\" src=\"https:\/\/www.schwarzwaldverein-st-georgen.de\/wp-content\/uploads\/roteRaute.png\" alt=\"\" width=\"30\" height=\"16\" \/><\/td>\n<td>Veranstaltungen, bei denen das Wandern nicht im Mittelpunkt steht, zum Teil am Ort oder unter Dach<\/td>\n<\/tr>\n<tr>\n<td><img loading=\"lazy\" decoding=\"async\" class=\"alignnone\" src=\"https:\/\/www.schwarzwaldverein-st-georgen.de\/wp-content\/uploads\/gelbeRaute.png\" alt=\"\" width=\"30\" height=\"16\" \/><\/td>\n<td>Leichte, kurze Wanderungen &lt; 14 km<\/td>\n<\/tr>\n<tr>\n<td><img loading=\"lazy\" decoding=\"async\" class=\"alignnone\" src=\"https:\/\/www.schwarzwaldverein-st-georgen.de\/wp-content\/uploads\/grueneRaute.png\" alt=\"\" width=\"30\" height=\"16\" \/><\/td>\n<td>After Work Walking: entspannende leichte Wanderungen mit Einkehr<\/td>\n<\/tr>\n<tr>\n<td><img loading=\"lazy\" decoding=\"async\" class=\"alignnone\" src=\"https:\/\/www.schwarzwaldverein-st-georgen.de\/wp-content\/uploads\/blaueRaute.png\" alt=\"\" width=\"30\" height=\"16\" \/><\/td>\n<td>mittelschwere Kategorie hinsichtlich Entfernung (&gt; 14 km), Steigung oder Wegbeschaffenheit; geeignetes Schuhwerk wird empfohlen, Wanderst\u00f6cke sind von Nutzen<\/td>\n<\/tr>\n<tr>\n<td><img loading=\"lazy\" decoding=\"async\" class=\"alignnone\" src=\"https:\/\/www.schwarzwaldverein-st-georgen.de\/wp-content\/uploads\/SchwarzBlauRaute.png\" alt=\"\" width=\"30\" height=\"16\" \/><\/td>\n<td>anspruchsvollere Kategorie mit langen Wanderstrecken, l\u00e4ngeren\/steileren Anstiegen und\/oder schwieriger Wegbeschaffenheit, geeignetes Schuhwerk ist zwingend erforderlich, Wanderst\u00f6cke sind von Nutzen<\/td>\n<\/tr>\n<\/tbody>\n<\/table>\n<\/blockquote>\n<p>&nbsp;<\/p>\n","protected":false},"excerpt":{"rendered":"<p>Liebe Wanderfreundinnen, liebe Wanderfreunde, packt die Wanderschuhe ein \u2013 unser neues Programm ist da! Ob ihr Lust auf eine kleine Halbtagesrunde habt, einen ganzen Tag drau\u00dfen verbringen m\u00f6chtet oder gleich mehrere Tage unterwegs sein wollt: wir haben f\u00fcr fast jeden das passende Angebot vorbereitet. Besonders freuen wir uns auf die Rote-Raute-Treffen, bei denen nicht nur &hellip; <\/p>\n<p><a class=\"more-link btn\" href=\"https:\/\/www.schwarzwaldverein-st-georgen.de\/\">Weiterlesen<\/a><\/p>\n","protected":false},"author":1,"featured_media":0,"parent":0,"menu_order":0,"comment_status":"closed","ping_status":"closed","template":"template-twocolumnsleft.php","meta":{"_price":"","_stock":"","_tribe_ticket_header":"","_tribe_default_ticket_provider":"","_ticket_start_date":"","_ticket_end_date":"","_tribe_ticket_show_description":"","_tribe_ticket_show_not_going":false,"_tribe_ticket_use_global_stock":"","_tribe_ticket_global_stock_level":"","_global_stock_mode":"","_global_stock_cap":"","_tribe_rsvp_for_event":"","_tribe_ticket_going_count":"","_tribe_ticket_not_going_count":"","_tribe_tickets_list":"[]","_tribe_ticket_has_attendee_info_fields":false,"footnotes":"","_tec_slr_enabled":"","_tec_slr_layout":""},"class_list":["post-1286","page","type-page","status-publish","hentry","nodate","item-wrap"],"yoast_head":"<!-- This site is optimized with the Yoast SEO plugin v26.8 - https:\/\/yoast.com\/product\/yoast-seo-wordpress\/ -->\n<title>Willkommen! - Schwarzwaldverein St. Georgen e.V.<\/title>\n<meta name=\"robots\" content=\"index, follow, max-snippet:-1, max-image-preview:large, max-video-preview:-1\" \/>\n<link rel=\"canonical\" href=\"https:\/\/www.schwarzwaldverein-st-georgen.de\/\" \/>\n<meta property=\"og:locale\" content=\"de_DE\" \/>\n<meta property=\"og:type\" content=\"article\" \/>\n<meta property=\"og:title\" content=\"Willkommen! - Schwarzwaldverein St. Georgen e.V.\" \/>\n<meta property=\"og:description\" content=\"Liebe Wanderfreundinnen, liebe Wanderfreunde, packt die Wanderschuhe ein \u2013 unser neues Programm ist da! Ob ihr Lust auf eine kleine Halbtagesrunde habt, einen ganzen Tag drau\u00dfen verbringen m\u00f6chtet oder gleich mehrere Tage unterwegs sein wollt: wir haben f\u00fcr fast jeden das passende Angebot vorbereitet. Besonders freuen wir uns auf die Rote-Raute-Treffen, bei denen nicht nur &hellip; Weiterlesen\" \/>\n<meta property=\"og:url\" content=\"https:\/\/www.schwarzwaldverein-st-georgen.de\/\" \/>\n<meta property=\"og:site_name\" content=\"Schwarzwaldverein St. Georgen e.V.\" \/>\n<meta property=\"article:modified_time\" content=\"2026-02-06T13:22:11+00:00\" \/>\n<meta property=\"og:image\" content=\"https:\/\/www.schwarzwaldverein-st-georgen.de\/wp-content\/uploads\/Download.png\" \/>\n\t<meta property=\"og:image:width\" content=\"193\" \/>\n\t<meta property=\"og:image:height\" content=\"100\" \/>\n\t<meta property=\"og:image:type\" content=\"image\/png\" \/>\n<meta name=\"twitter:card\" content=\"summary_large_image\" \/>\n<meta name=\"twitter:label1\" content=\"Gesch\u00e4tzte Lesezeit\" \/>\n\t<meta name=\"twitter:data1\" content=\"1\u00a0Minute\" \/>\n<script type=\"application\/ld+json\" class=\"yoast-schema-graph\">{\"@context\":\"https:\/\/schema.org\",\"@graph\":[{\"@type\":\"WebPage\",\"@id\":\"https:\/\/www.schwarzwaldverein-st-georgen.de\/\",\"url\":\"https:\/\/www.schwarzwaldverein-st-georgen.de\/\",\"name\":\"Willkommen! - Schwarzwaldverein St. Georgen e.V.\",\"isPartOf\":{\"@id\":\"https:\/\/www.schwarzwaldverein-st-georgen.de\/#website\"},\"primaryImageOfPage\":{\"@id\":\"https:\/\/www.schwarzwaldverein-st-georgen.de\/#primaryimage\"},\"image\":{\"@id\":\"https:\/\/www.schwarzwaldverein-st-georgen.de\/#primaryimage\"},\"thumbnailUrl\":\"https:\/\/www.schwarzwaldverein-st-georgen.de\/wp-content\/uploads\/Download.png\",\"datePublished\":\"2021-01-18T17:50:44+00:00\",\"dateModified\":\"2026-02-06T13:22:11+00:00\",\"breadcrumb\":{\"@id\":\"https:\/\/www.schwarzwaldverein-st-georgen.de\/#breadcrumb\"},\"inLanguage\":\"de\",\"potentialAction\":[{\"@type\":\"ReadAction\",\"target\":[\"https:\/\/www.schwarzwaldverein-st-georgen.de\/\"]}]},{\"@type\":\"ImageObject\",\"inLanguage\":\"de\",\"@id\":\"https:\/\/www.schwarzwaldverein-st-georgen.de\/#primaryimage\",\"url\":\"https:\/\/www.schwarzwaldverein-st-georgen.de\/wp-content\/uploads\/Download.png\",\"contentUrl\":\"https:\/\/www.schwarzwaldverein-st-georgen.de\/wp-content\/uploads\/Download.png\",\"width\":193,\"height\":100},{\"@type\":\"BreadcrumbList\",\"@id\":\"https:\/\/www.schwarzwaldverein-st-georgen.de\/#breadcrumb\",\"itemListElement\":[{\"@type\":\"ListItem\",\"position\":1,\"name\":\"Start\",\"item\":\"https:\/\/www.schwarzwaldverein-st-georgen.de\/\"},{\"@type\":\"ListItem\",\"position\":2,\"name\":\"Willkommen!\"}]},{\"@type\":\"WebSite\",\"@id\":\"https:\/\/www.schwarzwaldverein-st-georgen.de\/#website\",\"url\":\"https:\/\/www.schwarzwaldverein-st-georgen.de\/\",\"name\":\"Schwarzwaldverein St. Georgen e.V.\",\"description\":\"Wandern, Wege, Naturschutz, Familien, Wanderheim Lindenb\u00fcble\",\"potentialAction\":[{\"@type\":\"SearchAction\",\"target\":{\"@type\":\"EntryPoint\",\"urlTemplate\":\"https:\/\/www.schwarzwaldverein-st-georgen.de\/?s={search_term_string}\"},\"query-input\":{\"@type\":\"PropertyValueSpecification\",\"valueRequired\":true,\"valueName\":\"search_term_string\"}}],\"inLanguage\":\"de\"}]}<\/script>\n<!-- \/ Yoast SEO plugin. -->","yoast_head_json":{"title":"Willkommen! - Schwarzwaldverein St. Georgen e.V.","robots":{"index":"index","follow":"follow","max-snippet":"max-snippet:-1","max-image-preview":"max-image-preview:large","max-video-preview":"max-video-preview:-1"},"canonical":"https:\/\/www.schwarzwaldverein-st-georgen.de\/","og_locale":"de_DE","og_type":"article","og_title":"Willkommen! - Schwarzwaldverein St. Georgen e.V.","og_description":"Liebe Wanderfreundinnen, liebe Wanderfreunde, packt die Wanderschuhe ein \u2013 unser neues Programm ist da! Ob ihr Lust auf eine kleine Halbtagesrunde habt, einen ganzen Tag drau\u00dfen verbringen m\u00f6chtet oder gleich mehrere Tage unterwegs sein wollt: wir haben f\u00fcr fast jeden das passende Angebot vorbereitet. Besonders freuen wir uns auf die Rote-Raute-Treffen, bei denen nicht nur &hellip; Weiterlesen","og_url":"https:\/\/www.schwarzwaldverein-st-georgen.de\/","og_site_name":"Schwarzwaldverein St. Georgen e.V.","article_modified_time":"2026-02-06T13:22:11+00:00","og_image":[{"width":193,"height":100,"url":"https:\/\/www.schwarzwaldverein-st-georgen.de\/wp-content\/uploads\/Download.png","type":"image\/png"}],"twitter_card":"summary_large_image","twitter_misc":{"Gesch\u00e4tzte Lesezeit":"1\u00a0Minute"},"schema":{"@context":"https:\/\/schema.org","@graph":[{"@type":"WebPage","@id":"https:\/\/www.schwarzwaldverein-st-georgen.de\/","url":"https:\/\/www.schwarzwaldverein-st-georgen.de\/","name":"Willkommen! - Schwarzwaldverein St. Georgen e.V.","isPartOf":{"@id":"https:\/\/www.schwarzwaldverein-st-georgen.de\/#website"},"primaryImageOfPage":{"@id":"https:\/\/www.schwarzwaldverein-st-georgen.de\/#primaryimage"},"image":{"@id":"https:\/\/www.schwarzwaldverein-st-georgen.de\/#primaryimage"},"thumbnailUrl":"https:\/\/www.schwarzwaldverein-st-georgen.de\/wp-content\/uploads\/Download.png","datePublished":"2021-01-18T17:50:44+00:00","dateModified":"2026-02-06T13:22:11+00:00","breadcrumb":{"@id":"https:\/\/www.schwarzwaldverein-st-georgen.de\/#breadcrumb"},"inLanguage":"de","potentialAction":[{"@type":"ReadAction","target":["https:\/\/www.schwarzwaldverein-st-georgen.de\/"]}]},{"@type":"ImageObject","inLanguage":"de","@id":"https:\/\/www.schwarzwaldverein-st-georgen.de\/#primaryimage","url":"https:\/\/www.schwarzwaldverein-st-georgen.de\/wp-content\/uploads\/Download.png","contentUrl":"https:\/\/www.schwarzwaldverein-st-georgen.de\/wp-content\/uploads\/Download.png","width":193,"height":100},{"@type":"BreadcrumbList","@id":"https:\/\/www.schwarzwaldverein-st-georgen.de\/#breadcrumb","itemListElement":[{"@type":"ListItem","position":1,"name":"Start","item":"https:\/\/www.schwarzwaldverein-st-georgen.de\/"},{"@type":"ListItem","position":2,"name":"Willkommen!"}]},{"@type":"WebSite","@id":"https:\/\/www.schwarzwaldverein-st-georgen.de\/#website","url":"https:\/\/www.schwarzwaldverein-st-georgen.de\/","name":"Schwarzwaldverein St. Georgen e.V.","description":"Wandern, Wege, Naturschutz, Familien, Wanderheim Lindenb\u00fcble","potentialAction":[{"@type":"SearchAction","target":{"@type":"EntryPoint","urlTemplate":"https:\/\/www.schwarzwaldverein-st-georgen.de\/?s={search_term_string}"},"query-input":{"@type":"PropertyValueSpecification","valueRequired":true,"valueName":"search_term_string"}}],"inLanguage":"de"}]}},"ticketed":false,"_links":{"self":[{"href":"https:\/\/www.schwarzwaldverein-st-georgen.de\/index.php\/wp-json\/wp\/v2\/pages\/1286","targetHints":{"allow":["GET"]}}],"collection":[{"href":"https:\/\/www.schwarzwaldverein-st-georgen.de\/index.php\/wp-json\/wp\/v2\/pages"}],"about":[{"href":"https:\/\/www.schwarzwaldverein-st-georgen.de\/index.php\/wp-json\/wp\/v2\/types\/page"}],"author":[{"embeddable":true,"href":"https:\/\/www.schwarzwaldverein-st-georgen.de\/index.php\/wp-json\/wp\/v2\/users\/1"}],"replies":[{"embeddable":true,"href":"https:\/\/www.schwarzwaldverein-st-georgen.de\/index.php\/wp-json\/wp\/v2\/comments?post=1286"}],"version-history":[{"count":51,"href":"https:\/\/www.schwarzwaldverein-st-georgen.de\/index.php\/wp-json\/wp\/v2\/pages\/1286\/revisions"}],"predecessor-version":[{"id":3010,"href":"https:\/\/www.schwarzwaldverein-st-georgen.de\/index.php\/wp-json\/wp\/v2\/pages\/1286\/revisions\/3010"}],"wp:attachment":[{"href":"https:\/\/www.schwarzwaldverein-st-georgen.de\/index.php\/wp-json\/wp\/v2\/media?parent=1286"}],"curies":[{"name":"wp","href":"https:\/\/api.w.org\/{rel}","templated":true}]}}