{"id":127,"date":"2017-11-20T16:02:06","date_gmt":"2017-11-20T15:02:06","guid":{"rendered":"http:\/\/localhost\/swv\/?page_id=127"},"modified":"2026-01-25T18:13:07","modified_gmt":"2026-01-25T17:13:07","slug":"wanderheim","status":"publish","type":"page","link":"https:\/\/www.schwarzwaldverein-st-georgen.de\/index.php\/wanderheim\/","title":{"rendered":"Wanderheim &#8222;Lindenb\u00fcble&#8220;"},"content":{"rendered":"<div class=\"style_SkipStroke_1 shape-with-text flowDefining\">\n<div class=\"text-content style_External_620_132\">\n<div class=\"style\">\n<h4 class=\"Body\">\u00a0&#8211; ein Kleinod im Schwarzwald&#8230;<\/h4>\n<\/div>\n<\/div>\n<h3><span style=\"color: #ff0000;\">&#8212; Wir machen Sommerpause und haben<\/span><\/h3>\n<h3><span style=\"color: #ff0000;\">vom 29.7.2026 &#8211; 26.8.2026 geschlossen &#8212;<\/span><\/h3>\n<div class=\"text-content style_External_620_132\">\n<div><\/div>\n<div class=\"tinyText\">\u00a0<img loading=\"lazy\" decoding=\"async\" class=\"alignnone size-full wp-image-295\" src=\"http:\/\/www.schwarzwaldverein-st-georgen.de\/wp-content\/uploads\/wanderheim60J-1.png\" alt=\"\" width=\"755\" height=\"316\" srcset=\"https:\/\/www.schwarzwaldverein-st-georgen.de\/wp-content\/uploads\/wanderheim60J-1.png 755w, https:\/\/www.schwarzwaldverein-st-georgen.de\/wp-content\/uploads\/wanderheim60J-1-300x126.png 300w\" sizes=\"auto, (max-width: 755px) 100vw, 755px\" \/><\/div>\n<\/div>\n<\/div>\n<div id=\"id1\" class=\"style_SkipStroke_2 shape-with-text\">\n<div class=\"text-content style_External_751_247\">\n<div class=\"style_1\">\n<p class=\"Playlist\">Seit \u00fcber 60 Jahren ist das Lindenb\u00fcble im Besitz des Schwarzwaldvereins St.Georgen. Mit gro\u00dfem Engagement und viel Eigenleistung wurde das ehemalige Bauernhaus seit den 60er-Jahren zu einem kleinen Schmuckst\u00fcck ausgebaut.<\/p>\n<p class=\"Playlist\">Heute dient das Haus nicht nur als Treffpunkt und Veranstaltungsort der Ortsgruppe St. Georgen, sondern bietet als offizielles Wanderheim des Schwarzwaldvereins Bewirtung und \u00dcbernachtungsm\u00f6glichkeiten f\u00fcr Wanderer.<\/p>\n<p class=\"Playlist\">Das Wanderheim Lindenb\u00fcble liegt auf 900 m im Ortsteil Langenschiltach am Schnittpunkt des Mittelweges mit dem Querweg Lahr &#8211; Rottweil. Von St. Georgen aus ist unser Wanderheim auf Wanderwegen in etwa 90 Minuten zu erreichen.<\/p>\n<p class=\"Playlist\">W\u00e4hrend der Sommersaison von 1. Mai &#8211; 31. Oktober haben wir sonntags f\u00fcr Tagesg\u00e4ste ge\u00f6ffnet und bieten in unserer gem\u00fctlichen Gaststube und auf der idyllischen Terrasse Kaffee und Kuchen, Vespergerichte und kleinere Mahlzeiten.<\/p>\n<p class=\"Playlist\">Das Wanderheim Lindenb\u00fcble wird von Mitgliedern der Ortsgruppe St. Georgen ehrenamtlich bewirtet.<\/p>\n<\/div>\n<\/div>\n<\/div>\n","protected":false},"excerpt":{"rendered":"<p>\u00a0&#8211; ein Kleinod im Schwarzwald&#8230; &#8212; Wir machen Sommerpause und haben vom 29.7.2026 &#8211; 26.8.2026 geschlossen &#8212; \u00a0 Seit \u00fcber 60 Jahren ist das Lindenb\u00fcble im Besitz des Schwarzwaldvereins St.Georgen. Mit gro\u00dfem Engagement und viel Eigenleistung wurde das ehemalige Bauernhaus seit den 60er-Jahren zu einem kleinen Schmuckst\u00fcck ausgebaut. Heute dient das Haus nicht nur als &hellip; <\/p>\n<p><a class=\"more-link btn\" href=\"https:\/\/www.schwarzwaldverein-st-georgen.de\/index.php\/wanderheim\/\">Weiterlesen<\/a><\/p>\n","protected":false},"author":2,"featured_media":258,"parent":0,"menu_order":0,"comment_status":"closed","ping_status":"closed","template":"template-twocolumnsleft.php","meta":{"_price":"","_stock":"","_tribe_ticket_header":"","_tribe_default_ticket_provider":"","_ticket_start_date":"","_ticket_end_date":"","_tribe_ticket_show_description":"","_tribe_ticket_show_not_going":false,"_tribe_ticket_use_global_stock":"","_tribe_ticket_global_stock_level":"","_global_stock_mode":"","_global_stock_cap":"","_tribe_rsvp_for_event":"","_tribe_ticket_going_count":"","_tribe_ticket_not_going_count":"","_tribe_tickets_list":"[]","_tribe_ticket_has_attendee_info_fields":false,"footnotes":"","_tec_slr_enabled":"","_tec_slr_layout":""},"class_list":["post-127","page","type-page","status-publish","has-post-thumbnail","hentry","nodate","item-wrap"],"yoast_head":"<!-- This site is optimized with the Yoast SEO plugin v26.8 - https:\/\/yoast.com\/product\/yoast-seo-wordpress\/ -->\n<title>Wanderheim &quot;Lindenb\u00fcble&quot; - Schwarzwaldverein St. Georgen e.V.<\/title>\n<meta name=\"robots\" content=\"index, follow, max-snippet:-1, max-image-preview:large, max-video-preview:-1\" \/>\n<link rel=\"canonical\" href=\"https:\/\/www.schwarzwaldverein-st-georgen.de\/index.php\/wanderheim\/\" \/>\n<meta property=\"og:locale\" content=\"de_DE\" \/>\n<meta property=\"og:type\" content=\"article\" \/>\n<meta property=\"og:title\" content=\"Wanderheim &quot;Lindenb\u00fcble&quot; - Schwarzwaldverein St. Georgen e.V.\" \/>\n<meta property=\"og:description\" content=\"\u00a0&#8211; ein Kleinod im Schwarzwald&#8230; &#8212; Wir machen Sommerpause und haben vom 29.7.2026 &#8211; 26.8.2026 geschlossen &#8212; \u00a0 Seit \u00fcber 60 Jahren ist das Lindenb\u00fcble im Besitz des Schwarzwaldvereins St.Georgen. Mit gro\u00dfem Engagement und viel Eigenleistung wurde das ehemalige Bauernhaus seit den 60er-Jahren zu einem kleinen Schmuckst\u00fcck ausgebaut. Heute dient das Haus nicht nur als &hellip; Weiterlesen\" \/>\n<meta property=\"og:url\" content=\"https:\/\/www.schwarzwaldverein-st-georgen.de\/index.php\/wanderheim\/\" \/>\n<meta property=\"og:site_name\" content=\"Schwarzwaldverein St. Georgen e.V.\" \/>\n<meta property=\"article:modified_time\" content=\"2026-01-25T17:13:07+00:00\" \/>\n<meta property=\"og:image\" content=\"https:\/\/www.schwarzwaldverein-st-georgen.de\/wp-content\/uploads\/Wanderheim.jpg\" \/>\n\t<meta property=\"og:image:width\" content=\"1170\" \/>\n\t<meta property=\"og:image:height\" content=\"426\" \/>\n\t<meta property=\"og:image:type\" content=\"image\/jpeg\" \/>\n<meta name=\"twitter:card\" content=\"summary_large_image\" \/>\n<meta name=\"twitter:label1\" content=\"Gesch\u00e4tzte Lesezeit\" \/>\n\t<meta name=\"twitter:data1\" content=\"2\u00a0Minuten\" \/>\n<script type=\"application\/ld+json\" class=\"yoast-schema-graph\">{\"@context\":\"https:\/\/schema.org\",\"@graph\":[{\"@type\":\"WebPage\",\"@id\":\"https:\/\/www.schwarzwaldverein-st-georgen.de\/index.php\/wanderheim\/\",\"url\":\"https:\/\/www.schwarzwaldverein-st-georgen.de\/index.php\/wanderheim\/\",\"name\":\"Wanderheim \\\"Lindenb\u00fcble\\\" - Schwarzwaldverein St. Georgen e.V.\",\"isPartOf\":{\"@id\":\"https:\/\/www.schwarzwaldverein-st-georgen.de\/#website\"},\"primaryImageOfPage\":{\"@id\":\"https:\/\/www.schwarzwaldverein-st-georgen.de\/index.php\/wanderheim\/#primaryimage\"},\"image\":{\"@id\":\"https:\/\/www.schwarzwaldverein-st-georgen.de\/index.php\/wanderheim\/#primaryimage\"},\"thumbnailUrl\":\"https:\/\/www.schwarzwaldverein-st-georgen.de\/wp-content\/uploads\/Wanderheim.jpg\",\"datePublished\":\"2017-11-20T15:02:06+00:00\",\"dateModified\":\"2026-01-25T17:13:07+00:00\",\"breadcrumb\":{\"@id\":\"https:\/\/www.schwarzwaldverein-st-georgen.de\/index.php\/wanderheim\/#breadcrumb\"},\"inLanguage\":\"de\",\"potentialAction\":[{\"@type\":\"ReadAction\",\"target\":[\"https:\/\/www.schwarzwaldverein-st-georgen.de\/index.php\/wanderheim\/\"]}]},{\"@type\":\"ImageObject\",\"inLanguage\":\"de\",\"@id\":\"https:\/\/www.schwarzwaldverein-st-georgen.de\/index.php\/wanderheim\/#primaryimage\",\"url\":\"https:\/\/www.schwarzwaldverein-st-georgen.de\/wp-content\/uploads\/Wanderheim.jpg\",\"contentUrl\":\"https:\/\/www.schwarzwaldverein-st-georgen.de\/wp-content\/uploads\/Wanderheim.jpg\",\"width\":1170,\"height\":426},{\"@type\":\"BreadcrumbList\",\"@id\":\"https:\/\/www.schwarzwaldverein-st-georgen.de\/index.php\/wanderheim\/#breadcrumb\",\"itemListElement\":[{\"@type\":\"ListItem\",\"position\":1,\"name\":\"Start\",\"item\":\"https:\/\/www.schwarzwaldverein-st-georgen.de\/\"},{\"@type\":\"ListItem\",\"position\":2,\"name\":\"Wanderheim &#8222;Lindenb\u00fcble&#8220;\"}]},{\"@type\":\"WebSite\",\"@id\":\"https:\/\/www.schwarzwaldverein-st-georgen.de\/#website\",\"url\":\"https:\/\/www.schwarzwaldverein-st-georgen.de\/\",\"name\":\"Schwarzwaldverein St. Georgen e.V.\",\"description\":\"Wandern, Wege, Naturschutz, Familien, Wanderheim Lindenb\u00fcble\",\"potentialAction\":[{\"@type\":\"SearchAction\",\"target\":{\"@type\":\"EntryPoint\",\"urlTemplate\":\"https:\/\/www.schwarzwaldverein-st-georgen.de\/?s={search_term_string}\"},\"query-input\":{\"@type\":\"PropertyValueSpecification\",\"valueRequired\":true,\"valueName\":\"search_term_string\"}}],\"inLanguage\":\"de\"}]}<\/script>\n<!-- \/ Yoast SEO plugin. -->","yoast_head_json":{"title":"Wanderheim \"Lindenb\u00fcble\" - Schwarzwaldverein St. Georgen e.V.","robots":{"index":"index","follow":"follow","max-snippet":"max-snippet:-1","max-image-preview":"max-image-preview:large","max-video-preview":"max-video-preview:-1"},"canonical":"https:\/\/www.schwarzwaldverein-st-georgen.de\/index.php\/wanderheim\/","og_locale":"de_DE","og_type":"article","og_title":"Wanderheim \"Lindenb\u00fcble\" - Schwarzwaldverein St. Georgen e.V.","og_description":"\u00a0&#8211; ein Kleinod im Schwarzwald&#8230; &#8212; Wir machen Sommerpause und haben vom 29.7.2026 &#8211; 26.8.2026 geschlossen &#8212; \u00a0 Seit \u00fcber 60 Jahren ist das Lindenb\u00fcble im Besitz des Schwarzwaldvereins St.Georgen. Mit gro\u00dfem Engagement und viel Eigenleistung wurde das ehemalige Bauernhaus seit den 60er-Jahren zu einem kleinen Schmuckst\u00fcck ausgebaut. Heute dient das Haus nicht nur als &hellip; Weiterlesen","og_url":"https:\/\/www.schwarzwaldverein-st-georgen.de\/index.php\/wanderheim\/","og_site_name":"Schwarzwaldverein St. Georgen e.V.","article_modified_time":"2026-01-25T17:13:07+00:00","og_image":[{"width":1170,"height":426,"url":"https:\/\/www.schwarzwaldverein-st-georgen.de\/wp-content\/uploads\/Wanderheim.jpg","type":"image\/jpeg"}],"twitter_card":"summary_large_image","twitter_misc":{"Gesch\u00e4tzte Lesezeit":"2\u00a0Minuten"},"schema":{"@context":"https:\/\/schema.org","@graph":[{"@type":"WebPage","@id":"https:\/\/www.schwarzwaldverein-st-georgen.de\/index.php\/wanderheim\/","url":"https:\/\/www.schwarzwaldverein-st-georgen.de\/index.php\/wanderheim\/","name":"Wanderheim \"Lindenb\u00fcble\" - Schwarzwaldverein St. Georgen e.V.","isPartOf":{"@id":"https:\/\/www.schwarzwaldverein-st-georgen.de\/#website"},"primaryImageOfPage":{"@id":"https:\/\/www.schwarzwaldverein-st-georgen.de\/index.php\/wanderheim\/#primaryimage"},"image":{"@id":"https:\/\/www.schwarzwaldverein-st-georgen.de\/index.php\/wanderheim\/#primaryimage"},"thumbnailUrl":"https:\/\/www.schwarzwaldverein-st-georgen.de\/wp-content\/uploads\/Wanderheim.jpg","datePublished":"2017-11-20T15:02:06+00:00","dateModified":"2026-01-25T17:13:07+00:00","breadcrumb":{"@id":"https:\/\/www.schwarzwaldverein-st-georgen.de\/index.php\/wanderheim\/#breadcrumb"},"inLanguage":"de","potentialAction":[{"@type":"ReadAction","target":["https:\/\/www.schwarzwaldverein-st-georgen.de\/index.php\/wanderheim\/"]}]},{"@type":"ImageObject","inLanguage":"de","@id":"https:\/\/www.schwarzwaldverein-st-georgen.de\/index.php\/wanderheim\/#primaryimage","url":"https:\/\/www.schwarzwaldverein-st-georgen.de\/wp-content\/uploads\/Wanderheim.jpg","contentUrl":"https:\/\/www.schwarzwaldverein-st-georgen.de\/wp-content\/uploads\/Wanderheim.jpg","width":1170,"height":426},{"@type":"BreadcrumbList","@id":"https:\/\/www.schwarzwaldverein-st-georgen.de\/index.php\/wanderheim\/#breadcrumb","itemListElement":[{"@type":"ListItem","position":1,"name":"Start","item":"https:\/\/www.schwarzwaldverein-st-georgen.de\/"},{"@type":"ListItem","position":2,"name":"Wanderheim &#8222;Lindenb\u00fcble&#8220;"}]},{"@type":"WebSite","@id":"https:\/\/www.schwarzwaldverein-st-georgen.de\/#website","url":"https:\/\/www.schwarzwaldverein-st-georgen.de\/","name":"Schwarzwaldverein St. Georgen e.V.","description":"Wandern, Wege, Naturschutz, Familien, Wanderheim Lindenb\u00fcble","potentialAction":[{"@type":"SearchAction","target":{"@type":"EntryPoint","urlTemplate":"https:\/\/www.schwarzwaldverein-st-georgen.de\/?s={search_term_string}"},"query-input":{"@type":"PropertyValueSpecification","valueRequired":true,"valueName":"search_term_string"}}],"inLanguage":"de"}]}},"ticketed":false,"_links":{"self":[{"href":"https:\/\/www.schwarzwaldverein-st-georgen.de\/index.php\/wp-json\/wp\/v2\/pages\/127","targetHints":{"allow":["GET"]}}],"collection":[{"href":"https:\/\/www.schwarzwaldverein-st-georgen.de\/index.php\/wp-json\/wp\/v2\/pages"}],"about":[{"href":"https:\/\/www.schwarzwaldverein-st-georgen.de\/index.php\/wp-json\/wp\/v2\/types\/page"}],"author":[{"embeddable":true,"href":"https:\/\/www.schwarzwaldverein-st-georgen.de\/index.php\/wp-json\/wp\/v2\/users\/2"}],"replies":[{"embeddable":true,"href":"https:\/\/www.schwarzwaldverein-st-georgen.de\/index.php\/wp-json\/wp\/v2\/comments?post=127"}],"version-history":[{"count":11,"href":"https:\/\/www.schwarzwaldverein-st-georgen.de\/index.php\/wp-json\/wp\/v2\/pages\/127\/revisions"}],"predecessor-version":[{"id":2995,"href":"https:\/\/www.schwarzwaldverein-st-georgen.de\/index.php\/wp-json\/wp\/v2\/pages\/127\/revisions\/2995"}],"wp:featuredmedia":[{"embeddable":true,"href":"https:\/\/www.schwarzwaldverein-st-georgen.de\/index.php\/wp-json\/wp\/v2\/media\/258"}],"wp:attachment":[{"href":"https:\/\/www.schwarzwaldverein-st-georgen.de\/index.php\/wp-json\/wp\/v2\/media?parent=127"}],"curies":[{"name":"wp","href":"https:\/\/api.w.org\/{rel}","templated":true}]}}